{"id":115037,"date":"2026-05-05T13:49:22","date_gmt":"2026-05-05T16:49:22","guid":{"rendered":"https:\/\/www.hediyepazar.com\/?product=360-stereo-surround-sesli-tasinabilir-hoparlor"},"modified":"2026-05-05T13:49:22","modified_gmt":"2026-05-05T16:49:22","slug":"360-stereo-surround-sesli-tasinabilir-hoparlor","status":"publish","type":"product","link":"https:\/\/www.hediyepazar.com\/?product=360-stereo-surround-sesli-tasinabilir-hoparlor","title":{"rendered":"360\u00b0 Stereo Surround Sesli Ta\u015f\u0131nabilir Hoparl\u00f6r"},"content":{"rendered":"<p>Ta\u015f\u0131nabilir kablosuz Bluetooth hoparl\u00f6r, modern tasar\u0131m\u0131 ve g\u00fc\u00e7l\u00fc performans\u0131 ile her ortamda m\u00fczik keyfi sunar. 1200mAh pil kapasitesi ile uzun s\u00fcreli \u00e7alma s\u00fcresi sa\u011flar. RGB \u0131\u015f\u0131klar\u0131 sayesinde dinledi\u011finiz m\u00fczi\u011fe g\u00f6rsel bir boyut katar, partilerinizde ve bulu\u015fmalar\u0131n\u0131zda ambiyans\u0131 art\u0131r\u0131r. 8 saate kadar kesintisiz m\u00fczik deneyimi sunan hoparl\u00f6r, Bluetooth 5.0 ba\u011flant\u0131s\u0131 ile t\u00fcm cihazlarla kolayca uyum sa\u011flar. 360\u00b0 stereo surround ses teknolojisi sayesinde net tizler ve g\u00fc\u00e7l\u00fc baslar\u0131 bir arada sunar. Hafif ve kompakt yap\u0131s\u0131yla yan\u0131n\u0131zda kolayca ta\u015f\u0131yabilirsiniz. Dayan\u0131kl\u0131 malzemeden \u00fcretilmi\u015f olmas\u0131 uzun \u00f6m\u00fcrl\u00fc kullan\u0131m sa\u011flar. Dahili mikrofonu sayesinde aramalar\u0131n\u0131z\u0131 kolayl\u0131kla ger\u00e7ekle\u015ftirebilirsiniz.<\/p>\n","protected":false},"excerpt":{"rendered":"<p>Ta\u015f\u0131nabilir kablosuz Bluetooth hoparl\u00f6r, modern tasar\u0131m\u0131 ve g\u00fc\u00e7l\u00fc performans\u0131 ile her ortamda m\u00fczik keyfi sunar. 1200mAh pil kapasitesi ile uzun s\u00fcreli \u00e7alma s\u00fcresi sa\u011flar. RGB \u0131\u015f\u0131klar\u0131 sayesinde dinledi\u011finiz m\u00fczi\u011fe g\u00f6rsel bir boyut katar, partilerinizde ve bulu\u015fmalar\u0131n\u0131zda ambiyans\u0131 art\u0131r\u0131r. 8 saate kadar kesintisiz m\u00fczik deneyimi sunan hoparl\u00f6r, Bluetooth 5.0 ba\u011flant\u0131s\u0131 ile t\u00fcm cihazlarla kolayca uyum sa\u011flar&#8230;.<\/p>\n","protected":false},"featured_media":115036,"comment_status":"open","ping_status":"closed","template":"","meta":{"_kad_post_transparent":"","_kad_post_title":"","_kad_post_layout":"","_kad_post_sidebar_id":"","_kad_post_content_style":"","_kad_post_vertical_padding":"","_kad_post_feature":"","_kad_post_feature_position":"","_kad_post_header":false,"_kad_post_footer":false,"_kad_post_classname":""},"product_brand":[],"product_cat":[14911],"product_tag":[],"class_list":{"0":"post-115037","1":"product","2":"type-product","3":"status-publish","4":"has-post-thumbnail","6":"product_cat-kablosuz-hoparlor-kablosuz-hoparlor","8":"first","9":"instock","10":"purchasable","11":"product-type-simple","12":"entry","13":"content-bg","14":"loop-entry"},"_links":{"self":[{"href":"https:\/\/www.hediyepazar.com\/index.php?rest_route=\/wp\/v2\/product\/115037","targetHints":{"allow":["GET"]}}],"collection":[{"href":"https:\/\/www.hediyepazar.com\/index.php?rest_route=\/wp\/v2\/product"}],"about":[{"href":"https:\/\/www.hediyepazar.com\/index.php?rest_route=\/wp\/v2\/types\/product"}],"replies":[{"embeddable":true,"href":"https:\/\/www.hediyepazar.com\/index.php?rest_route=%2Fwp%2Fv2%2Fcomments&post=115037"}],"wp:featuredmedia":[{"embeddable":true,"href":"https:\/\/www.hediyepazar.com\/index.php?rest_route=\/wp\/v2\/media\/115036"}],"wp:attachment":[{"href":"https:\/\/www.hediyepazar.com\/index.php?rest_route=%2Fwp%2Fv2%2Fmedia&parent=115037"}],"wp:term":[{"taxonomy":"product_brand","embeddable":true,"href":"https:\/\/www.hediyepazar.com\/index.php?rest_route=%2Fwp%2Fv2%2Fproduct_brand&post=115037"},{"taxonomy":"product_cat","embeddable":true,"href":"https:\/\/www.hediyepazar.com\/index.php?rest_route=%2Fwp%2Fv2%2Fproduct_cat&post=115037"},{"taxonomy":"product_tag","embeddable":true,"href":"https:\/\/www.hediyepazar.com\/index.php?rest_route=%2Fwp%2Fv2%2Fproduct_tag&post=115037"}],"curies":[{"name":"wp","href":"https:\/\/api.w.org\/{rel}","templated":true}]}}