{"id":115045,"date":"2026-05-05T13:49:43","date_gmt":"2026-05-05T16:49:43","guid":{"rendered":"https:\/\/www.hediyepazar.com\/?product=4-0-inc-dokunmatik-ekranli-akilli-ceviri-cihazi"},"modified":"2026-05-05T13:49:43","modified_gmt":"2026-05-05T16:49:43","slug":"4-0-inc-dokunmatik-ekranli-akilli-ceviri-cihazi","status":"publish","type":"product","link":"https:\/\/www.hediyepazar.com\/?product=4-0-inc-dokunmatik-ekranli-akilli-ceviri-cihazi","title":{"rendered":"4.0 \u0130n\u00e7 Dokunmatik Ekranl\u0131 Ak\u0131ll\u0131 \u00c7eviri Cihaz\u0131"},"content":{"rendered":"<p>\u00c7ok dilli ileti\u015fimde en g\u00fcvenilir \u00e7\u00f6z\u00fcm! Ta\u015f\u0131nabilir sesli \u00e7eviri cihaz\u0131, 138 dilde online \u00e7eviri yapabilme \u00f6zelli\u011finin yan\u0131nda 17 dili \u00e7evrimd\u0131\u015f\u0131 olarak destekler. Seyahatlerde internet ba\u011flant\u0131s\u0131 olmasa bile \u00e7eviri yapabilme \u00f6zg\u00fcrl\u00fc\u011f\u00fc sunar. 4.0 in\u00e7 IPS dokunmatik ekran\u0131, net g\u00f6r\u00fcnt\u00fc kalitesi ve kolay kullan\u0131m sa\u011flar. Konu\u015fma \u00e7evirisi, y\u00fcz y\u00fcze ileti\u015fim, tek t\u0131kla an\u0131nda \u00e7eviri ve foto\u011fraf tan\u0131ma gibi geli\u015fmi\u015f fonksiyonlar\u0131yla \u00e7ok y\u00f6nl\u00fcd\u00fcr. 1500mAh kapasiteli bataryas\u0131 sayesinde uzun s\u00fcreli kullan\u0131m imkan\u0131 verir. USB \u015farj giri\u015fiyle h\u0131zl\u0131ca \u015farj edilebilir. Hafif ve ta\u015f\u0131nabilir yap\u0131s\u0131yla yan\u0131n\u0131zda kolayca ta\u015f\u0131yabilirsiniz. Al\u00fcminyum ala\u015f\u0131ml\u0131 sa\u011flam g\u00f6vdesi \u015f\u0131kl\u0131\u011f\u0131 ve dayan\u0131kl\u0131l\u0131\u011f\u0131 bir arada sunar. \u0130\u015f toplant\u0131lar\u0131ndan yurtd\u0131\u015f\u0131 seyahatlerine kadar her durumda g\u00fcvenle kullanabilece\u011finiz profesyonel bir terc\u00fcman alternatifi olarak \u00f6ne \u00e7\u0131kar.<\/p>\n","protected":false},"excerpt":{"rendered":"<p>\u00c7ok dilli ileti\u015fimde en g\u00fcvenilir \u00e7\u00f6z\u00fcm! Ta\u015f\u0131nabilir sesli \u00e7eviri cihaz\u0131, 138 dilde online \u00e7eviri yapabilme \u00f6zelli\u011finin yan\u0131nda 17 dili \u00e7evrimd\u0131\u015f\u0131 olarak destekler. Seyahatlerde internet ba\u011flant\u0131s\u0131 olmasa bile \u00e7eviri yapabilme \u00f6zg\u00fcrl\u00fc\u011f\u00fc sunar. 4.0 in\u00e7 IPS dokunmatik ekran\u0131, net g\u00f6r\u00fcnt\u00fc kalitesi ve kolay kullan\u0131m sa\u011flar. Konu\u015fma \u00e7evirisi, y\u00fcz y\u00fcze ileti\u015fim, tek t\u0131kla an\u0131nda \u00e7eviri ve foto\u011fraf tan\u0131ma&#8230;<\/p>\n","protected":false},"featured_media":115044,"comment_status":"open","ping_status":"closed","template":"","meta":{"_kad_post_transparent":"","_kad_post_title":"","_kad_post_layout":"","_kad_post_sidebar_id":"","_kad_post_content_style":"","_kad_post_vertical_padding":"","_kad_post_feature":"","_kad_post_feature_position":"","_kad_post_header":false,"_kad_post_footer":false,"_kad_post_classname":""},"product_brand":[],"product_cat":[15064],"product_tag":[],"class_list":{"0":"post-115045","1":"product","2":"type-product","3":"status-publish","4":"has-post-thumbnail","6":"product_cat-akilli-ceviri-cihazi-akilli-ceviri-cihazi","8":"first","9":"instock","10":"purchasable","11":"product-type-simple","12":"entry","13":"content-bg","14":"loop-entry"},"_links":{"self":[{"href":"https:\/\/www.hediyepazar.com\/index.php?rest_route=\/wp\/v2\/product\/115045","targetHints":{"allow":["GET"]}}],"collection":[{"href":"https:\/\/www.hediyepazar.com\/index.php?rest_route=\/wp\/v2\/product"}],"about":[{"href":"https:\/\/www.hediyepazar.com\/index.php?rest_route=\/wp\/v2\/types\/product"}],"replies":[{"embeddable":true,"href":"https:\/\/www.hediyepazar.com\/index.php?rest_route=%2Fwp%2Fv2%2Fcomments&post=115045"}],"wp:featuredmedia":[{"embeddable":true,"href":"https:\/\/www.hediyepazar.com\/index.php?rest_route=\/wp\/v2\/media\/115044"}],"wp:attachment":[{"href":"https:\/\/www.hediyepazar.com\/index.php?rest_route=%2Fwp%2Fv2%2Fmedia&parent=115045"}],"wp:term":[{"taxonomy":"product_brand","embeddable":true,"href":"https:\/\/www.hediyepazar.com\/index.php?rest_route=%2Fwp%2Fv2%2Fproduct_brand&post=115045"},{"taxonomy":"product_cat","embeddable":true,"href":"https:\/\/www.hediyepazar.com\/index.php?rest_route=%2Fwp%2Fv2%2Fproduct_cat&post=115045"},{"taxonomy":"product_tag","embeddable":true,"href":"https:\/\/www.hediyepazar.com\/index.php?rest_route=%2Fwp%2Fv2%2Fproduct_tag&post=115045"}],"curies":[{"name":"wp","href":"https:\/\/api.w.org\/{rel}","templated":true}]}}