{"id":115047,"date":"2026-05-05T13:50:00","date_gmt":"2026-05-05T16:50:00","guid":{"rendered":"https:\/\/www.hediyepazar.com\/?product=4-0-inc-dokunmatik-ekranli-akilli-ceviri-cihazi-2"},"modified":"2026-05-05T13:50:00","modified_gmt":"2026-05-05T16:50:00","slug":"4-0-inc-dokunmatik-ekranli-akilli-ceviri-cihazi-2","status":"publish","type":"product","link":"https:\/\/www.hediyepazar.com\/?product=4-0-inc-dokunmatik-ekranli-akilli-ceviri-cihazi-2","title":{"rendered":"4.0 \u0130n\u00e7 Dokunmatik Ekranl\u0131 Ak\u0131ll\u0131 \u00c7eviri Cihaz\u0131"},"content":{"rendered":"<p>Seyahatlerinizde veya i\u015f toplant\u0131lar\u0131n\u0131zda dil engelini ortadan kald\u0131r\u0131n! Bu ak\u0131ll\u0131 \u00e7evirmen cihaz\u0131, 139 dilde \u00e7evrimi\u00e7i ve 17 dilde \u00e7evrimd\u0131\u015f\u0131 \u00e7eviri yapabilme \u00f6zelli\u011fiyle \u00f6ne \u00e7\u0131kar. IPS teknolojisine sahip 4.0 in\u00e7 ekran\u0131 sayesinde net ve kolay kullan\u0131m imkan\u0131 sunar. Wifi ba\u011flant\u0131s\u0131 ile h\u0131zl\u0131 \u00e7eviri yapabilir, otomatik odaklama \u00f6zelli\u011fi sayesinde foto\u011fraf \u00fczerinden metinleri an\u0131nda \u00e7evirebilirsiniz. Sesli \u00e7eviri, y\u00fcz y\u00fcze ileti\u015fim modu ve e\u015fzamanl\u0131 yorumlama \u00f6zellikleriyle dil bariyerini tamamen ortadan kald\u0131r\u0131r. 1500mAh bataryas\u0131 uzun s\u00fcre kullan\u0131m sa\u011flar, USB kablosu ile kolayca \u015farj edilebilir. Dayan\u0131kl\u0131 al\u00fcminyum ala\u015f\u0131ml\u0131 g\u00f6vdesi uzun \u00f6m\u00fcrl\u00fcd\u00fcr. Hem Android hem de iOS uyumlu \u00e7al\u0131\u015farak kullan\u0131c\u0131ya esneklik sa\u011flar. K\u00fcresel kullan\u0131m i\u00e7in tasarlanan bu \u00e7eviri cihaz\u0131, yurtd\u0131\u015f\u0131 gezilerinizin vazge\u00e7ilmezi olacak.<\/p>\n","protected":false},"excerpt":{"rendered":"<p>Seyahatlerinizde veya i\u015f toplant\u0131lar\u0131n\u0131zda dil engelini ortadan kald\u0131r\u0131n! Bu ak\u0131ll\u0131 \u00e7evirmen cihaz\u0131, 139 dilde \u00e7evrimi\u00e7i ve 17 dilde \u00e7evrimd\u0131\u015f\u0131 \u00e7eviri yapabilme \u00f6zelli\u011fiyle \u00f6ne \u00e7\u0131kar. IPS teknolojisine sahip 4.0 in\u00e7 ekran\u0131 sayesinde net ve kolay kullan\u0131m imkan\u0131 sunar. Wifi ba\u011flant\u0131s\u0131 ile h\u0131zl\u0131 \u00e7eviri yapabilir, otomatik odaklama \u00f6zelli\u011fi sayesinde foto\u011fraf \u00fczerinden metinleri an\u0131nda \u00e7evirebilirsiniz. Sesli \u00e7eviri, y\u00fcz&#8230;<\/p>\n","protected":false},"featured_media":115046,"comment_status":"open","ping_status":"closed","template":"","meta":{"_kad_post_transparent":"","_kad_post_title":"","_kad_post_layout":"","_kad_post_sidebar_id":"","_kad_post_content_style":"","_kad_post_vertical_padding":"","_kad_post_feature":"","_kad_post_feature_position":"","_kad_post_header":false,"_kad_post_footer":false,"_kad_post_classname":""},"product_brand":[],"product_cat":[15064],"product_tag":[],"class_list":{"0":"post-115047","1":"product","2":"type-product","3":"status-publish","4":"has-post-thumbnail","6":"product_cat-akilli-ceviri-cihazi-akilli-ceviri-cihazi","8":"first","9":"instock","10":"purchasable","11":"product-type-simple","12":"entry","13":"content-bg","14":"loop-entry"},"_links":{"self":[{"href":"https:\/\/www.hediyepazar.com\/index.php?rest_route=\/wp\/v2\/product\/115047","targetHints":{"allow":["GET"]}}],"collection":[{"href":"https:\/\/www.hediyepazar.com\/index.php?rest_route=\/wp\/v2\/product"}],"about":[{"href":"https:\/\/www.hediyepazar.com\/index.php?rest_route=\/wp\/v2\/types\/product"}],"replies":[{"embeddable":true,"href":"https:\/\/www.hediyepazar.com\/index.php?rest_route=%2Fwp%2Fv2%2Fcomments&post=115047"}],"wp:featuredmedia":[{"embeddable":true,"href":"https:\/\/www.hediyepazar.com\/index.php?rest_route=\/wp\/v2\/media\/115046"}],"wp:attachment":[{"href":"https:\/\/www.hediyepazar.com\/index.php?rest_route=%2Fwp%2Fv2%2Fmedia&parent=115047"}],"wp:term":[{"taxonomy":"product_brand","embeddable":true,"href":"https:\/\/www.hediyepazar.com\/index.php?rest_route=%2Fwp%2Fv2%2Fproduct_brand&post=115047"},{"taxonomy":"product_cat","embeddable":true,"href":"https:\/\/www.hediyepazar.com\/index.php?rest_route=%2Fwp%2Fv2%2Fproduct_cat&post=115047"},{"taxonomy":"product_tag","embeddable":true,"href":"https:\/\/www.hediyepazar.com\/index.php?rest_route=%2Fwp%2Fv2%2Fproduct_tag&post=115047"}],"curies":[{"name":"wp","href":"https:\/\/api.w.org\/{rel}","templated":true}]}}