{"id":115049,"date":"2026-05-05T13:50:06","date_gmt":"2026-05-05T16:50:06","guid":{"rendered":"https:\/\/www.hediyepazar.com\/?product=139-dil-destekli-tasinabilir-sesli-cevirmen-cihazi"},"modified":"2026-05-05T13:50:06","modified_gmt":"2026-05-05T16:50:06","slug":"139-dil-destekli-tasinabilir-sesli-cevirmen-cihazi","status":"publish","type":"product","link":"https:\/\/www.hediyepazar.com\/?product=139-dil-destekli-tasinabilir-sesli-cevirmen-cihazi","title":{"rendered":"139 Dil Destekli Ta\u015f\u0131nabilir Sesli \u00c7evirmen Cihaz\u0131"},"content":{"rendered":"<p>D\u00fcnya ile ileti\u015fim kurman\u0131n en kolay yolu! Bu ta\u015f\u0131nabilir sesli \u00e7evirmen, 139 \u00e7evrimi\u00e7i dili desteklerken 17 dilde \u00e7evrimd\u0131\u015f\u0131 \u00e7eviri \u00f6zelli\u011fi sunar. 4.0 in\u00e7 IPS dokunmatik ekran\u0131 sayesinde kullan\u0131m son derece kolayd\u0131r. Sesli \u00e7eviri, metin \u00e7evirisi, foto\u011fraf tan\u0131ma ve y\u00fcz y\u00fcze ileti\u015fim gibi bir\u00e7ok fonksiyonu destekler. Tek t\u0131kla an\u0131nda \u00e7eviri yapabilen cihaz, i\u015f seyahatlerinde, e\u011fitimde ve yurtd\u0131\u015f\u0131 tatillerinde hayat\u0131n\u0131z\u0131 kolayla\u015ft\u0131r\u0131r. 1500mAh bataryas\u0131 uzun s\u00fcreli kullan\u0131m sunar, USB kablo ile h\u0131zl\u0131 \u015farj edilebilir. Al\u00fcminyum ala\u015f\u0131ml\u0131 g\u00f6vdesi dayan\u0131kl\u0131 ve \u015f\u0131k bir g\u00f6r\u00fcn\u00fcm kazand\u0131r\u0131r. Hem Android hem de iOS uyumlulu\u011fu sayesinde pratik bir \u015fekilde ba\u011flanabilir. Hafif ve kompakt tasar\u0131m\u0131 ile cebinizde veya \u00e7antan\u0131zda kolayca ta\u015f\u0131yabilirsiniz. K\u00fcresel ileti\u015fimi basit hale getiren bu \u00e7evirmen, her yerde yan\u0131n\u0131zda olacak en b\u00fcy\u00fck yard\u0131mc\u0131n\u0131z.<\/p>\n","protected":false},"excerpt":{"rendered":"<p>D\u00fcnya ile ileti\u015fim kurman\u0131n en kolay yolu! Bu ta\u015f\u0131nabilir sesli \u00e7evirmen, 139 \u00e7evrimi\u00e7i dili desteklerken 17 dilde \u00e7evrimd\u0131\u015f\u0131 \u00e7eviri \u00f6zelli\u011fi sunar. 4.0 in\u00e7 IPS dokunmatik ekran\u0131 sayesinde kullan\u0131m son derece kolayd\u0131r. Sesli \u00e7eviri, metin \u00e7evirisi, foto\u011fraf tan\u0131ma ve y\u00fcz y\u00fcze ileti\u015fim gibi bir\u00e7ok fonksiyonu destekler. Tek t\u0131kla an\u0131nda \u00e7eviri yapabilen cihaz, i\u015f seyahatlerinde, e\u011fitimde ve&#8230;<\/p>\n","protected":false},"featured_media":115048,"comment_status":"open","ping_status":"closed","template":"","meta":{"_kad_post_transparent":"","_kad_post_title":"","_kad_post_layout":"","_kad_post_sidebar_id":"","_kad_post_content_style":"","_kad_post_vertical_padding":"","_kad_post_feature":"","_kad_post_feature_position":"","_kad_post_header":false,"_kad_post_footer":false,"_kad_post_classname":""},"product_brand":[],"product_cat":[15064],"product_tag":[],"class_list":{"0":"post-115049","1":"product","2":"type-product","3":"status-publish","4":"has-post-thumbnail","6":"product_cat-akilli-ceviri-cihazi-akilli-ceviri-cihazi","8":"first","9":"instock","10":"purchasable","11":"product-type-simple","12":"entry","13":"content-bg","14":"loop-entry"},"_links":{"self":[{"href":"https:\/\/www.hediyepazar.com\/index.php?rest_route=\/wp\/v2\/product\/115049","targetHints":{"allow":["GET"]}}],"collection":[{"href":"https:\/\/www.hediyepazar.com\/index.php?rest_route=\/wp\/v2\/product"}],"about":[{"href":"https:\/\/www.hediyepazar.com\/index.php?rest_route=\/wp\/v2\/types\/product"}],"replies":[{"embeddable":true,"href":"https:\/\/www.hediyepazar.com\/index.php?rest_route=%2Fwp%2Fv2%2Fcomments&post=115049"}],"wp:featuredmedia":[{"embeddable":true,"href":"https:\/\/www.hediyepazar.com\/index.php?rest_route=\/wp\/v2\/media\/115048"}],"wp:attachment":[{"href":"https:\/\/www.hediyepazar.com\/index.php?rest_route=%2Fwp%2Fv2%2Fmedia&parent=115049"}],"wp:term":[{"taxonomy":"product_brand","embeddable":true,"href":"https:\/\/www.hediyepazar.com\/index.php?rest_route=%2Fwp%2Fv2%2Fproduct_brand&post=115049"},{"taxonomy":"product_cat","embeddable":true,"href":"https:\/\/www.hediyepazar.com\/index.php?rest_route=%2Fwp%2Fv2%2Fproduct_cat&post=115049"},{"taxonomy":"product_tag","embeddable":true,"href":"https:\/\/www.hediyepazar.com\/index.php?rest_route=%2Fwp%2Fv2%2Fproduct_tag&post=115049"}],"curies":[{"name":"wp","href":"https:\/\/api.w.org\/{rel}","templated":true}]}}