{"id":115061,"date":"2026-05-05T13:52:14","date_gmt":"2026-05-05T16:52:14","guid":{"rendered":"https:\/\/www.hediyepazar.com\/?product=ws-1955-bluetooth-hoparlor"},"modified":"2026-05-05T13:52:14","modified_gmt":"2026-05-05T16:52:14","slug":"ws-1955-bluetooth-hoparlor","status":"publish","type":"product","link":"https:\/\/www.hediyepazar.com\/?product=ws-1955-bluetooth-hoparlor","title":{"rendered":"WS-1955 Bluetooth Hoparl\u00f6r"},"content":{"rendered":"<p>\u015e\u0131kl\u0131k ve teknolojiyi birle\u015ftiren bu klasik otomobil tasar\u0131ml\u0131 hoparl\u00f6r, m\u00fczik keyfinizi benzersiz hale getirir. Ger\u00e7ek\u00e7i hareketli lastikleri, y\u00fcksek parlak boya ve LED \u0131\u015f\u0131klar\u0131yla detaylara verilen \u00f6nemi g\u00f6zler \u00f6n\u00fcne serer. A\u00e7\u0131ld\u0131\u011f\u0131nda motor sesi \u00e7\u0131kararak nostaljik bir atmosfer olu\u015fturur. 10W g\u00fc\u00e7l\u00fc ses \u00e7\u0131k\u0131\u015f\u0131 ile y\u00fcksek kaliteli m\u00fczik performans\u0131 sunar. Bluetooth ba\u011flant\u0131s\u0131 sayesinde kablosuz kullan\u0131m kolayl\u0131\u011f\u0131 sa\u011flar, ayr\u0131ca USB, SD kart, AUX giri\u015fi ve FM radyo deste\u011fiyle \u00e7ok y\u00f6nl\u00fc kullan\u0131m imkan\u0131 sunar. Wavesync (TWS) \u00f6zelli\u011fiyle iki hoparl\u00f6r e\u015fle\u015ftirilerek ger\u00e7ek stereo deneyim ya\u015fan\u0131r. 2000mAh bataryas\u0131 sayesinde 8 saate kadar kesintisiz m\u00fczik sunar ve Type-C ba\u011flant\u0131s\u0131 \u00fczerinden h\u0131zl\u0131 \u015farj edilebilir. Hafif ve kompakt tasar\u0131m\u0131yla ta\u015f\u0131mas\u0131 kolayd\u0131r. Hem estetik hem de i\u015flevsel bu hoparl\u00f6r, her m\u00fczik sever i\u00e7in vazge\u00e7ilmez bir se\u00e7imdir.<\/p>\n","protected":false},"excerpt":{"rendered":"<p>\u015e\u0131kl\u0131k ve teknolojiyi birle\u015ftiren bu klasik otomobil tasar\u0131ml\u0131 hoparl\u00f6r, m\u00fczik keyfinizi benzersiz hale getirir. Ger\u00e7ek\u00e7i hareketli lastikleri, y\u00fcksek parlak boya ve LED \u0131\u015f\u0131klar\u0131yla detaylara verilen \u00f6nemi g\u00f6zler \u00f6n\u00fcne serer. A\u00e7\u0131ld\u0131\u011f\u0131nda motor sesi \u00e7\u0131kararak nostaljik bir atmosfer olu\u015fturur. 10W g\u00fc\u00e7l\u00fc ses \u00e7\u0131k\u0131\u015f\u0131 ile y\u00fcksek kaliteli m\u00fczik performans\u0131 sunar. Bluetooth ba\u011flant\u0131s\u0131 sayesinde kablosuz kullan\u0131m kolayl\u0131\u011f\u0131 sa\u011flar, ayr\u0131ca&#8230;<\/p>\n","protected":false},"featured_media":115060,"comment_status":"open","ping_status":"closed","template":"","meta":{"_kad_post_transparent":"","_kad_post_title":"","_kad_post_layout":"","_kad_post_sidebar_id":"","_kad_post_content_style":"","_kad_post_vertical_padding":"","_kad_post_feature":"","_kad_post_feature_position":"","_kad_post_header":false,"_kad_post_footer":false,"_kad_post_classname":""},"product_brand":[],"product_cat":[14911],"product_tag":[],"class_list":{"0":"post-115061","1":"product","2":"type-product","3":"status-publish","4":"has-post-thumbnail","6":"product_cat-kablosuz-hoparlor-kablosuz-hoparlor","8":"first","9":"instock","10":"purchasable","11":"product-type-simple","12":"entry","13":"content-bg","14":"loop-entry"},"_links":{"self":[{"href":"https:\/\/www.hediyepazar.com\/index.php?rest_route=\/wp\/v2\/product\/115061","targetHints":{"allow":["GET"]}}],"collection":[{"href":"https:\/\/www.hediyepazar.com\/index.php?rest_route=\/wp\/v2\/product"}],"about":[{"href":"https:\/\/www.hediyepazar.com\/index.php?rest_route=\/wp\/v2\/types\/product"}],"replies":[{"embeddable":true,"href":"https:\/\/www.hediyepazar.com\/index.php?rest_route=%2Fwp%2Fv2%2Fcomments&post=115061"}],"wp:featuredmedia":[{"embeddable":true,"href":"https:\/\/www.hediyepazar.com\/index.php?rest_route=\/wp\/v2\/media\/115060"}],"wp:attachment":[{"href":"https:\/\/www.hediyepazar.com\/index.php?rest_route=%2Fwp%2Fv2%2Fmedia&parent=115061"}],"wp:term":[{"taxonomy":"product_brand","embeddable":true,"href":"https:\/\/www.hediyepazar.com\/index.php?rest_route=%2Fwp%2Fv2%2Fproduct_brand&post=115061"},{"taxonomy":"product_cat","embeddable":true,"href":"https:\/\/www.hediyepazar.com\/index.php?rest_route=%2Fwp%2Fv2%2Fproduct_cat&post=115061"},{"taxonomy":"product_tag","embeddable":true,"href":"https:\/\/www.hediyepazar.com\/index.php?rest_route=%2Fwp%2Fv2%2Fproduct_tag&post=115061"}],"curies":[{"name":"wp","href":"https:\/\/api.w.org\/{rel}","templated":true}]}}