{"id":115063,"date":"2026-05-05T13:52:20","date_gmt":"2026-05-05T16:52:20","guid":{"rendered":"https:\/\/www.hediyepazar.com\/?product=led-farli-10w-guclu-ses-cikisli-bluetooth-hoparlor"},"modified":"2026-05-05T13:52:20","modified_gmt":"2026-05-05T16:52:20","slug":"led-farli-10w-guclu-ses-cikisli-bluetooth-hoparlor","status":"publish","type":"product","link":"https:\/\/www.hediyepazar.com\/?product=led-farli-10w-guclu-ses-cikisli-bluetooth-hoparlor","title":{"rendered":"LED Farl\u0131 10W G\u00fc\u00e7l\u00fc Ses \u00c7\u0131k\u0131\u015fl\u0131 Bluetooth Hoparl\u00f6r"},"content":{"rendered":"<p>Nostaljik g\u00f6r\u00fcn\u00fcml\u00fc bu araba tasar\u0131ml\u0131 hoparl\u00f6r, sadece bir ses cihaz\u0131 de\u011fil ayn\u0131 zamanda dekoratif bir obje olarak da \u00f6ne \u00e7\u0131kar. LED \u0131\u015f\u0131klar\u0131, parlak krom detaylar\u0131 ve motor ses efektiyle klasik otomobil deneyimi ya\u015fat\u0131r. 10W ses \u00e7\u0131k\u0131\u015f\u0131 ile g\u00fc\u00e7l\u00fc, net ve y\u00fcksek kaliteli m\u00fczik performans\u0131 sunar. Bluetooth \u00f6zelli\u011fiyle kablosuz ba\u011flant\u0131 sa\u011flarken, USB, SD kart, AUX ve FM radyo deste\u011fiyle farkl\u0131 kaynaklardan m\u00fczik keyfi sunar. TWS fonksiyonu sayesinde ikinci bir hoparl\u00f6r ile e\u015fle\u015ftirilerek stereo ses elde edilebilir. 2000mAh bataryas\u0131yla uzun s\u00fcreli kullan\u0131m imkan\u0131 verir, Type-C \u015farj portuyla h\u0131zl\u0131 \u015farj edilebilir. Ta\u015f\u0131nabilir tasar\u0131m\u0131 sayesinde ister evde ister d\u0131\u015far\u0131da kullanabilirsiniz. Retro g\u00f6r\u00fcn\u00fcm\u00fc ve i\u015flevsel \u00f6zellikleriyle hem koleksiyon de\u011feri ta\u015f\u0131r hem de g\u00fcnl\u00fck m\u00fczik ihtiyac\u0131n\u0131z\u0131 kar\u015f\u0131lar.<\/p>\n","protected":false},"excerpt":{"rendered":"<p>Nostaljik g\u00f6r\u00fcn\u00fcml\u00fc bu araba tasar\u0131ml\u0131 hoparl\u00f6r, sadece bir ses cihaz\u0131 de\u011fil ayn\u0131 zamanda dekoratif bir obje olarak da \u00f6ne \u00e7\u0131kar. LED \u0131\u015f\u0131klar\u0131, parlak krom detaylar\u0131 ve motor ses efektiyle klasik otomobil deneyimi ya\u015fat\u0131r. 10W ses \u00e7\u0131k\u0131\u015f\u0131 ile g\u00fc\u00e7l\u00fc, net ve y\u00fcksek kaliteli m\u00fczik performans\u0131 sunar. Bluetooth \u00f6zelli\u011fiyle kablosuz ba\u011flant\u0131 sa\u011flarken, USB, SD kart, AUX ve&#8230;<\/p>\n","protected":false},"featured_media":115062,"comment_status":"open","ping_status":"closed","template":"","meta":{"_kad_post_transparent":"","_kad_post_title":"","_kad_post_layout":"","_kad_post_sidebar_id":"","_kad_post_content_style":"","_kad_post_vertical_padding":"","_kad_post_feature":"","_kad_post_feature_position":"","_kad_post_header":false,"_kad_post_footer":false,"_kad_post_classname":""},"product_brand":[],"product_cat":[14911],"product_tag":[],"class_list":{"0":"post-115063","1":"product","2":"type-product","3":"status-publish","4":"has-post-thumbnail","6":"product_cat-kablosuz-hoparlor-kablosuz-hoparlor","8":"first","9":"instock","10":"purchasable","11":"product-type-simple","12":"entry","13":"content-bg","14":"loop-entry"},"_links":{"self":[{"href":"https:\/\/www.hediyepazar.com\/index.php?rest_route=\/wp\/v2\/product\/115063","targetHints":{"allow":["GET"]}}],"collection":[{"href":"https:\/\/www.hediyepazar.com\/index.php?rest_route=\/wp\/v2\/product"}],"about":[{"href":"https:\/\/www.hediyepazar.com\/index.php?rest_route=\/wp\/v2\/types\/product"}],"replies":[{"embeddable":true,"href":"https:\/\/www.hediyepazar.com\/index.php?rest_route=%2Fwp%2Fv2%2Fcomments&post=115063"}],"wp:featuredmedia":[{"embeddable":true,"href":"https:\/\/www.hediyepazar.com\/index.php?rest_route=\/wp\/v2\/media\/115062"}],"wp:attachment":[{"href":"https:\/\/www.hediyepazar.com\/index.php?rest_route=%2Fwp%2Fv2%2Fmedia&parent=115063"}],"wp:term":[{"taxonomy":"product_brand","embeddable":true,"href":"https:\/\/www.hediyepazar.com\/index.php?rest_route=%2Fwp%2Fv2%2Fproduct_brand&post=115063"},{"taxonomy":"product_cat","embeddable":true,"href":"https:\/\/www.hediyepazar.com\/index.php?rest_route=%2Fwp%2Fv2%2Fproduct_cat&post=115063"},{"taxonomy":"product_tag","embeddable":true,"href":"https:\/\/www.hediyepazar.com\/index.php?rest_route=%2Fwp%2Fv2%2Fproduct_tag&post=115063"}],"curies":[{"name":"wp","href":"https:\/\/api.w.org\/{rel}","templated":true}]}}