{"id":115099,"date":"2026-05-05T13:58:08","date_gmt":"2026-05-05T16:58:08","guid":{"rendered":"https:\/\/www.hediyepazar.com\/?product=sik-tasarimli-siyah-beyaz-kablosuz-kulaklik-coklu-dil-destekli"},"modified":"2026-05-05T13:58:08","modified_gmt":"2026-05-05T16:58:08","slug":"sik-tasarimli-siyah-beyaz-kablosuz-kulaklik-coklu-dil-destekli","status":"publish","type":"product","link":"https:\/\/www.hediyepazar.com\/?product=sik-tasarimli-siyah-beyaz-kablosuz-kulaklik-coklu-dil-destekli","title":{"rendered":"\u015e\u0131k Tasar\u0131ml\u0131 Siyah Beyaz Kablosuz Kulakl\u0131k \u00c7oklu Dil Destekli"},"content":{"rendered":"<p>Bu kablosuz bluetooth kulakl\u0131k, yenilik\u00e7i tasar\u0131m\u0131 ve geli\u015fmi\u015f teknolojik \u00f6zellikleriyle kullan\u0131c\u0131lar\u0131na e\u015fsiz bir deneyim ya\u015fat\u0131r. Kayar kapakl\u0131 \u015farj kutusu, kulakl\u0131klar\u0131n\u0131z\u0131 hem korur hem de kolay eri\u015fim sa\u011flar. Dokunmatik ekran ile arama yan\u0131tlama, m\u00fczik kontrol\u00fc ve bildirim takibi yapabilir, t\u00fcm i\u015flemleri cep telefonunuza dokunmadan ger\u00e7ekle\u015ftirebilirsiniz. Aktif g\u00fcr\u00fclt\u00fc engelleme \u00f6zelli\u011fi sayesinde g\u00fcr\u00fclt\u00fcl\u00fc ortamlarda bile net bir ses kalitesi elde edersiniz. Stereo kanal sistemi ile g\u00fc\u00e7l\u00fc ve net bir ses deneyimi ya\u015fars\u0131n\u0131z. Bluetooth 5.4 teknolojisi, daha h\u0131zl\u0131 ve kararl\u0131 ba\u011flant\u0131 sunarken enerji tasarrufu da sa\u011flar. Uzun pil \u00f6mr\u00fc ile g\u00fcnl\u00fck kullan\u0131mda veya uzun yolculuklarda sizi yar\u0131 yolda b\u0131rakmaz. Siyah ve beyaz renk se\u00e7enekleri, estetik ve \u015f\u0131k bir g\u00f6r\u00fcn\u00fcm kazand\u0131r\u0131r. \u00c7oklu dil deste\u011fi sayesinde d\u00fcnya \u00e7ap\u0131nda rahat kullan\u0131m sa\u011flar. Hafif tasar\u0131m\u0131 (150 g) ve kompakt boyutlar\u0131 ile ta\u015f\u0131maya son derece uygundur. Yenilik\u00e7i, \u015f\u0131k ve fonksiyonel yap\u0131s\u0131yla modern teknolojinin en iyi \u00f6rneklerinden biridir.<\/p>\n","protected":false},"excerpt":{"rendered":"<p>Bu kablosuz bluetooth kulakl\u0131k, yenilik\u00e7i tasar\u0131m\u0131 ve geli\u015fmi\u015f teknolojik \u00f6zellikleriyle kullan\u0131c\u0131lar\u0131na e\u015fsiz bir deneyim ya\u015fat\u0131r. Kayar kapakl\u0131 \u015farj kutusu, kulakl\u0131klar\u0131n\u0131z\u0131 hem korur hem de kolay eri\u015fim sa\u011flar. Dokunmatik ekran ile arama yan\u0131tlama, m\u00fczik kontrol\u00fc ve bildirim takibi yapabilir, t\u00fcm i\u015flemleri cep telefonunuza dokunmadan ger\u00e7ekle\u015ftirebilirsiniz. Aktif g\u00fcr\u00fclt\u00fc engelleme \u00f6zelli\u011fi sayesinde g\u00fcr\u00fclt\u00fcl\u00fc ortamlarda bile net bir ses&#8230;<\/p>\n","protected":false},"featured_media":115098,"comment_status":"open","ping_status":"closed","template":"","meta":{"_kad_post_transparent":"","_kad_post_title":"","_kad_post_layout":"","_kad_post_sidebar_id":"","_kad_post_content_style":"","_kad_post_vertical_padding":"","_kad_post_feature":"","_kad_post_feature_position":"","_kad_post_header":false,"_kad_post_footer":false,"_kad_post_classname":""},"product_brand":[],"product_cat":[14957],"product_tag":[],"class_list":{"0":"post-115099","1":"product","2":"type-product","3":"status-publish","4":"has-post-thumbnail","6":"product_cat-kablosuz-kulaklik-kablosuz-kulaklik","8":"first","9":"instock","10":"purchasable","11":"product-type-simple","12":"entry","13":"content-bg","14":"loop-entry"},"_links":{"self":[{"href":"https:\/\/www.hediyepazar.com\/index.php?rest_route=\/wp\/v2\/product\/115099","targetHints":{"allow":["GET"]}}],"collection":[{"href":"https:\/\/www.hediyepazar.com\/index.php?rest_route=\/wp\/v2\/product"}],"about":[{"href":"https:\/\/www.hediyepazar.com\/index.php?rest_route=\/wp\/v2\/types\/product"}],"replies":[{"embeddable":true,"href":"https:\/\/www.hediyepazar.com\/index.php?rest_route=%2Fwp%2Fv2%2Fcomments&post=115099"}],"wp:featuredmedia":[{"embeddable":true,"href":"https:\/\/www.hediyepazar.com\/index.php?rest_route=\/wp\/v2\/media\/115098"}],"wp:attachment":[{"href":"https:\/\/www.hediyepazar.com\/index.php?rest_route=%2Fwp%2Fv2%2Fmedia&parent=115099"}],"wp:term":[{"taxonomy":"product_brand","embeddable":true,"href":"https:\/\/www.hediyepazar.com\/index.php?rest_route=%2Fwp%2Fv2%2Fproduct_brand&post=115099"},{"taxonomy":"product_cat","embeddable":true,"href":"https:\/\/www.hediyepazar.com\/index.php?rest_route=%2Fwp%2Fv2%2Fproduct_cat&post=115099"},{"taxonomy":"product_tag","embeddable":true,"href":"https:\/\/www.hediyepazar.com\/index.php?rest_route=%2Fwp%2Fv2%2Fproduct_tag&post=115099"}],"curies":[{"name":"wp","href":"https:\/\/api.w.org\/{rel}","templated":true}]}}