{"id":115103,"date":"2026-05-05T13:58:17","date_gmt":"2026-05-05T16:58:17","guid":{"rendered":"https:\/\/www.hediyepazar.com\/?product=gurultu-engelleyici-uzun-pil-omurlu-stereo-bluetooth-kulak-ici-kulaklik"},"modified":"2026-05-05T13:58:17","modified_gmt":"2026-05-05T16:58:17","slug":"gurultu-engelleyici-uzun-pil-omurlu-stereo-bluetooth-kulak-ici-kulaklik","status":"publish","type":"product","link":"https:\/\/www.hediyepazar.com\/?product=gurultu-engelleyici-uzun-pil-omurlu-stereo-bluetooth-kulak-ici-kulaklik","title":{"rendered":"G\u00fcr\u00fclt\u00fc Engelleyici Uzun Pil \u00d6m\u00fcrl\u00fc Stereo Bluetooth Kulak \u0130\u00e7i Kulakl\u0131k"},"content":{"rendered":"<p>\u015e\u0131k ve pratik kayar kapak tasar\u0131m\u0131 ile \u00f6ne \u00e7\u0131kan bu bluetooth kulakl\u0131k, sadece g\u00f6rsel a\u00e7\u0131dan de\u011fil, kullan\u0131m kolayl\u0131\u011f\u0131 a\u00e7\u0131s\u0131ndan da kullan\u0131c\u0131 dostudur. Kulakl\u0131k kutusunu tek hareketle a\u00e7\u0131p kapatabilir, kulakl\u0131klar\u0131n\u0131z\u0131 g\u00fcvenle saklarken ayn\u0131 zamanda h\u0131zl\u0131 eri\u015fim sa\u011flayabilirsiniz. Yerle\u015fik dokunmatik ekran, telefonunuza ihtiya\u00e7 duymadan m\u00fczik dinleme, arama yan\u0131tlama ve bildirimleri kontrol etme imkan\u0131 sunar. Aktif g\u00fcr\u00fclt\u00fc azaltma \u00f6zelli\u011fi, kalabal\u0131k ve g\u00fcr\u00fclt\u00fcl\u00fc ortamlarda bile net ses kalitesi sa\u011flar. Stereo kanal sistemi, g\u00fc\u00e7l\u00fc bass ve dengeli tizler ile m\u00fczik deneyiminizi daha keyifli hale getirir. Bluetooth 5.4 versiyonu ile daha h\u0131zl\u0131, stabil ve d\u00fc\u015f\u00fck enerji t\u00fcketimli ba\u011flant\u0131 elde edilir. Uzun pil \u00f6mr\u00fc, hem g\u00fcnl\u00fck kullan\u0131mda hem de seyahatlerde kesintisiz kullan\u0131m sa\u011flar. \u00c7oklu dil deste\u011fi, uluslararas\u0131 kullan\u0131c\u0131lar\u0131n ihtiya\u00e7lar\u0131n\u0131 kar\u015f\u0131lar. Kompakt boyutlar\u0131 (8x8x4 cm) ve 150 gram hafifli\u011fi ile ta\u015f\u0131nabilirlik a\u00e7\u0131s\u0131ndan son derece idealdir. Modern ya\u015fam\u0131n gerekliliklerini kar\u015f\u0131layan bu kulakl\u0131k, \u015f\u0131kl\u0131\u011f\u0131, konforu ve teknolojiyi bir arada sunar.<\/p>\n","protected":false},"excerpt":{"rendered":"<p>\u015e\u0131k ve pratik kayar kapak tasar\u0131m\u0131 ile \u00f6ne \u00e7\u0131kan bu bluetooth kulakl\u0131k, sadece g\u00f6rsel a\u00e7\u0131dan de\u011fil, kullan\u0131m kolayl\u0131\u011f\u0131 a\u00e7\u0131s\u0131ndan da kullan\u0131c\u0131 dostudur. Kulakl\u0131k kutusunu tek hareketle a\u00e7\u0131p kapatabilir, kulakl\u0131klar\u0131n\u0131z\u0131 g\u00fcvenle saklarken ayn\u0131 zamanda h\u0131zl\u0131 eri\u015fim sa\u011flayabilirsiniz. Yerle\u015fik dokunmatik ekran, telefonunuza ihtiya\u00e7 duymadan m\u00fczik dinleme, arama yan\u0131tlama ve bildirimleri kontrol etme imkan\u0131 sunar. Aktif g\u00fcr\u00fclt\u00fc azaltma&#8230;<\/p>\n","protected":false},"featured_media":115102,"comment_status":"open","ping_status":"closed","template":"","meta":{"_kad_post_transparent":"","_kad_post_title":"","_kad_post_layout":"","_kad_post_sidebar_id":"","_kad_post_content_style":"","_kad_post_vertical_padding":"","_kad_post_feature":"","_kad_post_feature_position":"","_kad_post_header":false,"_kad_post_footer":false,"_kad_post_classname":""},"product_brand":[],"product_cat":[14957],"product_tag":[],"class_list":{"0":"post-115103","1":"product","2":"type-product","3":"status-publish","4":"has-post-thumbnail","6":"product_cat-kablosuz-kulaklik-kablosuz-kulaklik","8":"first","9":"instock","10":"purchasable","11":"product-type-simple","12":"entry","13":"content-bg","14":"loop-entry"},"_links":{"self":[{"href":"https:\/\/www.hediyepazar.com\/index.php?rest_route=\/wp\/v2\/product\/115103","targetHints":{"allow":["GET"]}}],"collection":[{"href":"https:\/\/www.hediyepazar.com\/index.php?rest_route=\/wp\/v2\/product"}],"about":[{"href":"https:\/\/www.hediyepazar.com\/index.php?rest_route=\/wp\/v2\/types\/product"}],"replies":[{"embeddable":true,"href":"https:\/\/www.hediyepazar.com\/index.php?rest_route=%2Fwp%2Fv2%2Fcomments&post=115103"}],"wp:featuredmedia":[{"embeddable":true,"href":"https:\/\/www.hediyepazar.com\/index.php?rest_route=\/wp\/v2\/media\/115102"}],"wp:attachment":[{"href":"https:\/\/www.hediyepazar.com\/index.php?rest_route=%2Fwp%2Fv2%2Fmedia&parent=115103"}],"wp:term":[{"taxonomy":"product_brand","embeddable":true,"href":"https:\/\/www.hediyepazar.com\/index.php?rest_route=%2Fwp%2Fv2%2Fproduct_brand&post=115103"},{"taxonomy":"product_cat","embeddable":true,"href":"https:\/\/www.hediyepazar.com\/index.php?rest_route=%2Fwp%2Fv2%2Fproduct_cat&post=115103"},{"taxonomy":"product_tag","embeddable":true,"href":"https:\/\/www.hediyepazar.com\/index.php?rest_route=%2Fwp%2Fv2%2Fproduct_tag&post=115103"}],"curies":[{"name":"wp","href":"https:\/\/api.w.org\/{rel}","templated":true}]}}