{"id":115119,"date":"2026-05-05T14:01:09","date_gmt":"2026-05-05T17:01:09","guid":{"rendered":"https:\/\/www.hediyepazar.com\/?product=3200r-dak-guclu-motorlu-masaj-cihazi"},"modified":"2026-05-05T14:01:09","modified_gmt":"2026-05-05T17:01:09","slug":"3200r-dak-guclu-motorlu-masaj-cihazi","status":"publish","type":"product","link":"https:\/\/www.hediyepazar.com\/?product=3200r-dak-guclu-motorlu-masaj-cihazi","title":{"rendered":"3200R\/Dak G\u00fc\u00e7l\u00fc Motorlu Masaj Cihaz\u0131"},"content":{"rendered":"<p>Modern ya\u015fam\u0131n vazge\u00e7ilmez ihtiya\u00e7lar\u0131ndan biri olan kas rahatlatma \u00e7\u00f6z\u00fcmleri aras\u0131nda \u00f6ne \u00e7\u0131kan bu mini masaj tabancas\u0131, g\u00fc\u00e7l\u00fc motoru ve ta\u015f\u0131nabilir tasar\u0131m\u0131 ile dikkat \u00e7eker. Y\u00fcksek titre\u015fim teknolojisi kaslar\u0131n derinlerine etki ederek sertli\u011fi azalt\u0131r, dola\u015f\u0131m\u0131 h\u0131zland\u0131r\u0131r ve v\u00fccudu din\u00e7 tutar. \u00d6zellikle spor sonras\u0131 yorgunluklar\u0131n azalt\u0131lmas\u0131nda etkili olan cihaz, g\u00fcnl\u00fck kullan\u0131mda da konfor sa\u011flar. 6 farkl\u0131 h\u0131z seviyesi ile masaj deneyimi ki\u015fiselle\u015ftirilebilir. 4 farkl\u0131 masaj ba\u015fl\u0131\u011f\u0131 sayesinde omuz, boyun, s\u0131rt, bacak ve eklem b\u00f6lgelerinde rahatl\u0131kla kullan\u0131labilir. Sessiz motor yap\u0131s\u0131 sayesinde evde, i\u015fte veya spor salonunda \u00e7evreyi rahats\u0131z etmeden kullan\u0131labilir. Type-C \u015farj giri\u015fi ile kolayca \u015farj olur ve uzun s\u00fcreli kullan\u0131m imkan\u0131 sunar. Ergonomik tasar\u0131m\u0131, kolay tutu\u015f sa\u011flayarak kullan\u0131m s\u0131ras\u0131nda ekstra konfor verir. Kompakt yap\u0131s\u0131 sayesinde \u00e7antada ta\u015f\u0131nabilir ve seyahatlerde yan\u0131n\u0131zdan ay\u0131rmak istemeyece\u011finiz bir cihaz haline gelir. Kas yorgunlu\u011funu azaltan ve v\u00fccuda enerji veren bu masaj tabancas\u0131, sa\u011fl\u0131kl\u0131 ya\u015fam\u0131n en pratik destek\u00e7isidir.<\/p>\n","protected":false},"excerpt":{"rendered":"<p>Modern ya\u015fam\u0131n vazge\u00e7ilmez ihtiya\u00e7lar\u0131ndan biri olan kas rahatlatma \u00e7\u00f6z\u00fcmleri aras\u0131nda \u00f6ne \u00e7\u0131kan bu mini masaj tabancas\u0131, g\u00fc\u00e7l\u00fc motoru ve ta\u015f\u0131nabilir tasar\u0131m\u0131 ile dikkat \u00e7eker. Y\u00fcksek titre\u015fim teknolojisi kaslar\u0131n derinlerine etki ederek sertli\u011fi azalt\u0131r, dola\u015f\u0131m\u0131 h\u0131zland\u0131r\u0131r ve v\u00fccudu din\u00e7 tutar. \u00d6zellikle spor sonras\u0131 yorgunluklar\u0131n azalt\u0131lmas\u0131nda etkili olan cihaz, g\u00fcnl\u00fck kullan\u0131mda da konfor sa\u011flar. 6 farkl\u0131 h\u0131z&#8230;<\/p>\n","protected":false},"featured_media":115118,"comment_status":"open","ping_status":"closed","template":"","meta":{"_kad_post_transparent":"","_kad_post_title":"","_kad_post_layout":"","_kad_post_sidebar_id":"","_kad_post_content_style":"","_kad_post_vertical_padding":"","_kad_post_feature":"","_kad_post_feature_position":"","_kad_post_header":false,"_kad_post_footer":false,"_kad_post_classname":""},"product_brand":[],"product_cat":[14939],"product_tag":[],"class_list":{"0":"post-115119","1":"product","2":"type-product","3":"status-publish","4":"has-post-thumbnail","6":"product_cat-masaj-cihazi-masaj-cihazi","8":"first","9":"instock","10":"purchasable","11":"product-type-simple","12":"entry","13":"content-bg","14":"loop-entry"},"_links":{"self":[{"href":"https:\/\/www.hediyepazar.com\/index.php?rest_route=\/wp\/v2\/product\/115119","targetHints":{"allow":["GET"]}}],"collection":[{"href":"https:\/\/www.hediyepazar.com\/index.php?rest_route=\/wp\/v2\/product"}],"about":[{"href":"https:\/\/www.hediyepazar.com\/index.php?rest_route=\/wp\/v2\/types\/product"}],"replies":[{"embeddable":true,"href":"https:\/\/www.hediyepazar.com\/index.php?rest_route=%2Fwp%2Fv2%2Fcomments&post=115119"}],"wp:featuredmedia":[{"embeddable":true,"href":"https:\/\/www.hediyepazar.com\/index.php?rest_route=\/wp\/v2\/media\/115118"}],"wp:attachment":[{"href":"https:\/\/www.hediyepazar.com\/index.php?rest_route=%2Fwp%2Fv2%2Fmedia&parent=115119"}],"wp:term":[{"taxonomy":"product_brand","embeddable":true,"href":"https:\/\/www.hediyepazar.com\/index.php?rest_route=%2Fwp%2Fv2%2Fproduct_brand&post=115119"},{"taxonomy":"product_cat","embeddable":true,"href":"https:\/\/www.hediyepazar.com\/index.php?rest_route=%2Fwp%2Fv2%2Fproduct_cat&post=115119"},{"taxonomy":"product_tag","embeddable":true,"href":"https:\/\/www.hediyepazar.com\/index.php?rest_route=%2Fwp%2Fv2%2Fproduct_tag&post=115119"}],"curies":[{"name":"wp","href":"https:\/\/api.w.org\/{rel}","templated":true}]}}