{"id":115123,"date":"2026-05-05T14:02:59","date_gmt":"2026-05-05T17:02:59","guid":{"rendered":"https:\/\/www.hediyepazar.com\/?product=sporcu-masaj-tabancasi-derin-doku-rahatlatici"},"modified":"2026-05-05T14:02:59","modified_gmt":"2026-05-05T17:02:59","slug":"sporcu-masaj-tabancasi-derin-doku-rahatlatici","status":"publish","type":"product","link":"https:\/\/www.hediyepazar.com\/?product=sporcu-masaj-tabancasi-derin-doku-rahatlatici","title":{"rendered":"Sporcu Masaj Tabancas\u0131 Derin Doku Rahatlat\u0131c\u0131"},"content":{"rendered":"<p>Spor sonras\u0131 toparlanmay\u0131 h\u0131zland\u0131ran ve g\u00fcnl\u00fck ya\u015famda kas sa\u011fl\u0131\u011f\u0131n\u0131 destekleyen bu mini masaj tabancas\u0131, modern ya\u015fam\u0131n ihtiya\u00e7lar\u0131na uygun olarak geli\u015ftirilmi\u015ftir. Derin titre\u015fim teknolojisi sayesinde kaslar\u0131n i\u00e7ine n\u00fcfuz ederek gerginli\u011fi azalt\u0131r, kan dola\u015f\u0131m\u0131n\u0131 art\u0131r\u0131r ve lenf sistemini destekler. 6 farkl\u0131 h\u0131z seviyesi sayesinde kullan\u0131c\u0131ya esnek bir masaj deneyimi sunar. D\u00fc\u015f\u00fck h\u0131zlar hassas b\u00f6lgelerde rahatlat\u0131c\u0131 bir masaj sa\u011flarken, y\u00fcksek h\u0131zlar yo\u011fun spor sonras\u0131 derin doku masaj\u0131 i\u00e7in idealdir. 4 de\u011fi\u015ftirilebilir ba\u015fl\u0131\u011f\u0131 ile omuz, boyun, s\u0131rt, bel, bacak ve eklem noktalar\u0131nda kullan\u0131labilir. Sessiz motoru ile evde, i\u015fte veya spor salonunda rahatl\u0131kla \u00e7al\u0131\u015ft\u0131r\u0131labilir. Ta\u015f\u0131nabilir yap\u0131s\u0131 ve ergonomik tutu\u015fu sayesinde uzun s\u00fcreli kullan\u0131mda bile konfor sa\u011flar. Type-C \u015farj \u00f6zelli\u011fi ile h\u0131zl\u0131ca \u015farj olur ve uzun s\u00fcre \u00e7al\u0131\u015f\u0131r. Hafif yap\u0131s\u0131yla seyahatlerde bile yan\u0131n\u0131zda ta\u015f\u0131yabilece\u011finiz bu pratik cihaz, sa\u011fl\u0131kl\u0131 ve din\u00e7 bir ya\u015fam i\u00e7in en ideal \u00e7\u00f6z\u00fcmlerden biridir.<\/p>\n","protected":false},"excerpt":{"rendered":"<p>Spor sonras\u0131 toparlanmay\u0131 h\u0131zland\u0131ran ve g\u00fcnl\u00fck ya\u015famda kas sa\u011fl\u0131\u011f\u0131n\u0131 destekleyen bu mini masaj tabancas\u0131, modern ya\u015fam\u0131n ihtiya\u00e7lar\u0131na uygun olarak geli\u015ftirilmi\u015ftir. Derin titre\u015fim teknolojisi sayesinde kaslar\u0131n i\u00e7ine n\u00fcfuz ederek gerginli\u011fi azalt\u0131r, kan dola\u015f\u0131m\u0131n\u0131 art\u0131r\u0131r ve lenf sistemini destekler. 6 farkl\u0131 h\u0131z seviyesi sayesinde kullan\u0131c\u0131ya esnek bir masaj deneyimi sunar. D\u00fc\u015f\u00fck h\u0131zlar hassas b\u00f6lgelerde rahatlat\u0131c\u0131 bir masaj&#8230;<\/p>\n","protected":false},"featured_media":115122,"comment_status":"open","ping_status":"closed","template":"","meta":{"_kad_post_transparent":"","_kad_post_title":"","_kad_post_layout":"","_kad_post_sidebar_id":"","_kad_post_content_style":"","_kad_post_vertical_padding":"","_kad_post_feature":"","_kad_post_feature_position":"","_kad_post_header":false,"_kad_post_footer":false,"_kad_post_classname":""},"product_brand":[],"product_cat":[14939],"product_tag":[],"class_list":{"0":"post-115123","1":"product","2":"type-product","3":"status-publish","4":"has-post-thumbnail","6":"product_cat-masaj-cihazi-masaj-cihazi","8":"first","9":"instock","10":"purchasable","11":"product-type-simple","12":"entry","13":"content-bg","14":"loop-entry"},"_links":{"self":[{"href":"https:\/\/www.hediyepazar.com\/index.php?rest_route=\/wp\/v2\/product\/115123","targetHints":{"allow":["GET"]}}],"collection":[{"href":"https:\/\/www.hediyepazar.com\/index.php?rest_route=\/wp\/v2\/product"}],"about":[{"href":"https:\/\/www.hediyepazar.com\/index.php?rest_route=\/wp\/v2\/types\/product"}],"replies":[{"embeddable":true,"href":"https:\/\/www.hediyepazar.com\/index.php?rest_route=%2Fwp%2Fv2%2Fcomments&post=115123"}],"wp:featuredmedia":[{"embeddable":true,"href":"https:\/\/www.hediyepazar.com\/index.php?rest_route=\/wp\/v2\/media\/115122"}],"wp:attachment":[{"href":"https:\/\/www.hediyepazar.com\/index.php?rest_route=%2Fwp%2Fv2%2Fmedia&parent=115123"}],"wp:term":[{"taxonomy":"product_brand","embeddable":true,"href":"https:\/\/www.hediyepazar.com\/index.php?rest_route=%2Fwp%2Fv2%2Fproduct_brand&post=115123"},{"taxonomy":"product_cat","embeddable":true,"href":"https:\/\/www.hediyepazar.com\/index.php?rest_route=%2Fwp%2Fv2%2Fproduct_cat&post=115123"},{"taxonomy":"product_tag","embeddable":true,"href":"https:\/\/www.hediyepazar.com\/index.php?rest_route=%2Fwp%2Fv2%2Fproduct_tag&post=115123"}],"curies":[{"name":"wp","href":"https:\/\/api.w.org\/{rel}","templated":true}]}}