{"id":115129,"date":"2026-05-05T14:03:17","date_gmt":"2026-05-05T17:03:17","guid":{"rendered":"https:\/\/www.hediyepazar.com\/?product=el-ve-ayak-bakimi-icin-profesyonel-12-bakim-seti"},"modified":"2026-05-05T14:03:17","modified_gmt":"2026-05-05T17:03:17","slug":"el-ve-ayak-bakimi-icin-profesyonel-12-bakim-seti","status":"publish","type":"product","link":"https:\/\/www.hediyepazar.com\/?product=el-ve-ayak-bakimi-icin-profesyonel-12-bakim-seti","title":{"rendered":"El ve Ayak Bak\u0131m\u0131 \u0130\u00e7in Profesyonel 12 Bak\u0131m Seti"},"content":{"rendered":"<p>Kompakt ve ta\u015f\u0131nabilir yap\u0131s\u0131 sayesinde bu bak\u0131m seti, diledi\u011finiz her yerde ki\u015fisel bak\u0131m\u0131n\u0131z\u0131 tamamlaman\u0131za olanak tan\u0131r. \u015e\u0131k deri \u00e7antas\u0131nda d\u00fczenli bir \u015fekilde saklanan aletler, paslanmaz \u00e7elikten \u00fcretilmi\u015ftir. Dayan\u0131kl\u0131l\u0131\u011f\u0131 ve kolay temizlenebilirli\u011fi ile uzun \u00f6m\u00fcrl\u00fc bir kullan\u0131m sunar. Setin i\u00e7eri\u011finde t\u0131rnak bak\u0131m\u0131 i\u00e7in farkl\u0131 boyutlarda makaslar ve t\u00f6rp\u00fc, akne i\u011fnesi, c\u0131mb\u0131z, pense, kulak \u00e7ekme aparat\u0131, manik\u00fcr b\u0131\u00e7a\u011f\u0131 ve \u00e7ok ama\u00e7l\u0131 makas yer almaktad\u0131r. Hem ki\u015fisel kullan\u0131m hem de sevdikleriniz i\u00e7in \u015f\u0131k bir hediye se\u00e7ene\u011fi olarak tercih edebilirsiniz.<\/p>\n","protected":false},"excerpt":{"rendered":"<p>Kompakt ve ta\u015f\u0131nabilir yap\u0131s\u0131 sayesinde bu bak\u0131m seti, diledi\u011finiz her yerde ki\u015fisel bak\u0131m\u0131n\u0131z\u0131 tamamlaman\u0131za olanak tan\u0131r. \u015e\u0131k deri \u00e7antas\u0131nda d\u00fczenli bir \u015fekilde saklanan aletler, paslanmaz \u00e7elikten \u00fcretilmi\u015ftir. Dayan\u0131kl\u0131l\u0131\u011f\u0131 ve kolay temizlenebilirli\u011fi ile uzun \u00f6m\u00fcrl\u00fc bir kullan\u0131m sunar. Setin i\u00e7eri\u011finde t\u0131rnak bak\u0131m\u0131 i\u00e7in farkl\u0131 boyutlarda makaslar ve t\u00f6rp\u00fc, akne i\u011fnesi, c\u0131mb\u0131z, pense, kulak \u00e7ekme aparat\u0131, manik\u00fcr&#8230;<\/p>\n","protected":false},"featured_media":115128,"comment_status":"open","ping_status":"closed","template":"","meta":{"_kad_post_transparent":"","_kad_post_title":"","_kad_post_layout":"","_kad_post_sidebar_id":"","_kad_post_content_style":"","_kad_post_vertical_padding":"","_kad_post_feature":"","_kad_post_feature_position":"","_kad_post_header":false,"_kad_post_footer":false,"_kad_post_classname":""},"product_brand":[],"product_cat":[14963],"product_tag":[],"class_list":{"0":"post-115129","1":"product","2":"type-product","3":"status-publish","4":"has-post-thumbnail","6":"product_cat-manikur-ve-pedikur-aletleri-manikur-ve-pedikur-aletleri","8":"first","9":"instock","10":"purchasable","11":"product-type-simple","12":"entry","13":"content-bg","14":"loop-entry"},"_links":{"self":[{"href":"https:\/\/www.hediyepazar.com\/index.php?rest_route=\/wp\/v2\/product\/115129","targetHints":{"allow":["GET"]}}],"collection":[{"href":"https:\/\/www.hediyepazar.com\/index.php?rest_route=\/wp\/v2\/product"}],"about":[{"href":"https:\/\/www.hediyepazar.com\/index.php?rest_route=\/wp\/v2\/types\/product"}],"replies":[{"embeddable":true,"href":"https:\/\/www.hediyepazar.com\/index.php?rest_route=%2Fwp%2Fv2%2Fcomments&post=115129"}],"wp:featuredmedia":[{"embeddable":true,"href":"https:\/\/www.hediyepazar.com\/index.php?rest_route=\/wp\/v2\/media\/115128"}],"wp:attachment":[{"href":"https:\/\/www.hediyepazar.com\/index.php?rest_route=%2Fwp%2Fv2%2Fmedia&parent=115129"}],"wp:term":[{"taxonomy":"product_brand","embeddable":true,"href":"https:\/\/www.hediyepazar.com\/index.php?rest_route=%2Fwp%2Fv2%2Fproduct_brand&post=115129"},{"taxonomy":"product_cat","embeddable":true,"href":"https:\/\/www.hediyepazar.com\/index.php?rest_route=%2Fwp%2Fv2%2Fproduct_cat&post=115129"},{"taxonomy":"product_tag","embeddable":true,"href":"https:\/\/www.hediyepazar.com\/index.php?rest_route=%2Fwp%2Fv2%2Fproduct_tag&post=115129"}],"curies":[{"name":"wp","href":"https:\/\/api.w.org\/{rel}","templated":true}]}}