{"id":115135,"date":"2026-05-05T14:05:17","date_gmt":"2026-05-05T17:05:17","guid":{"rendered":"https:\/\/www.hediyepazar.com\/?product=seyahat-icin-tasinabilir-deri-cantali-bakim-seti"},"modified":"2026-05-05T14:05:17","modified_gmt":"2026-05-05T17:05:17","slug":"seyahat-icin-tasinabilir-deri-cantali-bakim-seti","status":"publish","type":"product","link":"https:\/\/www.hediyepazar.com\/?product=seyahat-icin-tasinabilir-deri-cantali-bakim-seti","title":{"rendered":"Seyahat \u0130\u00e7in Ta\u015f\u0131nabilir Deri \u00c7antal\u0131 Bak\u0131m Seti"},"content":{"rendered":"<p>Profesyonel bak\u0131m kalitesini evinize ta\u015f\u0131yan bu 12 par\u00e7al\u0131k ki\u015fisel bak\u0131m seti, el ve ayak bak\u0131m\u0131n\u0131z\u0131 eksiksiz yapman\u0131z i\u00e7in tasarlanm\u0131\u015ft\u0131r. \u015e\u0131k deri \u00e7antas\u0131, t\u00fcm par\u00e7alar\u0131n d\u00fczenli \u015fekilde saklanmas\u0131n\u0131 sa\u011flarken ta\u015f\u0131nabilirli\u011fiyle \u00f6ne \u00e7\u0131kar. Set i\u00e7erisinde kulak \u00e7ekme aparat\u0131, pense, farkl\u0131 boyutlarda t\u0131rnak makaslar\u0131, t\u00f6rp\u00fc, c\u0131mb\u0131z, manik\u00fcr b\u0131\u00e7a\u011f\u0131, akne i\u011fnesi ve \u00e7ok ama\u00e7l\u0131 makas yer al\u0131r. Paslanmaz \u00e7elik malzemesi sayesinde uzun \u00f6m\u00fcrl\u00fcd\u00fcr ve korozyona kar\u015f\u0131 dayan\u0131kl\u0131d\u0131r. Seyahatlerde yan\u0131n\u0131zda rahatl\u0131kla ta\u015f\u0131yabilir, ki\u015fisel bak\u0131m\u0131n\u0131z\u0131 her yerde s\u00fcrd\u00fcrebilirsiniz.<\/p>\n","protected":false},"excerpt":{"rendered":"<p>Profesyonel bak\u0131m kalitesini evinize ta\u015f\u0131yan bu 12 par\u00e7al\u0131k ki\u015fisel bak\u0131m seti, el ve ayak bak\u0131m\u0131n\u0131z\u0131 eksiksiz yapman\u0131z i\u00e7in tasarlanm\u0131\u015ft\u0131r. \u015e\u0131k deri \u00e7antas\u0131, t\u00fcm par\u00e7alar\u0131n d\u00fczenli \u015fekilde saklanmas\u0131n\u0131 sa\u011flarken ta\u015f\u0131nabilirli\u011fiyle \u00f6ne \u00e7\u0131kar. Set i\u00e7erisinde kulak \u00e7ekme aparat\u0131, pense, farkl\u0131 boyutlarda t\u0131rnak makaslar\u0131, t\u00f6rp\u00fc, c\u0131mb\u0131z, manik\u00fcr b\u0131\u00e7a\u011f\u0131, akne i\u011fnesi ve \u00e7ok ama\u00e7l\u0131 makas yer al\u0131r. Paslanmaz \u00e7elik&#8230;<\/p>\n","protected":false},"featured_media":115134,"comment_status":"open","ping_status":"closed","template":"","meta":{"_kad_post_transparent":"","_kad_post_title":"","_kad_post_layout":"","_kad_post_sidebar_id":"","_kad_post_content_style":"","_kad_post_vertical_padding":"","_kad_post_feature":"","_kad_post_feature_position":"","_kad_post_header":false,"_kad_post_footer":false,"_kad_post_classname":""},"product_brand":[],"product_cat":[14963],"product_tag":[],"class_list":{"0":"post-115135","1":"product","2":"type-product","3":"status-publish","4":"has-post-thumbnail","6":"product_cat-manikur-ve-pedikur-aletleri-manikur-ve-pedikur-aletleri","8":"first","9":"instock","10":"purchasable","11":"product-type-simple","12":"entry","13":"content-bg","14":"loop-entry"},"_links":{"self":[{"href":"https:\/\/www.hediyepazar.com\/index.php?rest_route=\/wp\/v2\/product\/115135","targetHints":{"allow":["GET"]}}],"collection":[{"href":"https:\/\/www.hediyepazar.com\/index.php?rest_route=\/wp\/v2\/product"}],"about":[{"href":"https:\/\/www.hediyepazar.com\/index.php?rest_route=\/wp\/v2\/types\/product"}],"replies":[{"embeddable":true,"href":"https:\/\/www.hediyepazar.com\/index.php?rest_route=%2Fwp%2Fv2%2Fcomments&post=115135"}],"wp:featuredmedia":[{"embeddable":true,"href":"https:\/\/www.hediyepazar.com\/index.php?rest_route=\/wp\/v2\/media\/115134"}],"wp:attachment":[{"href":"https:\/\/www.hediyepazar.com\/index.php?rest_route=%2Fwp%2Fv2%2Fmedia&parent=115135"}],"wp:term":[{"taxonomy":"product_brand","embeddable":true,"href":"https:\/\/www.hediyepazar.com\/index.php?rest_route=%2Fwp%2Fv2%2Fproduct_brand&post=115135"},{"taxonomy":"product_cat","embeddable":true,"href":"https:\/\/www.hediyepazar.com\/index.php?rest_route=%2Fwp%2Fv2%2Fproduct_cat&post=115135"},{"taxonomy":"product_tag","embeddable":true,"href":"https:\/\/www.hediyepazar.com\/index.php?rest_route=%2Fwp%2Fv2%2Fproduct_tag&post=115135"}],"curies":[{"name":"wp","href":"https:\/\/api.w.org\/{rel}","templated":true}]}}