{"id":115137,"date":"2026-05-05T14:06:34","date_gmt":"2026-05-05T17:06:34","guid":{"rendered":"https:\/\/www.hediyepazar.com\/?product=paslanmaz-celik-cok-fonksiyonlu-12-manikur-seti"},"modified":"2026-05-05T14:06:34","modified_gmt":"2026-05-05T17:06:34","slug":"paslanmaz-celik-cok-fonksiyonlu-12-manikur-seti","status":"publish","type":"product","link":"https:\/\/www.hediyepazar.com\/?product=paslanmaz-celik-cok-fonksiyonlu-12-manikur-seti","title":{"rendered":"Paslanmaz \u00c7elik \u00c7ok Fonksiyonlu 12 Manik\u00fcr Seti"},"content":{"rendered":"<p>G\u00fcnl\u00fck bak\u0131m al\u0131\u015fkanl\u0131klar\u0131n\u0131z\u0131 pratik hale getiren bu \u00f6zel deri \u00e7antal\u0131 set, \u015f\u0131k tasar\u0131m\u0131 ve i\u015flevselli\u011fiyle dikkat \u00e7eker. Paslanmaz \u00e7elik malzemeden \u00fcretilmi\u015f par\u00e7alar\u0131 hijyenik, dayan\u0131kl\u0131 ve uzun \u00f6m\u00fcrl\u00fcd\u00fcr. \u0130\u00e7erisinde kulak \u00e7ekme aparat\u0131, \u00e7ok ama\u00e7l\u0131 makas, manik\u00fcr makas\u0131, \u00fc\u00e7 farkl\u0131 t\u0131rnak makas\u0131\/d\u00fczeltici, pense, c\u0131mb\u0131z, t\u00f6rp\u00fc, manik\u00fcr b\u0131\u00e7a\u011f\u0131, akne i\u011fnesi ve kir temizleme aparat\u0131 gibi farkl\u0131 ara\u00e7lar yer almaktad\u0131r. Kompakt boyutu sayesinde \u00e7antan\u0131zda rahatl\u0131kla ta\u015f\u0131yabilirsiniz. Evde, i\u015fte ya da seyahatlerde ki\u015fisel bak\u0131m\u0131n\u0131z\u0131 zahmetsizce yapman\u0131z\u0131 sa\u011flar.<\/p>\n","protected":false},"excerpt":{"rendered":"<p>G\u00fcnl\u00fck bak\u0131m al\u0131\u015fkanl\u0131klar\u0131n\u0131z\u0131 pratik hale getiren bu \u00f6zel deri \u00e7antal\u0131 set, \u015f\u0131k tasar\u0131m\u0131 ve i\u015flevselli\u011fiyle dikkat \u00e7eker. Paslanmaz \u00e7elik malzemeden \u00fcretilmi\u015f par\u00e7alar\u0131 hijyenik, dayan\u0131kl\u0131 ve uzun \u00f6m\u00fcrl\u00fcd\u00fcr. \u0130\u00e7erisinde kulak \u00e7ekme aparat\u0131, \u00e7ok ama\u00e7l\u0131 makas, manik\u00fcr makas\u0131, \u00fc\u00e7 farkl\u0131 t\u0131rnak makas\u0131\/d\u00fczeltici, pense, c\u0131mb\u0131z, t\u00f6rp\u00fc, manik\u00fcr b\u0131\u00e7a\u011f\u0131, akne i\u011fnesi ve kir temizleme aparat\u0131 gibi farkl\u0131 ara\u00e7lar yer&#8230;<\/p>\n","protected":false},"featured_media":115136,"comment_status":"open","ping_status":"closed","template":"","meta":{"_kad_post_transparent":"","_kad_post_title":"","_kad_post_layout":"","_kad_post_sidebar_id":"","_kad_post_content_style":"","_kad_post_vertical_padding":"","_kad_post_feature":"","_kad_post_feature_position":"","_kad_post_header":false,"_kad_post_footer":false,"_kad_post_classname":""},"product_brand":[],"product_cat":[14963],"product_tag":[],"class_list":{"0":"post-115137","1":"product","2":"type-product","3":"status-publish","4":"has-post-thumbnail","6":"product_cat-manikur-ve-pedikur-aletleri-manikur-ve-pedikur-aletleri","8":"first","9":"instock","10":"purchasable","11":"product-type-simple","12":"entry","13":"content-bg","14":"loop-entry"},"_links":{"self":[{"href":"https:\/\/www.hediyepazar.com\/index.php?rest_route=\/wp\/v2\/product\/115137","targetHints":{"allow":["GET"]}}],"collection":[{"href":"https:\/\/www.hediyepazar.com\/index.php?rest_route=\/wp\/v2\/product"}],"about":[{"href":"https:\/\/www.hediyepazar.com\/index.php?rest_route=\/wp\/v2\/types\/product"}],"replies":[{"embeddable":true,"href":"https:\/\/www.hediyepazar.com\/index.php?rest_route=%2Fwp%2Fv2%2Fcomments&post=115137"}],"wp:featuredmedia":[{"embeddable":true,"href":"https:\/\/www.hediyepazar.com\/index.php?rest_route=\/wp\/v2\/media\/115136"}],"wp:attachment":[{"href":"https:\/\/www.hediyepazar.com\/index.php?rest_route=%2Fwp%2Fv2%2Fmedia&parent=115137"}],"wp:term":[{"taxonomy":"product_brand","embeddable":true,"href":"https:\/\/www.hediyepazar.com\/index.php?rest_route=%2Fwp%2Fv2%2Fproduct_brand&post=115137"},{"taxonomy":"product_cat","embeddable":true,"href":"https:\/\/www.hediyepazar.com\/index.php?rest_route=%2Fwp%2Fv2%2Fproduct_cat&post=115137"},{"taxonomy":"product_tag","embeddable":true,"href":"https:\/\/www.hediyepazar.com\/index.php?rest_route=%2Fwp%2Fv2%2Fproduct_tag&post=115137"}],"curies":[{"name":"wp","href":"https:\/\/api.w.org\/{rel}","templated":true}]}}