{"id":115139,"date":"2026-05-05T14:06:42","date_gmt":"2026-05-05T17:06:42","guid":{"rendered":"https:\/\/www.hediyepazar.com\/?product=12-parcalik-ozel-deri-cantali-kisisel-bakim-seti"},"modified":"2026-05-05T14:06:42","modified_gmt":"2026-05-05T17:06:42","slug":"12-parcalik-ozel-deri-cantali-kisisel-bakim-seti","status":"publish","type":"product","link":"https:\/\/www.hediyepazar.com\/?product=12-parcalik-ozel-deri-cantali-kisisel-bakim-seti","title":{"rendered":"12 Par\u00e7al\u0131k \u00d6zel Deri \u00c7antal\u0131 Ki\u015fisel Bak\u0131m Seti"},"content":{"rendered":"<p>Kendi bak\u0131m\u0131n\u0131z\u0131 profesyonel d\u00fczeyde yapman\u0131za imkan tan\u0131yan bu \u00f6zel deri \u00e7antal\u0131 bak\u0131m seti, hem el hem de ayak bak\u0131m\u0131n\u0131z\u0131 kolayla\u015ft\u0131r\u0131r. Paslanmaz \u00e7elikten \u00fcretilmi\u015f dayan\u0131kl\u0131 aletleriyle uzun \u00f6m\u00fcrl\u00fc kullan\u0131m sa\u011flar. Setin i\u00e7erisinde kulak \u00e7ekme aparat\u0131, \u00e7ok ama\u00e7l\u0131 makas, manik\u00fcr makas\u0131, \u00fc\u00e7 farkl\u0131 t\u0131rnak makas\u0131\/d\u00fczeltici, pense, kir temizleme aparat\u0131, ka\u015f c\u0131mb\u0131z\u0131, manik\u00fcr b\u0131\u00e7a\u011f\u0131, t\u0131rnak t\u00f6rp\u00fcs\u00fc ve akne i\u011fnesi bulunmaktad\u0131r. Bu sayede ki\u015fisel bak\u0131m\u0131n\u0131z\u0131n t\u00fcm ad\u0131mlar\u0131n\u0131 tek set ile ger\u00e7ekle\u015ftirebilirsiniz. \u015e\u0131k deri \u00e7antas\u0131, hem par\u00e7alar\u0131n d\u00fczenli saklanmas\u0131n\u0131 sa\u011flar hem de ta\u015f\u0131may\u0131 kolayla\u015ft\u0131r\u0131r. Hafif ve kompakt yap\u0131s\u0131 sayesinde seyahatlerde yan\u0131n\u0131zda bulundurabilir, her yerde ki\u015fisel bak\u0131m\u0131n\u0131z\u0131 s\u00fcrd\u00fcrebilirsiniz.<\/p>\n","protected":false},"excerpt":{"rendered":"<p>Kendi bak\u0131m\u0131n\u0131z\u0131 profesyonel d\u00fczeyde yapman\u0131za imkan tan\u0131yan bu \u00f6zel deri \u00e7antal\u0131 bak\u0131m seti, hem el hem de ayak bak\u0131m\u0131n\u0131z\u0131 kolayla\u015ft\u0131r\u0131r. Paslanmaz \u00e7elikten \u00fcretilmi\u015f dayan\u0131kl\u0131 aletleriyle uzun \u00f6m\u00fcrl\u00fc kullan\u0131m sa\u011flar. Setin i\u00e7erisinde kulak \u00e7ekme aparat\u0131, \u00e7ok ama\u00e7l\u0131 makas, manik\u00fcr makas\u0131, \u00fc\u00e7 farkl\u0131 t\u0131rnak makas\u0131\/d\u00fczeltici, pense, kir temizleme aparat\u0131, ka\u015f c\u0131mb\u0131z\u0131, manik\u00fcr b\u0131\u00e7a\u011f\u0131, t\u0131rnak t\u00f6rp\u00fcs\u00fc ve akne&#8230;<\/p>\n","protected":false},"featured_media":115138,"comment_status":"open","ping_status":"closed","template":"","meta":{"_kad_post_transparent":"","_kad_post_title":"","_kad_post_layout":"","_kad_post_sidebar_id":"","_kad_post_content_style":"","_kad_post_vertical_padding":"","_kad_post_feature":"","_kad_post_feature_position":"","_kad_post_header":false,"_kad_post_footer":false,"_kad_post_classname":""},"product_brand":[],"product_cat":[14963],"product_tag":[],"class_list":{"0":"post-115139","1":"product","2":"type-product","3":"status-publish","4":"has-post-thumbnail","6":"product_cat-manikur-ve-pedikur-aletleri-manikur-ve-pedikur-aletleri","8":"first","9":"instock","10":"purchasable","11":"product-type-simple","12":"entry","13":"content-bg","14":"loop-entry"},"_links":{"self":[{"href":"https:\/\/www.hediyepazar.com\/index.php?rest_route=\/wp\/v2\/product\/115139","targetHints":{"allow":["GET"]}}],"collection":[{"href":"https:\/\/www.hediyepazar.com\/index.php?rest_route=\/wp\/v2\/product"}],"about":[{"href":"https:\/\/www.hediyepazar.com\/index.php?rest_route=\/wp\/v2\/types\/product"}],"replies":[{"embeddable":true,"href":"https:\/\/www.hediyepazar.com\/index.php?rest_route=%2Fwp%2Fv2%2Fcomments&post=115139"}],"wp:featuredmedia":[{"embeddable":true,"href":"https:\/\/www.hediyepazar.com\/index.php?rest_route=\/wp\/v2\/media\/115138"}],"wp:attachment":[{"href":"https:\/\/www.hediyepazar.com\/index.php?rest_route=%2Fwp%2Fv2%2Fmedia&parent=115139"}],"wp:term":[{"taxonomy":"product_brand","embeddable":true,"href":"https:\/\/www.hediyepazar.com\/index.php?rest_route=%2Fwp%2Fv2%2Fproduct_brand&post=115139"},{"taxonomy":"product_cat","embeddable":true,"href":"https:\/\/www.hediyepazar.com\/index.php?rest_route=%2Fwp%2Fv2%2Fproduct_cat&post=115139"},{"taxonomy":"product_tag","embeddable":true,"href":"https:\/\/www.hediyepazar.com\/index.php?rest_route=%2Fwp%2Fv2%2Fproduct_tag&post=115139"}],"curies":[{"name":"wp","href":"https:\/\/api.w.org\/{rel}","templated":true}]}}