{"id":115143,"date":"2026-05-05T14:07:00","date_gmt":"2026-05-05T17:07:00","guid":{"rendered":"https:\/\/www.hediyepazar.com\/?product=kompakt-ve-sik-tasarimli-17-parca-bakim-seti"},"modified":"2026-05-05T14:07:00","modified_gmt":"2026-05-05T17:07:00","slug":"kompakt-ve-sik-tasarimli-17-parca-bakim-seti","status":"publish","type":"product","link":"https:\/\/www.hediyepazar.com\/?product=kompakt-ve-sik-tasarimli-17-parca-bakim-seti","title":{"rendered":"Kompakt ve \u015e\u0131k Tasar\u0131ml\u0131 17 Par\u00e7a Bak\u0131m Seti"},"content":{"rendered":"<p>Kendi bak\u0131m\u0131n\u0131z\u0131 profesyonel d\u00fczeyde yapabilmeniz i\u00e7in \u00f6zel olarak tasarlanan bu 17 par\u00e7al\u0131k manik\u00fcr seti, dayan\u0131kl\u0131 paslanmaz \u00e7elikten \u00fcretilmi\u015ftir. Hijyenik yap\u0131s\u0131 sayesinde kolay temizlenebilir ve uzun s\u00fcre sorunsuz kullan\u0131labilir. Set i\u00e7erisinde farkl\u0131 boyutlarda t\u0131rnak makaslar\u0131, t\u00f6rp\u00fc, c\u0131mb\u0131z, pedik\u00fcr b\u0131\u00e7aklar\u0131, t\u0131rnak kald\u0131rma aparat\u0131 ve kulak temizleme aparat\u0131 gibi bak\u0131m ara\u00e7lar\u0131 yer al\u0131r. Yeni nesil siyah kaymaz parlatma teknolojisi, modern tasar\u0131m\u0131n yan\u0131 s\u0131ra kullan\u0131m kolayl\u0131\u011f\u0131 da sa\u011flar. \u015e\u0131k deri kaplama kutusu, t\u00fcm par\u00e7alar\u0131n d\u00fczenli saklanmas\u0131na yard\u0131mc\u0131 olur ve tek tu\u015fla kolayca a\u00e7\u0131l\u0131r. Hafif ve ta\u015f\u0131nabilir yap\u0131s\u0131yla \u00e7antan\u0131zda ta\u015f\u0131yabilir, seyahatlerde pratik kullan\u0131m sa\u011flayabilirsiniz. G\u00fcnl\u00fck ki\u015fisel bak\u0131m\u0131na \u00f6nem verenler i\u00e7in ideal, sevdiklerinize \u015f\u0131k bir hediye se\u00e7ene\u011fi olarak da tercih edilebilecek fonksiyonel bir settir.<\/p>\n","protected":false},"excerpt":{"rendered":"<p>Kendi bak\u0131m\u0131n\u0131z\u0131 profesyonel d\u00fczeyde yapabilmeniz i\u00e7in \u00f6zel olarak tasarlanan bu 17 par\u00e7al\u0131k manik\u00fcr seti, dayan\u0131kl\u0131 paslanmaz \u00e7elikten \u00fcretilmi\u015ftir. Hijyenik yap\u0131s\u0131 sayesinde kolay temizlenebilir ve uzun s\u00fcre sorunsuz kullan\u0131labilir. Set i\u00e7erisinde farkl\u0131 boyutlarda t\u0131rnak makaslar\u0131, t\u00f6rp\u00fc, c\u0131mb\u0131z, pedik\u00fcr b\u0131\u00e7aklar\u0131, t\u0131rnak kald\u0131rma aparat\u0131 ve kulak temizleme aparat\u0131 gibi bak\u0131m ara\u00e7lar\u0131 yer al\u0131r. Yeni nesil siyah kaymaz parlatma&#8230;<\/p>\n","protected":false},"featured_media":115142,"comment_status":"open","ping_status":"closed","template":"","meta":{"_kad_post_transparent":"","_kad_post_title":"","_kad_post_layout":"","_kad_post_sidebar_id":"","_kad_post_content_style":"","_kad_post_vertical_padding":"","_kad_post_feature":"","_kad_post_feature_position":"","_kad_post_header":false,"_kad_post_footer":false,"_kad_post_classname":""},"product_brand":[],"product_cat":[14963],"product_tag":[],"class_list":{"0":"post-115143","1":"product","2":"type-product","3":"status-publish","4":"has-post-thumbnail","6":"product_cat-manikur-ve-pedikur-aletleri-manikur-ve-pedikur-aletleri","8":"first","9":"instock","10":"purchasable","11":"product-type-simple","12":"entry","13":"content-bg","14":"loop-entry"},"_links":{"self":[{"href":"https:\/\/www.hediyepazar.com\/index.php?rest_route=\/wp\/v2\/product\/115143","targetHints":{"allow":["GET"]}}],"collection":[{"href":"https:\/\/www.hediyepazar.com\/index.php?rest_route=\/wp\/v2\/product"}],"about":[{"href":"https:\/\/www.hediyepazar.com\/index.php?rest_route=\/wp\/v2\/types\/product"}],"replies":[{"embeddable":true,"href":"https:\/\/www.hediyepazar.com\/index.php?rest_route=%2Fwp%2Fv2%2Fcomments&post=115143"}],"wp:featuredmedia":[{"embeddable":true,"href":"https:\/\/www.hediyepazar.com\/index.php?rest_route=\/wp\/v2\/media\/115142"}],"wp:attachment":[{"href":"https:\/\/www.hediyepazar.com\/index.php?rest_route=%2Fwp%2Fv2%2Fmedia&parent=115143"}],"wp:term":[{"taxonomy":"product_brand","embeddable":true,"href":"https:\/\/www.hediyepazar.com\/index.php?rest_route=%2Fwp%2Fv2%2Fproduct_brand&post=115143"},{"taxonomy":"product_cat","embeddable":true,"href":"https:\/\/www.hediyepazar.com\/index.php?rest_route=%2Fwp%2Fv2%2Fproduct_cat&post=115143"},{"taxonomy":"product_tag","embeddable":true,"href":"https:\/\/www.hediyepazar.com\/index.php?rest_route=%2Fwp%2Fv2%2Fproduct_tag&post=115143"}],"curies":[{"name":"wp","href":"https:\/\/api.w.org\/{rel}","templated":true}]}}