{"id":115145,"date":"2026-05-05T14:07:08","date_gmt":"2026-05-05T17:07:08","guid":{"rendered":"https:\/\/www.hediyepazar.com\/?product=profesyonel-paslanmaz-celik-manikur-pedikur-seti"},"modified":"2026-05-05T14:07:08","modified_gmt":"2026-05-05T17:07:08","slug":"profesyonel-paslanmaz-celik-manikur-pedikur-seti","status":"publish","type":"product","link":"https:\/\/www.hediyepazar.com\/?product=profesyonel-paslanmaz-celik-manikur-pedikur-seti","title":{"rendered":"Profesyonel Paslanmaz \u00c7elik Manik\u00fcr &#038; Pedik\u00fcr Seti"},"content":{"rendered":"<p>Profesyonel bak\u0131m kalitesini evinize getiren 17 par\u00e7al\u0131k manik\u00fcr seti, el ve ayak bak\u0131m\u0131nda ihtiyac\u0131n\u0131z olan t\u00fcm ara\u00e7lar\u0131 bir arada sunar. Paslanmaz \u00e7elikten \u00fcretilmi\u015f aletleriyle dayan\u0131kl\u0131 ve hijyenik bir kullan\u0131m sa\u011flar. Korozyona dayan\u0131kl\u0131 yap\u0131s\u0131 uzun \u00f6m\u00fcrl\u00fc kullan\u0131m sunarken, keskinli\u011fi sayesinde pratik ve net sonu\u00e7lar alman\u0131za yard\u0131mc\u0131 olur. \u0130\u00e7eri\u011finde farkl\u0131 boyutlarda t\u0131rnak makaslar\u0131, t\u00f6rp\u00fc, c\u0131mb\u0131z, pedik\u00fcr b\u0131\u00e7aklar\u0131, t\u0131rnak kald\u0131rma aparat\u0131 ve kulak temizleme aparat\u0131 yer al\u0131r. Yeni nesil siyah kaymaz kaplama teknolojisi, aletlerin kaymadan kullan\u0131lmas\u0131n\u0131 sa\u011flar. \u00d6zel deri kaplama kutusu, \u015f\u0131k g\u00f6r\u00fcn\u00fcm\u00fcyle par\u00e7alar\u0131 d\u00fczenli \u015fekilde saklaman\u0131za imkan tan\u0131r. Hafif ve kompakt yap\u0131s\u0131yla \u00e7antan\u0131zda kolayca ta\u015f\u0131yabilir, seyahatlerde yan\u0131n\u0131zda bulundurabilirsiniz. G\u00fcnl\u00fck kullan\u0131m i\u00e7in ideal olan bu set, hediye se\u00e7ene\u011fi olarak da \u00f6ne \u00e7\u0131kar.<\/p>\n","protected":false},"excerpt":{"rendered":"<p>Profesyonel bak\u0131m kalitesini evinize getiren 17 par\u00e7al\u0131k manik\u00fcr seti, el ve ayak bak\u0131m\u0131nda ihtiyac\u0131n\u0131z olan t\u00fcm ara\u00e7lar\u0131 bir arada sunar. Paslanmaz \u00e7elikten \u00fcretilmi\u015f aletleriyle dayan\u0131kl\u0131 ve hijyenik bir kullan\u0131m sa\u011flar. Korozyona dayan\u0131kl\u0131 yap\u0131s\u0131 uzun \u00f6m\u00fcrl\u00fc kullan\u0131m sunarken, keskinli\u011fi sayesinde pratik ve net sonu\u00e7lar alman\u0131za yard\u0131mc\u0131 olur. \u0130\u00e7eri\u011finde farkl\u0131 boyutlarda t\u0131rnak makaslar\u0131, t\u00f6rp\u00fc, c\u0131mb\u0131z, pedik\u00fcr b\u0131\u00e7aklar\u0131,&#8230;<\/p>\n","protected":false},"featured_media":115144,"comment_status":"open","ping_status":"closed","template":"","meta":{"_kad_post_transparent":"","_kad_post_title":"","_kad_post_layout":"","_kad_post_sidebar_id":"","_kad_post_content_style":"","_kad_post_vertical_padding":"","_kad_post_feature":"","_kad_post_feature_position":"","_kad_post_header":false,"_kad_post_footer":false,"_kad_post_classname":""},"product_brand":[],"product_cat":[14963],"product_tag":[],"class_list":{"0":"post-115145","1":"product","2":"type-product","3":"status-publish","4":"has-post-thumbnail","6":"product_cat-manikur-ve-pedikur-aletleri-manikur-ve-pedikur-aletleri","8":"first","9":"instock","10":"purchasable","11":"product-type-simple","12":"entry","13":"content-bg","14":"loop-entry"},"_links":{"self":[{"href":"https:\/\/www.hediyepazar.com\/index.php?rest_route=\/wp\/v2\/product\/115145","targetHints":{"allow":["GET"]}}],"collection":[{"href":"https:\/\/www.hediyepazar.com\/index.php?rest_route=\/wp\/v2\/product"}],"about":[{"href":"https:\/\/www.hediyepazar.com\/index.php?rest_route=\/wp\/v2\/types\/product"}],"replies":[{"embeddable":true,"href":"https:\/\/www.hediyepazar.com\/index.php?rest_route=%2Fwp%2Fv2%2Fcomments&post=115145"}],"wp:featuredmedia":[{"embeddable":true,"href":"https:\/\/www.hediyepazar.com\/index.php?rest_route=\/wp\/v2\/media\/115144"}],"wp:attachment":[{"href":"https:\/\/www.hediyepazar.com\/index.php?rest_route=%2Fwp%2Fv2%2Fmedia&parent=115145"}],"wp:term":[{"taxonomy":"product_brand","embeddable":true,"href":"https:\/\/www.hediyepazar.com\/index.php?rest_route=%2Fwp%2Fv2%2Fproduct_brand&post=115145"},{"taxonomy":"product_cat","embeddable":true,"href":"https:\/\/www.hediyepazar.com\/index.php?rest_route=%2Fwp%2Fv2%2Fproduct_cat&post=115145"},{"taxonomy":"product_tag","embeddable":true,"href":"https:\/\/www.hediyepazar.com\/index.php?rest_route=%2Fwp%2Fv2%2Fproduct_tag&post=115145"}],"curies":[{"name":"wp","href":"https:\/\/api.w.org\/{rel}","templated":true}]}}