{"id":115149,"date":"2026-05-05T14:07:21","date_gmt":"2026-05-05T17:07:21","guid":{"rendered":"https:\/\/www.hediyepazar.com\/?product=siyah-kaymaz-teknolojili-el-ve-ayak-bakim-seti"},"modified":"2026-05-05T14:07:21","modified_gmt":"2026-05-05T17:07:21","slug":"siyah-kaymaz-teknolojili-el-ve-ayak-bakim-seti","status":"publish","type":"product","link":"https:\/\/www.hediyepazar.com\/?product=siyah-kaymaz-teknolojili-el-ve-ayak-bakim-seti","title":{"rendered":"Siyah Kaymaz Teknolojili El ve Ayak Bak\u0131m Seti"},"content":{"rendered":"<p>Kendi bak\u0131m\u0131n\u0131z\u0131 profesyonel kalitede yapman\u0131za imkan tan\u0131yan bu 17 par\u00e7al\u0131k manik\u00fcr seti, dayan\u0131kl\u0131 paslanmaz \u00e7elik malzemeden \u00fcretilmi\u015ftir. Hijyenik ve uzun \u00f6m\u00fcrl\u00fc kullan\u0131m\u0131 sayesinde hem el hem ayak bak\u0131m\u0131nda size tam destek sunar. Setin i\u00e7erisinde bulunan farkl\u0131 boyutlarda t\u0131rnak makaslar\u0131, t\u00f6rp\u00fc, c\u0131mb\u0131z, pedik\u00fcr b\u0131\u00e7aklar\u0131, t\u0131rnak kald\u0131rma aparat\u0131 ve kulak temizleme aparat\u0131 gibi aletler, her ihtiyac\u0131n\u0131z\u0131 kar\u015f\u0131layacak \u015fekilde tasarlanm\u0131\u015ft\u0131r. Yeni nesil siyah kaymaz kaplama teknolojisi, aletlere modern bir g\u00f6r\u00fcn\u00fcm kazand\u0131r\u0131rken kaymay\u0131 \u00f6nleyerek kullan\u0131m kolayl\u0131\u011f\u0131 sa\u011flar. \u00d6zel deri kaplama ta\u015f\u0131ma kutusu, par\u00e7alar\u0131n d\u00fczenli \u015fekilde saklanmas\u0131na yard\u0131mc\u0131 olur. Kompakt ve hafif yap\u0131s\u0131 sayesinde \u00e7antan\u0131zda kolayca ta\u015f\u0131yabilir, seyahatlerde pratik \u015fekilde yan\u0131n\u0131zda bulundurabilirsiniz. G\u00fcnl\u00fck kullan\u0131m i\u00e7in ideal oldu\u011fu kadar, hediye olarak da tercih edebilece\u011finiz \u00e7ok y\u00f6nl\u00fc bir settir.<\/p>\n","protected":false},"excerpt":{"rendered":"<p>Kendi bak\u0131m\u0131n\u0131z\u0131 profesyonel kalitede yapman\u0131za imkan tan\u0131yan bu 17 par\u00e7al\u0131k manik\u00fcr seti, dayan\u0131kl\u0131 paslanmaz \u00e7elik malzemeden \u00fcretilmi\u015ftir. Hijyenik ve uzun \u00f6m\u00fcrl\u00fc kullan\u0131m\u0131 sayesinde hem el hem ayak bak\u0131m\u0131nda size tam destek sunar. Setin i\u00e7erisinde bulunan farkl\u0131 boyutlarda t\u0131rnak makaslar\u0131, t\u00f6rp\u00fc, c\u0131mb\u0131z, pedik\u00fcr b\u0131\u00e7aklar\u0131, t\u0131rnak kald\u0131rma aparat\u0131 ve kulak temizleme aparat\u0131 gibi aletler, her ihtiyac\u0131n\u0131z\u0131 kar\u015f\u0131layacak&#8230;<\/p>\n","protected":false},"featured_media":115148,"comment_status":"open","ping_status":"closed","template":"","meta":{"_kad_post_transparent":"","_kad_post_title":"","_kad_post_layout":"","_kad_post_sidebar_id":"","_kad_post_content_style":"","_kad_post_vertical_padding":"","_kad_post_feature":"","_kad_post_feature_position":"","_kad_post_header":false,"_kad_post_footer":false,"_kad_post_classname":""},"product_brand":[],"product_cat":[14963],"product_tag":[],"class_list":{"0":"post-115149","1":"product","2":"type-product","3":"status-publish","4":"has-post-thumbnail","6":"product_cat-manikur-ve-pedikur-aletleri-manikur-ve-pedikur-aletleri","8":"first","9":"instock","10":"purchasable","11":"product-type-simple","12":"entry","13":"content-bg","14":"loop-entry"},"_links":{"self":[{"href":"https:\/\/www.hediyepazar.com\/index.php?rest_route=\/wp\/v2\/product\/115149","targetHints":{"allow":["GET"]}}],"collection":[{"href":"https:\/\/www.hediyepazar.com\/index.php?rest_route=\/wp\/v2\/product"}],"about":[{"href":"https:\/\/www.hediyepazar.com\/index.php?rest_route=\/wp\/v2\/types\/product"}],"replies":[{"embeddable":true,"href":"https:\/\/www.hediyepazar.com\/index.php?rest_route=%2Fwp%2Fv2%2Fcomments&post=115149"}],"wp:featuredmedia":[{"embeddable":true,"href":"https:\/\/www.hediyepazar.com\/index.php?rest_route=\/wp\/v2\/media\/115148"}],"wp:attachment":[{"href":"https:\/\/www.hediyepazar.com\/index.php?rest_route=%2Fwp%2Fv2%2Fmedia&parent=115149"}],"wp:term":[{"taxonomy":"product_brand","embeddable":true,"href":"https:\/\/www.hediyepazar.com\/index.php?rest_route=%2Fwp%2Fv2%2Fproduct_brand&post=115149"},{"taxonomy":"product_cat","embeddable":true,"href":"https:\/\/www.hediyepazar.com\/index.php?rest_route=%2Fwp%2Fv2%2Fproduct_cat&post=115149"},{"taxonomy":"product_tag","embeddable":true,"href":"https:\/\/www.hediyepazar.com\/index.php?rest_route=%2Fwp%2Fv2%2Fproduct_tag&post=115149"}],"curies":[{"name":"wp","href":"https:\/\/api.w.org\/{rel}","templated":true}]}}