{"id":115154,"date":"2026-05-05T14:09:34","date_gmt":"2026-05-05T17:09:34","guid":{"rendered":"https:\/\/www.hediyepazar.com\/?product=seyahat-icin-uygun-cok-amacli-kisisel-bakim-seti"},"modified":"2026-05-05T14:09:34","modified_gmt":"2026-05-05T17:09:34","slug":"seyahat-icin-uygun-cok-amacli-kisisel-bakim-seti","status":"publish","type":"product","link":"https:\/\/www.hediyepazar.com\/?product=seyahat-icin-uygun-cok-amacli-kisisel-bakim-seti","title":{"rendered":"Seyahat \u0130\u00e7in Uygun \u00c7ok Ama\u00e7l\u0131 Ki\u015fisel Bak\u0131m Seti"},"content":{"rendered":"<p>Her ya\u015ftan kullan\u0131c\u0131 i\u00e7in uygun olan bu ki\u015fisel bak\u0131m seti, g\u00fcnl\u00fck hayatta ihtiya\u00e7 duyaca\u011f\u0131n\u0131z temel aletleri bir araya getirir. Ka\u015f ve t\u0131rnak makas\u0131, c\u0131mb\u0131z, kulak temizleme aparat\u0131, et t\u0131rnak makas\u0131, et kald\u0131r\u0131c\u0131 ve sivilce temizleyici par\u00e7alar\u0131yla eksiksiz bir bak\u0131m sunar. Paslanmaz \u00e7elik malzeme, uzun \u00f6m\u00fcrl\u00fc kullan\u0131m ve hijyenik bir deneyim sa\u011flar. Kompakt ve \u015f\u0131k \u00e7antas\u0131, t\u00fcm par\u00e7alar\u0131n d\u00fczenli \u015fekilde saklanmas\u0131n\u0131 kolayla\u015ft\u0131r\u0131r. \u00c7antan\u0131za rahatl\u0131kla s\u0131\u011facak boyutu ile seyahatlerde yan\u0131n\u0131zda ta\u015f\u0131yabilir, bak\u0131m\u0131n\u0131z\u0131 her yerde s\u00fcrd\u00fcrebilirsiniz. Evde veya d\u0131\u015far\u0131da kendi bak\u0131m\u0131n\u0131 yapmak isteyenler i\u00e7in pratik bir \u00e7\u00f6z\u00fcmd\u00fcr.<\/p>\n","protected":false},"excerpt":{"rendered":"<p>Her ya\u015ftan kullan\u0131c\u0131 i\u00e7in uygun olan bu ki\u015fisel bak\u0131m seti, g\u00fcnl\u00fck hayatta ihtiya\u00e7 duyaca\u011f\u0131n\u0131z temel aletleri bir araya getirir. Ka\u015f ve t\u0131rnak makas\u0131, c\u0131mb\u0131z, kulak temizleme aparat\u0131, et t\u0131rnak makas\u0131, et kald\u0131r\u0131c\u0131 ve sivilce temizleyici par\u00e7alar\u0131yla eksiksiz bir bak\u0131m sunar. Paslanmaz \u00e7elik malzeme, uzun \u00f6m\u00fcrl\u00fc kullan\u0131m ve hijyenik bir deneyim sa\u011flar. Kompakt ve \u015f\u0131k \u00e7antas\u0131,&#8230;<\/p>\n","protected":false},"featured_media":0,"comment_status":"open","ping_status":"closed","template":"","meta":{"_kad_post_transparent":"","_kad_post_title":"","_kad_post_layout":"","_kad_post_sidebar_id":"","_kad_post_content_style":"","_kad_post_vertical_padding":"","_kad_post_feature":"","_kad_post_feature_position":"","_kad_post_header":false,"_kad_post_footer":false,"_kad_post_classname":""},"product_brand":[],"product_cat":[14963],"product_tag":[],"class_list":{"0":"post-115154","1":"product","2":"type-product","3":"status-publish","5":"product_cat-manikur-ve-pedikur-aletleri-manikur-ve-pedikur-aletleri","7":"first","8":"instock","9":"purchasable","10":"product-type-simple","11":"entry","12":"content-bg","13":"loop-entry"},"_links":{"self":[{"href":"https:\/\/www.hediyepazar.com\/index.php?rest_route=\/wp\/v2\/product\/115154","targetHints":{"allow":["GET"]}}],"collection":[{"href":"https:\/\/www.hediyepazar.com\/index.php?rest_route=\/wp\/v2\/product"}],"about":[{"href":"https:\/\/www.hediyepazar.com\/index.php?rest_route=\/wp\/v2\/types\/product"}],"replies":[{"embeddable":true,"href":"https:\/\/www.hediyepazar.com\/index.php?rest_route=%2Fwp%2Fv2%2Fcomments&post=115154"}],"wp:attachment":[{"href":"https:\/\/www.hediyepazar.com\/index.php?rest_route=%2Fwp%2Fv2%2Fmedia&parent=115154"}],"wp:term":[{"taxonomy":"product_brand","embeddable":true,"href":"https:\/\/www.hediyepazar.com\/index.php?rest_route=%2Fwp%2Fv2%2Fproduct_brand&post=115154"},{"taxonomy":"product_cat","embeddable":true,"href":"https:\/\/www.hediyepazar.com\/index.php?rest_route=%2Fwp%2Fv2%2Fproduct_cat&post=115154"},{"taxonomy":"product_tag","embeddable":true,"href":"https:\/\/www.hediyepazar.com\/index.php?rest_route=%2Fwp%2Fv2%2Fproduct_tag&post=115154"}],"curies":[{"name":"wp","href":"https:\/\/api.w.org\/{rel}","templated":true}]}}