{"id":115155,"date":"2026-05-05T14:10:19","date_gmt":"2026-05-05T17:10:19","guid":{"rendered":"https:\/\/www.hediyepazar.com\/?product=kompakt-tasarimli-el-ve-ayak-bakim-seti"},"modified":"2026-05-05T14:10:19","modified_gmt":"2026-05-05T17:10:19","slug":"kompakt-tasarimli-el-ve-ayak-bakim-seti","status":"publish","type":"product","link":"https:\/\/www.hediyepazar.com\/?product=kompakt-tasarimli-el-ve-ayak-bakim-seti","title":{"rendered":"Kompakt Tasar\u0131ml\u0131 El ve Ayak Bak\u0131m Seti"},"content":{"rendered":"<p>Kompakt boyutu ve \u015f\u0131k ta\u015f\u0131ma \u00e7antas\u0131 ile dikkat \u00e7eken bu ki\u015fisel bak\u0131m seti, farkl\u0131 ihtiya\u00e7lar\u0131n\u0131za tek bir \u00e7\u00f6z\u00fcm sunar. Setin i\u00e7erisinde bulunan t\u0131rnak makas\u0131, ka\u015f makas\u0131, c\u0131mb\u0131z, et kald\u0131r\u0131c\u0131, kulak temizleme aparat\u0131, sivilce ve akne temizleyici ile ki\u015fisel bak\u0131m\u0131n\u0131z eksiksiz tamamlan\u0131r. Paslanmaz \u00e7elikten \u00fcretilmi\u015f par\u00e7alar dayan\u0131kl\u0131l\u0131\u011f\u0131 ve uzun \u00f6m\u00fcrl\u00fc yap\u0131s\u0131yla \u00f6ne \u00e7\u0131kar. K\u00fc\u00e7\u00fck boyutlar\u0131 sayesinde \u00e7antan\u0131zda yer kaplamaz, g\u00fcnl\u00fck kullan\u0131mda veya seyahatlerde yan\u0131n\u0131zda rahat\u00e7a ta\u015f\u0131yabilirsiniz. Estetik g\u00f6r\u00fcn\u00fcm\u00fcyle hediye alternatifi olarak da de\u011ferlendirilebilir. D\u00fczenli bak\u0131m al\u0131\u015fkanl\u0131\u011f\u0131 kazand\u0131ran bu set, pratikli\u011fi ve sa\u011flam yap\u0131s\u0131yla her zaman elinizin alt\u0131nda olur.<\/p>\n","protected":false},"excerpt":{"rendered":"<p>Kompakt boyutu ve \u015f\u0131k ta\u015f\u0131ma \u00e7antas\u0131 ile dikkat \u00e7eken bu ki\u015fisel bak\u0131m seti, farkl\u0131 ihtiya\u00e7lar\u0131n\u0131za tek bir \u00e7\u00f6z\u00fcm sunar. Setin i\u00e7erisinde bulunan t\u0131rnak makas\u0131, ka\u015f makas\u0131, c\u0131mb\u0131z, et kald\u0131r\u0131c\u0131, kulak temizleme aparat\u0131, sivilce ve akne temizleyici ile ki\u015fisel bak\u0131m\u0131n\u0131z eksiksiz tamamlan\u0131r. Paslanmaz \u00e7elikten \u00fcretilmi\u015f par\u00e7alar dayan\u0131kl\u0131l\u0131\u011f\u0131 ve uzun \u00f6m\u00fcrl\u00fc yap\u0131s\u0131yla \u00f6ne \u00e7\u0131kar. K\u00fc\u00e7\u00fck boyutlar\u0131 sayesinde&#8230;<\/p>\n","protected":false},"featured_media":0,"comment_status":"open","ping_status":"closed","template":"","meta":{"_kad_post_transparent":"","_kad_post_title":"","_kad_post_layout":"","_kad_post_sidebar_id":"","_kad_post_content_style":"","_kad_post_vertical_padding":"","_kad_post_feature":"","_kad_post_feature_position":"","_kad_post_header":false,"_kad_post_footer":false,"_kad_post_classname":""},"product_brand":[],"product_cat":[14963],"product_tag":[],"class_list":{"0":"post-115155","1":"product","2":"type-product","3":"status-publish","5":"product_cat-manikur-ve-pedikur-aletleri-manikur-ve-pedikur-aletleri","7":"first","8":"instock","9":"purchasable","10":"product-type-simple","11":"entry","12":"content-bg","13":"loop-entry"},"_links":{"self":[{"href":"https:\/\/www.hediyepazar.com\/index.php?rest_route=\/wp\/v2\/product\/115155","targetHints":{"allow":["GET"]}}],"collection":[{"href":"https:\/\/www.hediyepazar.com\/index.php?rest_route=\/wp\/v2\/product"}],"about":[{"href":"https:\/\/www.hediyepazar.com\/index.php?rest_route=\/wp\/v2\/types\/product"}],"replies":[{"embeddable":true,"href":"https:\/\/www.hediyepazar.com\/index.php?rest_route=%2Fwp%2Fv2%2Fcomments&post=115155"}],"wp:attachment":[{"href":"https:\/\/www.hediyepazar.com\/index.php?rest_route=%2Fwp%2Fv2%2Fmedia&parent=115155"}],"wp:term":[{"taxonomy":"product_brand","embeddable":true,"href":"https:\/\/www.hediyepazar.com\/index.php?rest_route=%2Fwp%2Fv2%2Fproduct_brand&post=115155"},{"taxonomy":"product_cat","embeddable":true,"href":"https:\/\/www.hediyepazar.com\/index.php?rest_route=%2Fwp%2Fv2%2Fproduct_cat&post=115155"},{"taxonomy":"product_tag","embeddable":true,"href":"https:\/\/www.hediyepazar.com\/index.php?rest_route=%2Fwp%2Fv2%2Fproduct_tag&post=115155"}],"curies":[{"name":"wp","href":"https:\/\/api.w.org\/{rel}","templated":true}]}}