{"id":115156,"date":"2026-05-05T14:12:21","date_gmt":"2026-05-05T17:12:21","guid":{"rendered":"https:\/\/www.hediyepazar.com\/?product=tirnak-ve-kas-bakimina-ozel-paslanmaz-celik-set"},"modified":"2026-05-05T14:12:21","modified_gmt":"2026-05-05T17:12:21","slug":"tirnak-ve-kas-bakimina-ozel-paslanmaz-celik-set","status":"publish","type":"product","link":"https:\/\/www.hediyepazar.com\/?product=tirnak-ve-kas-bakimina-ozel-paslanmaz-celik-set","title":{"rendered":"T\u0131rnak ve Ka\u015f Bak\u0131m\u0131na \u00d6zel Paslanmaz \u00c7elik Set"},"content":{"rendered":"<p>Kendi bak\u0131m\u0131n\u0131z\u0131 evinizde kolayca yapabilmenizi sa\u011flayan bu ki\u015fisel bak\u0131m seti, kaliteli ve uzun \u00f6m\u00fcrl\u00fc malzemelerden \u00fcretilmi\u015ftir. Paslanmaz \u00e7elik yap\u0131s\u0131 sayesinde dayan\u0131kl\u0131, keskin ve hijyenik bir kullan\u0131m sunar. \u0130\u00e7eri\u011finde yer alan t\u0131rnak makas\u0131, ka\u015f makas\u0131, c\u0131mb\u0131z, akne ve sivilce temizleyici, et kald\u0131r\u0131c\u0131, et t\u0131rnak makas\u0131 ve kulak temizleme aparat\u0131 g\u00fcnl\u00fck ihtiya\u00e7lar\u0131n\u0131z\u0131 kar\u015f\u0131lamak i\u00e7in idealdir. Kompakt \u00e7antas\u0131 ile d\u00fczenli bir \u015fekilde saklanabilir ve kolayca ta\u015f\u0131nabilir. Seyahatlerde yan\u0131n\u0131za alarak bak\u0131m\u0131n\u0131z\u0131 aksatmadan s\u00fcrd\u00fcrebilirsiniz. Hem fonksiyonelli\u011fi hem de \u015f\u0131k g\u00f6r\u00fcn\u00fcm\u00fcyle \u00f6ne \u00e7\u0131kan bu set, ki\u015fisel bak\u0131m\u0131na \u00f6nem veren herkes i\u00e7in idealdir.<\/p>\n","protected":false},"excerpt":{"rendered":"<p>Kendi bak\u0131m\u0131n\u0131z\u0131 evinizde kolayca yapabilmenizi sa\u011flayan bu ki\u015fisel bak\u0131m seti, kaliteli ve uzun \u00f6m\u00fcrl\u00fc malzemelerden \u00fcretilmi\u015ftir. Paslanmaz \u00e7elik yap\u0131s\u0131 sayesinde dayan\u0131kl\u0131, keskin ve hijyenik bir kullan\u0131m sunar. \u0130\u00e7eri\u011finde yer alan t\u0131rnak makas\u0131, ka\u015f makas\u0131, c\u0131mb\u0131z, akne ve sivilce temizleyici, et kald\u0131r\u0131c\u0131, et t\u0131rnak makas\u0131 ve kulak temizleme aparat\u0131 g\u00fcnl\u00fck ihtiya\u00e7lar\u0131n\u0131z\u0131 kar\u015f\u0131lamak i\u00e7in idealdir. Kompakt \u00e7antas\u0131&#8230;<\/p>\n","protected":false},"featured_media":0,"comment_status":"open","ping_status":"closed","template":"","meta":{"_kad_post_transparent":"","_kad_post_title":"","_kad_post_layout":"","_kad_post_sidebar_id":"","_kad_post_content_style":"","_kad_post_vertical_padding":"","_kad_post_feature":"","_kad_post_feature_position":"","_kad_post_header":false,"_kad_post_footer":false,"_kad_post_classname":""},"product_brand":[],"product_cat":[14963],"product_tag":[],"class_list":{"0":"post-115156","1":"product","2":"type-product","3":"status-publish","5":"product_cat-manikur-ve-pedikur-aletleri-manikur-ve-pedikur-aletleri","7":"first","8":"instock","9":"purchasable","10":"product-type-simple","11":"entry","12":"content-bg","13":"loop-entry"},"_links":{"self":[{"href":"https:\/\/www.hediyepazar.com\/index.php?rest_route=\/wp\/v2\/product\/115156","targetHints":{"allow":["GET"]}}],"collection":[{"href":"https:\/\/www.hediyepazar.com\/index.php?rest_route=\/wp\/v2\/product"}],"about":[{"href":"https:\/\/www.hediyepazar.com\/index.php?rest_route=\/wp\/v2\/types\/product"}],"replies":[{"embeddable":true,"href":"https:\/\/www.hediyepazar.com\/index.php?rest_route=%2Fwp%2Fv2%2Fcomments&post=115156"}],"wp:attachment":[{"href":"https:\/\/www.hediyepazar.com\/index.php?rest_route=%2Fwp%2Fv2%2Fmedia&parent=115156"}],"wp:term":[{"taxonomy":"product_brand","embeddable":true,"href":"https:\/\/www.hediyepazar.com\/index.php?rest_route=%2Fwp%2Fv2%2Fproduct_brand&post=115156"},{"taxonomy":"product_cat","embeddable":true,"href":"https:\/\/www.hediyepazar.com\/index.php?rest_route=%2Fwp%2Fv2%2Fproduct_cat&post=115156"},{"taxonomy":"product_tag","embeddable":true,"href":"https:\/\/www.hediyepazar.com\/index.php?rest_route=%2Fwp%2Fv2%2Fproduct_tag&post=115156"}],"curies":[{"name":"wp","href":"https:\/\/api.w.org\/{rel}","templated":true}]}}