{"id":115158,"date":"2026-05-05T14:16:23","date_gmt":"2026-05-05T17:16:23","guid":{"rendered":"https:\/\/www.hediyepazar.com\/?product=paslanmaz-celik-kisisel-bakim-seti-7-parca"},"modified":"2026-05-05T14:16:23","modified_gmt":"2026-05-05T17:16:23","slug":"paslanmaz-celik-kisisel-bakim-seti-7-parca","status":"publish","type":"product","link":"https:\/\/www.hediyepazar.com\/?product=paslanmaz-celik-kisisel-bakim-seti-7-parca","title":{"rendered":"Paslanmaz \u00c7elik Ki\u015fisel Bak\u0131m Seti \u2013 7 Par\u00e7a"},"content":{"rendered":"<p>Kompakt ve \u015f\u0131k tasar\u0131m\u0131yla \u00f6ne \u00e7\u0131kan bu ki\u015fisel bak\u0131m seti, g\u00fcnl\u00fck bak\u0131m ihtiya\u00e7lar\u0131n\u0131z\u0131 tek bir kutuda toplar. Hafif ve ta\u015f\u0131nabilir yap\u0131s\u0131 sayesinde ister evde ister seyahatte kolayca yan\u0131n\u0131zda ta\u015f\u0131yabilirsiniz. Paslanmaz \u00e7elikten \u00fcretilmi\u015f olan aletler, uzun \u00f6m\u00fcrl\u00fc kullan\u0131m sunarken ayn\u0131 zamanda hijyenik ve kolay temizlenebilir \u00f6zelliklere sahiptir. Set i\u00e7erisinde ka\u015f makas\u0131, t\u0131rnak makas\u0131, akne ve sivilce temizleyici, c\u0131mb\u0131z, et kald\u0131r\u0131c\u0131, kulak temizleme aparat\u0131 ve et t\u0131rnak makas\u0131 yer almaktad\u0131r. Her bir par\u00e7a, farkl\u0131 bir ihtiyaca \u00e7\u00f6z\u00fcm sa\u011flayarak ki\u015fisel bak\u0131m\u0131n\u0131z\u0131 eksiksiz yapman\u0131za yard\u0131mc\u0131 olur. \u015e\u0131k ta\u015f\u0131ma \u00e7antas\u0131 hem estetik hem de kullan\u0131\u015fl\u0131 bir deneyim sunar. Kendi bak\u0131m\u0131n\u0131 d\u00fczenli olarak yapmak isteyenler i\u00e7in m\u00fckemmel bir se\u00e7imdir.<\/p>\n","protected":false},"excerpt":{"rendered":"<p>Kompakt ve \u015f\u0131k tasar\u0131m\u0131yla \u00f6ne \u00e7\u0131kan bu ki\u015fisel bak\u0131m seti, g\u00fcnl\u00fck bak\u0131m ihtiya\u00e7lar\u0131n\u0131z\u0131 tek bir kutuda toplar. Hafif ve ta\u015f\u0131nabilir yap\u0131s\u0131 sayesinde ister evde ister seyahatte kolayca yan\u0131n\u0131zda ta\u015f\u0131yabilirsiniz. Paslanmaz \u00e7elikten \u00fcretilmi\u015f olan aletler, uzun \u00f6m\u00fcrl\u00fc kullan\u0131m sunarken ayn\u0131 zamanda hijyenik ve kolay temizlenebilir \u00f6zelliklere sahiptir. Set i\u00e7erisinde ka\u015f makas\u0131, t\u0131rnak makas\u0131, akne ve sivilce&#8230;<\/p>\n","protected":false},"featured_media":0,"comment_status":"open","ping_status":"closed","template":"","meta":{"_kad_post_transparent":"","_kad_post_title":"","_kad_post_layout":"","_kad_post_sidebar_id":"","_kad_post_content_style":"","_kad_post_vertical_padding":"","_kad_post_feature":"","_kad_post_feature_position":"","_kad_post_header":false,"_kad_post_footer":false,"_kad_post_classname":""},"product_brand":[],"product_cat":[14963],"product_tag":[],"class_list":{"0":"post-115158","1":"product","2":"type-product","3":"status-publish","5":"product_cat-manikur-ve-pedikur-aletleri-manikur-ve-pedikur-aletleri","7":"first","8":"instock","9":"purchasable","10":"product-type-simple","11":"entry","12":"content-bg","13":"loop-entry"},"_links":{"self":[{"href":"https:\/\/www.hediyepazar.com\/index.php?rest_route=\/wp\/v2\/product\/115158","targetHints":{"allow":["GET"]}}],"collection":[{"href":"https:\/\/www.hediyepazar.com\/index.php?rest_route=\/wp\/v2\/product"}],"about":[{"href":"https:\/\/www.hediyepazar.com\/index.php?rest_route=\/wp\/v2\/types\/product"}],"replies":[{"embeddable":true,"href":"https:\/\/www.hediyepazar.com\/index.php?rest_route=%2Fwp%2Fv2%2Fcomments&post=115158"}],"wp:attachment":[{"href":"https:\/\/www.hediyepazar.com\/index.php?rest_route=%2Fwp%2Fv2%2Fmedia&parent=115158"}],"wp:term":[{"taxonomy":"product_brand","embeddable":true,"href":"https:\/\/www.hediyepazar.com\/index.php?rest_route=%2Fwp%2Fv2%2Fproduct_brand&post=115158"},{"taxonomy":"product_cat","embeddable":true,"href":"https:\/\/www.hediyepazar.com\/index.php?rest_route=%2Fwp%2Fv2%2Fproduct_cat&post=115158"},{"taxonomy":"product_tag","embeddable":true,"href":"https:\/\/www.hediyepazar.com\/index.php?rest_route=%2Fwp%2Fv2%2Fproduct_tag&post=115158"}],"curies":[{"name":"wp","href":"https:\/\/api.w.org\/{rel}","templated":true}]}}