{"id":115162,"date":"2026-05-05T14:17:17","date_gmt":"2026-05-05T17:17:17","guid":{"rendered":"https:\/\/www.hediyepazar.com\/?product=derin-bass-ve-net-tiz-ozellikli-bluetooth-kulaklik"},"modified":"2026-05-05T14:17:17","modified_gmt":"2026-05-05T17:17:17","slug":"derin-bass-ve-net-tiz-ozellikli-bluetooth-kulaklik","status":"publish","type":"product","link":"https:\/\/www.hediyepazar.com\/?product=derin-bass-ve-net-tiz-ozellikli-bluetooth-kulaklik","title":{"rendered":"Derin Bass ve Net Tiz \u00d6zellikli Bluetooth Kulakl\u0131k"},"content":{"rendered":"<p>Bu kulakl\u0131k, hem estetik hem de i\u015flevsellik a\u00e7\u0131s\u0131ndan modern kullan\u0131c\u0131lar\u0131n ihtiya\u00e7lar\u0131n\u0131 kar\u015f\u0131lar. Minimalist tasar\u0131m\u0131, her ya\u015f grubuna hitap eder. Ergonomik yap\u0131s\u0131 sayesinde spor esnas\u0131nda, y\u00fcr\u00fcy\u00fc\u015fte veya seyahatlerde g\u00fcvenle kullan\u0131labilir. IPX4 seviyesinde suya dayan\u0131kl\u0131l\u0131k \u00f6zelli\u011fi, terlemeye ve hafif ya\u011fmura kar\u015f\u0131 koruma sa\u011flar. Uzun pil \u00f6mr\u00fc ve ta\u015f\u0131nabilir \u015farj kutusu ile kullan\u0131c\u0131 dostu bir deneyim sunar.<\/p>\n","protected":false},"excerpt":{"rendered":"<p>Bu kulakl\u0131k, hem estetik hem de i\u015flevsellik a\u00e7\u0131s\u0131ndan modern kullan\u0131c\u0131lar\u0131n ihtiya\u00e7lar\u0131n\u0131 kar\u015f\u0131lar. Minimalist tasar\u0131m\u0131, her ya\u015f grubuna hitap eder. Ergonomik yap\u0131s\u0131 sayesinde spor esnas\u0131nda, y\u00fcr\u00fcy\u00fc\u015fte veya seyahatlerde g\u00fcvenle kullan\u0131labilir. IPX4 seviyesinde suya dayan\u0131kl\u0131l\u0131k \u00f6zelli\u011fi, terlemeye ve hafif ya\u011fmura kar\u015f\u0131 koruma sa\u011flar. Uzun pil \u00f6mr\u00fc ve ta\u015f\u0131nabilir \u015farj kutusu ile kullan\u0131c\u0131 dostu bir deneyim sunar.<\/p>\n","protected":false},"featured_media":115161,"comment_status":"open","ping_status":"closed","template":"","meta":{"_kad_post_transparent":"","_kad_post_title":"","_kad_post_layout":"","_kad_post_sidebar_id":"","_kad_post_content_style":"","_kad_post_vertical_padding":"","_kad_post_feature":"","_kad_post_feature_position":"","_kad_post_header":false,"_kad_post_footer":false,"_kad_post_classname":""},"product_brand":[],"product_cat":[14957],"product_tag":[],"class_list":{"0":"post-115162","1":"product","2":"type-product","3":"status-publish","4":"has-post-thumbnail","6":"product_cat-kablosuz-kulaklik-kablosuz-kulaklik","8":"first","9":"instock","10":"purchasable","11":"product-type-simple","12":"entry","13":"content-bg","14":"loop-entry"},"_links":{"self":[{"href":"https:\/\/www.hediyepazar.com\/index.php?rest_route=\/wp\/v2\/product\/115162","targetHints":{"allow":["GET"]}}],"collection":[{"href":"https:\/\/www.hediyepazar.com\/index.php?rest_route=\/wp\/v2\/product"}],"about":[{"href":"https:\/\/www.hediyepazar.com\/index.php?rest_route=\/wp\/v2\/types\/product"}],"replies":[{"embeddable":true,"href":"https:\/\/www.hediyepazar.com\/index.php?rest_route=%2Fwp%2Fv2%2Fcomments&post=115162"}],"wp:featuredmedia":[{"embeddable":true,"href":"https:\/\/www.hediyepazar.com\/index.php?rest_route=\/wp\/v2\/media\/115161"}],"wp:attachment":[{"href":"https:\/\/www.hediyepazar.com\/index.php?rest_route=%2Fwp%2Fv2%2Fmedia&parent=115162"}],"wp:term":[{"taxonomy":"product_brand","embeddable":true,"href":"https:\/\/www.hediyepazar.com\/index.php?rest_route=%2Fwp%2Fv2%2Fproduct_brand&post=115162"},{"taxonomy":"product_cat","embeddable":true,"href":"https:\/\/www.hediyepazar.com\/index.php?rest_route=%2Fwp%2Fv2%2Fproduct_cat&post=115162"},{"taxonomy":"product_tag","embeddable":true,"href":"https:\/\/www.hediyepazar.com\/index.php?rest_route=%2Fwp%2Fv2%2Fproduct_tag&post=115162"}],"curies":[{"name":"wp","href":"https:\/\/api.w.org\/{rel}","templated":true}]}}