{"id":115168,"date":"2026-05-05T14:18:22","date_gmt":"2026-05-05T17:18:22","guid":{"rendered":"https:\/\/www.hediyepazar.com\/?product=titanyum-hoparlorlu-kablosuz-bluetooth-kulaklik"},"modified":"2026-05-05T14:18:22","modified_gmt":"2026-05-05T17:18:22","slug":"titanyum-hoparlorlu-kablosuz-bluetooth-kulaklik","status":"publish","type":"product","link":"https:\/\/www.hediyepazar.com\/?product=titanyum-hoparlorlu-kablosuz-bluetooth-kulaklik","title":{"rendered":"Titanyum Hoparl\u00f6rl\u00fc Kablosuz Bluetooth Kulakl\u0131k"},"content":{"rendered":"<p>Bluetooth kulakl\u0131k, spor, \u00e7al\u0131\u015fma veya seyahat gibi g\u00fcnl\u00fck aktivitelerde konforlu kullan\u0131m i\u00e7in tasarlanm\u0131\u015ft\u0131r. Kulak kanal\u0131n\u0131n e\u011fimine uygun tasar\u0131m\u0131 sayesinde kula\u011fa tam oturur ve d\u00fc\u015fme riski ta\u015f\u0131maz. Sadece 3 gram a\u011f\u0131rl\u0131\u011f\u0131ndaki kulakl\u0131klar neredeyse varl\u0131\u011f\u0131n\u0131 unutturur. LED ekranl\u0131 \u015farj kutusu, batarya seviyesini kolayca takip etmenizi sa\u011flar. Tek \u015farjla uzun s\u00fcreli kullan\u0131m sunar, \u015farj kutusu ile toplam 24 saate kadar dayan\u0131r.<\/p>\n","protected":false},"excerpt":{"rendered":"<p>Bluetooth kulakl\u0131k, spor, \u00e7al\u0131\u015fma veya seyahat gibi g\u00fcnl\u00fck aktivitelerde konforlu kullan\u0131m i\u00e7in tasarlanm\u0131\u015ft\u0131r. Kulak kanal\u0131n\u0131n e\u011fimine uygun tasar\u0131m\u0131 sayesinde kula\u011fa tam oturur ve d\u00fc\u015fme riski ta\u015f\u0131maz. Sadece 3 gram a\u011f\u0131rl\u0131\u011f\u0131ndaki kulakl\u0131klar neredeyse varl\u0131\u011f\u0131n\u0131 unutturur. LED ekranl\u0131 \u015farj kutusu, batarya seviyesini kolayca takip etmenizi sa\u011flar. Tek \u015farjla uzun s\u00fcreli kullan\u0131m sunar, \u015farj kutusu ile toplam 24&#8230;<\/p>\n","protected":false},"featured_media":115167,"comment_status":"open","ping_status":"closed","template":"","meta":{"_kad_post_transparent":"","_kad_post_title":"","_kad_post_layout":"","_kad_post_sidebar_id":"","_kad_post_content_style":"","_kad_post_vertical_padding":"","_kad_post_feature":"","_kad_post_feature_position":"","_kad_post_header":false,"_kad_post_footer":false,"_kad_post_classname":""},"product_brand":[],"product_cat":[14957],"product_tag":[],"class_list":{"0":"post-115168","1":"product","2":"type-product","3":"status-publish","4":"has-post-thumbnail","6":"product_cat-kablosuz-kulaklik-kablosuz-kulaklik","8":"first","9":"instock","10":"purchasable","11":"product-type-simple","12":"entry","13":"content-bg","14":"loop-entry"},"_links":{"self":[{"href":"https:\/\/www.hediyepazar.com\/index.php?rest_route=\/wp\/v2\/product\/115168","targetHints":{"allow":["GET"]}}],"collection":[{"href":"https:\/\/www.hediyepazar.com\/index.php?rest_route=\/wp\/v2\/product"}],"about":[{"href":"https:\/\/www.hediyepazar.com\/index.php?rest_route=\/wp\/v2\/types\/product"}],"replies":[{"embeddable":true,"href":"https:\/\/www.hediyepazar.com\/index.php?rest_route=%2Fwp%2Fv2%2Fcomments&post=115168"}],"wp:featuredmedia":[{"embeddable":true,"href":"https:\/\/www.hediyepazar.com\/index.php?rest_route=\/wp\/v2\/media\/115167"}],"wp:attachment":[{"href":"https:\/\/www.hediyepazar.com\/index.php?rest_route=%2Fwp%2Fv2%2Fmedia&parent=115168"}],"wp:term":[{"taxonomy":"product_brand","embeddable":true,"href":"https:\/\/www.hediyepazar.com\/index.php?rest_route=%2Fwp%2Fv2%2Fproduct_brand&post=115168"},{"taxonomy":"product_cat","embeddable":true,"href":"https:\/\/www.hediyepazar.com\/index.php?rest_route=%2Fwp%2Fv2%2Fproduct_cat&post=115168"},{"taxonomy":"product_tag","embeddable":true,"href":"https:\/\/www.hediyepazar.com\/index.php?rest_route=%2Fwp%2Fv2%2Fproduct_tag&post=115168"}],"curies":[{"name":"wp","href":"https:\/\/api.w.org\/{rel}","templated":true}]}}