{"id":115176,"date":"2026-05-05T14:21:03","date_gmt":"2026-05-05T17:21:03","guid":{"rendered":"https:\/\/www.hediyepazar.com\/?product=naylon-bantli-kolay-montajli-arac-jest-isigi"},"modified":"2026-05-05T14:21:03","modified_gmt":"2026-05-05T17:21:03","slug":"naylon-bantli-kolay-montajli-arac-jest-isigi","status":"publish","type":"product","link":"https:\/\/www.hediyepazar.com\/?product=naylon-bantli-kolay-montajli-arac-jest-isigi","title":{"rendered":"Naylon Bantl\u0131 Kolay Montajl\u0131 Ara\u00e7 Jest I\u015f\u0131\u011f\u0131"},"content":{"rendered":"<p>Bu LED jest \u0131\u015f\u0131\u011f\u0131, yaln\u0131zca e\u011flenceli bir aksesuar de\u011fil ayn\u0131 zamanda pratik bir ileti\u015fim arac\u0131d\u0131r. Trafikte selam vermek, te\u015fekk\u00fcr etmek veya dikkat \u00e7ekmek i\u00e7in kullanabilirsiniz. Uzaktan kumanda sayesinde 25 metreye kadar kontrol imkan\u0131 sunar. Dayan\u0131kl\u0131 ABS malzeme ve IPX seviyesinde \u0131\u015f\u0131k korumas\u0131 ile uzun \u00f6m\u00fcrl\u00fcd\u00fcr. Kolay kurulum i\u00e7in naylon bantlarla birlikte gelir, araca zarar vermez.<\/p>\n","protected":false},"excerpt":{"rendered":"<p>Bu LED jest \u0131\u015f\u0131\u011f\u0131, yaln\u0131zca e\u011flenceli bir aksesuar de\u011fil ayn\u0131 zamanda pratik bir ileti\u015fim arac\u0131d\u0131r. Trafikte selam vermek, te\u015fekk\u00fcr etmek veya dikkat \u00e7ekmek i\u00e7in kullanabilirsiniz. Uzaktan kumanda sayesinde 25 metreye kadar kontrol imkan\u0131 sunar. Dayan\u0131kl\u0131 ABS malzeme ve IPX seviyesinde \u0131\u015f\u0131k korumas\u0131 ile uzun \u00f6m\u00fcrl\u00fcd\u00fcr. Kolay kurulum i\u00e7in naylon bantlarla birlikte gelir, araca zarar vermez.<\/p>\n","protected":false},"featured_media":115175,"comment_status":"open","ping_status":"closed","template":"","meta":{"_kad_post_transparent":"","_kad_post_title":"","_kad_post_layout":"","_kad_post_sidebar_id":"","_kad_post_content_style":"","_kad_post_vertical_padding":"","_kad_post_feature":"","_kad_post_feature_position":"","_kad_post_header":false,"_kad_post_footer":false,"_kad_post_classname":""},"product_brand":[],"product_cat":[14933],"product_tag":[],"class_list":{"0":"post-115176","1":"product","2":"type-product","3":"status-publish","4":"has-post-thumbnail","6":"product_cat-led-isik-led-isik","8":"first","9":"instock","10":"purchasable","11":"product-type-simple","12":"entry","13":"content-bg","14":"loop-entry"},"_links":{"self":[{"href":"https:\/\/www.hediyepazar.com\/index.php?rest_route=\/wp\/v2\/product\/115176","targetHints":{"allow":["GET"]}}],"collection":[{"href":"https:\/\/www.hediyepazar.com\/index.php?rest_route=\/wp\/v2\/product"}],"about":[{"href":"https:\/\/www.hediyepazar.com\/index.php?rest_route=\/wp\/v2\/types\/product"}],"replies":[{"embeddable":true,"href":"https:\/\/www.hediyepazar.com\/index.php?rest_route=%2Fwp%2Fv2%2Fcomments&post=115176"}],"wp:featuredmedia":[{"embeddable":true,"href":"https:\/\/www.hediyepazar.com\/index.php?rest_route=\/wp\/v2\/media\/115175"}],"wp:attachment":[{"href":"https:\/\/www.hediyepazar.com\/index.php?rest_route=%2Fwp%2Fv2%2Fmedia&parent=115176"}],"wp:term":[{"taxonomy":"product_brand","embeddable":true,"href":"https:\/\/www.hediyepazar.com\/index.php?rest_route=%2Fwp%2Fv2%2Fproduct_brand&post=115176"},{"taxonomy":"product_cat","embeddable":true,"href":"https:\/\/www.hediyepazar.com\/index.php?rest_route=%2Fwp%2Fv2%2Fproduct_cat&post=115176"},{"taxonomy":"product_tag","embeddable":true,"href":"https:\/\/www.hediyepazar.com\/index.php?rest_route=%2Fwp%2Fv2%2Fproduct_tag&post=115176"}],"curies":[{"name":"wp","href":"https:\/\/api.w.org\/{rel}","templated":true}]}}