{"id":115184,"date":"2026-05-05T14:22:09","date_gmt":"2026-05-05T17:22:09","guid":{"rendered":"https:\/\/www.hediyepazar.com\/?product=ergonomik-tasarimli-dayanikli-metal-govdeli-sac-kesme-makinesi"},"modified":"2026-05-05T14:22:09","modified_gmt":"2026-05-05T17:22:09","slug":"ergonomik-tasarimli-dayanikli-metal-govdeli-sac-kesme-makinesi","status":"publish","type":"product","link":"https:\/\/www.hediyepazar.com\/?product=ergonomik-tasarimli-dayanikli-metal-govdeli-sac-kesme-makinesi","title":{"rendered":"Ergonomik Tasar\u0131ml\u0131 Dayan\u0131kl\u0131 Metal G\u00f6vdeli Sa\u00e7 Kesme Makinesi"},"content":{"rendered":"<p>Modern ve dayan\u0131kl\u0131 tasar\u0131m\u0131yla bu sa\u00e7 kesme makinesi, ki\u015fisel bak\u0131m rutininizi kolayla\u015ft\u0131r\u0131r. 10W g\u00fcc\u00fc ve keskin paslanmaz \u00e7elik ba\u015fl\u0131\u011f\u0131 sayesinde h\u0131zl\u0131 ve etkili kesim yapar. Metal g\u00f6vdesi ve koyu ye\u015fil mat y\u00fczeyi, hem \u015f\u0131k hem de sa\u011flam bir yap\u0131 sunar. IPX5 su ge\u00e7irmez \u00f6zelli\u011fi ile makine tamamen y\u0131kanabilir, kolay temizlenir. 2 saatte tam \u015farj olan cihaz, 3 saat boyunca kesintisiz \u00e7al\u0131\u015fabilir. Paketinde 4 farkl\u0131 limit tara\u011f\u0131 ve bak\u0131m aksesuarlar\u0131 bulunur. Profesyonel kalitede kesim isteyen herkes i\u00e7in uygun bir \u00fcr\u00fcnd\u00fcr.<\/p>\n","protected":false},"excerpt":{"rendered":"<p>Modern ve dayan\u0131kl\u0131 tasar\u0131m\u0131yla bu sa\u00e7 kesme makinesi, ki\u015fisel bak\u0131m rutininizi kolayla\u015ft\u0131r\u0131r. 10W g\u00fcc\u00fc ve keskin paslanmaz \u00e7elik ba\u015fl\u0131\u011f\u0131 sayesinde h\u0131zl\u0131 ve etkili kesim yapar. Metal g\u00f6vdesi ve koyu ye\u015fil mat y\u00fczeyi, hem \u015f\u0131k hem de sa\u011flam bir yap\u0131 sunar. IPX5 su ge\u00e7irmez \u00f6zelli\u011fi ile makine tamamen y\u0131kanabilir, kolay temizlenir. 2 saatte tam \u015farj olan&#8230;<\/p>\n","protected":false},"featured_media":115183,"comment_status":"open","ping_status":"closed","template":"","meta":{"_kad_post_transparent":"","_kad_post_title":"","_kad_post_layout":"","_kad_post_sidebar_id":"","_kad_post_content_style":"","_kad_post_vertical_padding":"","_kad_post_feature":"","_kad_post_feature_position":"","_kad_post_header":false,"_kad_post_footer":false,"_kad_post_classname":""},"product_brand":[],"product_cat":[14925],"product_tag":[],"class_list":{"0":"post-115184","1":"product","2":"type-product","3":"status-publish","4":"has-post-thumbnail","6":"product_cat-tiras-makinesi-tiras-makinesi","8":"first","9":"instock","10":"purchasable","11":"product-type-simple","12":"entry","13":"content-bg","14":"loop-entry"},"_links":{"self":[{"href":"https:\/\/www.hediyepazar.com\/index.php?rest_route=\/wp\/v2\/product\/115184","targetHints":{"allow":["GET"]}}],"collection":[{"href":"https:\/\/www.hediyepazar.com\/index.php?rest_route=\/wp\/v2\/product"}],"about":[{"href":"https:\/\/www.hediyepazar.com\/index.php?rest_route=\/wp\/v2\/types\/product"}],"replies":[{"embeddable":true,"href":"https:\/\/www.hediyepazar.com\/index.php?rest_route=%2Fwp%2Fv2%2Fcomments&post=115184"}],"wp:featuredmedia":[{"embeddable":true,"href":"https:\/\/www.hediyepazar.com\/index.php?rest_route=\/wp\/v2\/media\/115183"}],"wp:attachment":[{"href":"https:\/\/www.hediyepazar.com\/index.php?rest_route=%2Fwp%2Fv2%2Fmedia&parent=115184"}],"wp:term":[{"taxonomy":"product_brand","embeddable":true,"href":"https:\/\/www.hediyepazar.com\/index.php?rest_route=%2Fwp%2Fv2%2Fproduct_brand&post=115184"},{"taxonomy":"product_cat","embeddable":true,"href":"https:\/\/www.hediyepazar.com\/index.php?rest_route=%2Fwp%2Fv2%2Fproduct_cat&post=115184"},{"taxonomy":"product_tag","embeddable":true,"href":"https:\/\/www.hediyepazar.com\/index.php?rest_route=%2Fwp%2Fv2%2Fproduct_tag&post=115184"}],"curies":[{"name":"wp","href":"https:\/\/api.w.org\/{rel}","templated":true}]}}