{"id":115188,"date":"2026-05-05T14:22:21","date_gmt":"2026-05-05T17:22:21","guid":{"rendered":"https:\/\/www.hediyepazar.com\/?product=4-limit-tarakli-ipx5-su-gecirmez-sac-kesme-makinesi"},"modified":"2026-05-05T14:22:21","modified_gmt":"2026-05-05T17:22:21","slug":"4-limit-tarakli-ipx5-su-gecirmez-sac-kesme-makinesi","status":"publish","type":"product","link":"https:\/\/www.hediyepazar.com\/?product=4-limit-tarakli-ipx5-su-gecirmez-sac-kesme-makinesi","title":{"rendered":"4 Limit Tarakl\u0131 IPX5 Su Ge\u00e7irmez Sa\u00e7 Kesme Makinesi"},"content":{"rendered":"<p>Bu sa\u00e7 kesme makinesi, g\u00fc\u00e7l\u00fc performans\u0131 ve modern tasar\u0131m\u0131yla \u00f6ne \u00e7\u0131kar. 10W motor g\u00fcc\u00fc sayesinde en kal\u0131n sa\u00e7larda bile rahatl\u0131kla kesim yap\u0131labilir. Paslanmaz \u00e7elik ba\u015fl\u0131k uzun \u00f6m\u00fcrl\u00fc kullan\u0131m sa\u011flar. Ergonomik \u00f6l\u00e7\u00fcleri ve hafifli\u011fi sayesinde elde kolayca kavran\u0131r. T\u00fcm g\u00f6vde IPX5 standard\u0131nda su ge\u00e7irmezdir, bu sayede makineyi do\u011frudan suyun alt\u0131nda y\u0131kayabilirsiniz. USB \u015farj \u00f6zelli\u011fi ile her yerde kolayca \u015farj edilebilir. Limit taraklar\u0131 ile sa\u00e7 uzunlu\u011funu ki\u015fisel tercihinize g\u00f6re ayarlayabilirsiniz. Profesyonel metal g\u00f6vdesi sayesinde uzun y\u0131llar sorunsuz kullan\u0131m sunar.<\/p>\n","protected":false},"excerpt":{"rendered":"<p>Bu sa\u00e7 kesme makinesi, g\u00fc\u00e7l\u00fc performans\u0131 ve modern tasar\u0131m\u0131yla \u00f6ne \u00e7\u0131kar. 10W motor g\u00fcc\u00fc sayesinde en kal\u0131n sa\u00e7larda bile rahatl\u0131kla kesim yap\u0131labilir. Paslanmaz \u00e7elik ba\u015fl\u0131k uzun \u00f6m\u00fcrl\u00fc kullan\u0131m sa\u011flar. Ergonomik \u00f6l\u00e7\u00fcleri ve hafifli\u011fi sayesinde elde kolayca kavran\u0131r. T\u00fcm g\u00f6vde IPX5 standard\u0131nda su ge\u00e7irmezdir, bu sayede makineyi do\u011frudan suyun alt\u0131nda y\u0131kayabilirsiniz. USB \u015farj \u00f6zelli\u011fi ile her&#8230;<\/p>\n","protected":false},"featured_media":115187,"comment_status":"open","ping_status":"closed","template":"","meta":{"_kad_post_transparent":"","_kad_post_title":"","_kad_post_layout":"","_kad_post_sidebar_id":"","_kad_post_content_style":"","_kad_post_vertical_padding":"","_kad_post_feature":"","_kad_post_feature_position":"","_kad_post_header":false,"_kad_post_footer":false,"_kad_post_classname":""},"product_brand":[],"product_cat":[14925],"product_tag":[],"class_list":{"0":"post-115188","1":"product","2":"type-product","3":"status-publish","4":"has-post-thumbnail","6":"product_cat-tiras-makinesi-tiras-makinesi","8":"first","9":"instock","10":"purchasable","11":"product-type-simple","12":"entry","13":"content-bg","14":"loop-entry"},"_links":{"self":[{"href":"https:\/\/www.hediyepazar.com\/index.php?rest_route=\/wp\/v2\/product\/115188","targetHints":{"allow":["GET"]}}],"collection":[{"href":"https:\/\/www.hediyepazar.com\/index.php?rest_route=\/wp\/v2\/product"}],"about":[{"href":"https:\/\/www.hediyepazar.com\/index.php?rest_route=\/wp\/v2\/types\/product"}],"replies":[{"embeddable":true,"href":"https:\/\/www.hediyepazar.com\/index.php?rest_route=%2Fwp%2Fv2%2Fcomments&post=115188"}],"wp:featuredmedia":[{"embeddable":true,"href":"https:\/\/www.hediyepazar.com\/index.php?rest_route=\/wp\/v2\/media\/115187"}],"wp:attachment":[{"href":"https:\/\/www.hediyepazar.com\/index.php?rest_route=%2Fwp%2Fv2%2Fmedia&parent=115188"}],"wp:term":[{"taxonomy":"product_brand","embeddable":true,"href":"https:\/\/www.hediyepazar.com\/index.php?rest_route=%2Fwp%2Fv2%2Fproduct_brand&post=115188"},{"taxonomy":"product_cat","embeddable":true,"href":"https:\/\/www.hediyepazar.com\/index.php?rest_route=%2Fwp%2Fv2%2Fproduct_cat&post=115188"},{"taxonomy":"product_tag","embeddable":true,"href":"https:\/\/www.hediyepazar.com\/index.php?rest_route=%2Fwp%2Fv2%2Fproduct_tag&post=115188"}],"curies":[{"name":"wp","href":"https:\/\/api.w.org\/{rel}","templated":true}]}}