{"id":115192,"date":"2026-05-05T14:24:18","date_gmt":"2026-05-05T17:24:18","guid":{"rendered":"https:\/\/www.hediyepazar.com\/?product=paslanmaz-celik-baslikli-su-gecirmez-sarjli-sac-kesme-makinesi"},"modified":"2026-05-05T14:24:18","modified_gmt":"2026-05-05T17:24:18","slug":"paslanmaz-celik-baslikli-su-gecirmez-sarjli-sac-kesme-makinesi","status":"publish","type":"product","link":"https:\/\/www.hediyepazar.com\/?product=paslanmaz-celik-baslikli-su-gecirmez-sarjli-sac-kesme-makinesi","title":{"rendered":"Paslanmaz \u00c7elik Ba\u015fl\u0131kl\u0131 Su Ge\u00e7irmez \u015earjl\u0131 Sa\u00e7 Kesme Makinesi"},"content":{"rendered":"<p>Sa\u00e7 kesme makinesi, g\u00fc\u00e7l\u00fc motoru ve paslanmaz \u00e7elik kesme b\u0131\u00e7aklar\u0131yla donat\u0131lm\u0131\u015ft\u0131r. 10W g\u00fcc\u00fc sayesinde sa\u00e7 ve sakal\u0131 kolayca keser. Ergonomik boyutlar\u0131 (15&#215;3.6&#215;3.8 cm) ve hafif tasar\u0131m\u0131 (160 g) ile uzun s\u00fcre kullan\u0131mda bile konfor sa\u011flar. IPX5 su ge\u00e7irmezlik sayesinde t\u00fcm cihaz y\u0131kanabilir, hijyenik kullan\u0131m sunar. \u015earj edilebilir 2000 mAh bataryas\u0131 2 saatte \u015farj olur ve 3 saatlik \u00e7al\u0131\u015fma s\u00fcresi sa\u011flar. Limit taraklar\u0131 ile farkl\u0131 sa\u00e7 uzunluklar\u0131 ayarlanabilir. Alt k\u0131sm\u0131nda yer alan \u0131\u015f\u0131k g\u00f6stergesi \u015farj durumunu takip etmenizi kolayla\u015ft\u0131r\u0131r. Profesyonel sonu\u00e7lar isteyen kullan\u0131c\u0131lar i\u00e7in ideal bir se\u00e7imdir.<\/p>\n","protected":false},"excerpt":{"rendered":"<p>Sa\u00e7 kesme makinesi, g\u00fc\u00e7l\u00fc motoru ve paslanmaz \u00e7elik kesme b\u0131\u00e7aklar\u0131yla donat\u0131lm\u0131\u015ft\u0131r. 10W g\u00fcc\u00fc sayesinde sa\u00e7 ve sakal\u0131 kolayca keser. Ergonomik boyutlar\u0131 (15&#215;3.6&#215;3.8 cm) ve hafif tasar\u0131m\u0131 (160 g) ile uzun s\u00fcre kullan\u0131mda bile konfor sa\u011flar. IPX5 su ge\u00e7irmezlik sayesinde t\u00fcm cihaz y\u0131kanabilir, hijyenik kullan\u0131m sunar. \u015earj edilebilir 2000 mAh bataryas\u0131 2 saatte \u015farj olur ve&#8230;<\/p>\n","protected":false},"featured_media":115191,"comment_status":"open","ping_status":"closed","template":"","meta":{"_kad_post_transparent":"","_kad_post_title":"","_kad_post_layout":"","_kad_post_sidebar_id":"","_kad_post_content_style":"","_kad_post_vertical_padding":"","_kad_post_feature":"","_kad_post_feature_position":"","_kad_post_header":false,"_kad_post_footer":false,"_kad_post_classname":""},"product_brand":[],"product_cat":[14925],"product_tag":[],"class_list":{"0":"post-115192","1":"product","2":"type-product","3":"status-publish","4":"has-post-thumbnail","6":"product_cat-tiras-makinesi-tiras-makinesi","8":"first","9":"instock","10":"purchasable","11":"product-type-simple","12":"entry","13":"content-bg","14":"loop-entry"},"_links":{"self":[{"href":"https:\/\/www.hediyepazar.com\/index.php?rest_route=\/wp\/v2\/product\/115192","targetHints":{"allow":["GET"]}}],"collection":[{"href":"https:\/\/www.hediyepazar.com\/index.php?rest_route=\/wp\/v2\/product"}],"about":[{"href":"https:\/\/www.hediyepazar.com\/index.php?rest_route=\/wp\/v2\/types\/product"}],"replies":[{"embeddable":true,"href":"https:\/\/www.hediyepazar.com\/index.php?rest_route=%2Fwp%2Fv2%2Fcomments&post=115192"}],"wp:featuredmedia":[{"embeddable":true,"href":"https:\/\/www.hediyepazar.com\/index.php?rest_route=\/wp\/v2\/media\/115191"}],"wp:attachment":[{"href":"https:\/\/www.hediyepazar.com\/index.php?rest_route=%2Fwp%2Fv2%2Fmedia&parent=115192"}],"wp:term":[{"taxonomy":"product_brand","embeddable":true,"href":"https:\/\/www.hediyepazar.com\/index.php?rest_route=%2Fwp%2Fv2%2Fproduct_brand&post=115192"},{"taxonomy":"product_cat","embeddable":true,"href":"https:\/\/www.hediyepazar.com\/index.php?rest_route=%2Fwp%2Fv2%2Fproduct_cat&post=115192"},{"taxonomy":"product_tag","embeddable":true,"href":"https:\/\/www.hediyepazar.com\/index.php?rest_route=%2Fwp%2Fv2%2Fproduct_tag&post=115192"}],"curies":[{"name":"wp","href":"https:\/\/api.w.org\/{rel}","templated":true}]}}