{"id":115196,"date":"2026-05-05T14:25:16","date_gmt":"2026-05-05T17:25:16","guid":{"rendered":"https:\/\/www.hediyepazar.com\/?product=hafif-ve-tasinabilir-kablosuz-bluetooth-oyun-konsolu"},"modified":"2026-05-05T14:25:16","modified_gmt":"2026-05-05T17:25:16","slug":"hafif-ve-tasinabilir-kablosuz-bluetooth-oyun-konsolu","status":"publish","type":"product","link":"https:\/\/www.hediyepazar.com\/?product=hafif-ve-tasinabilir-kablosuz-bluetooth-oyun-konsolu","title":{"rendered":"Hafif ve Ta\u015f\u0131nabilir Kablosuz Bluetooth Oyun Konsolu"},"content":{"rendered":"<p>Bluetooth oyun kumandas\u0131, e\u011flenceyi ve profesyonelli\u011fi bir araya getirir. 15 x 11 x 4,5 cm \u00f6l\u00e7\u00fcleriyle kompakt yap\u0131ya sahiptir. PC, ak\u0131ll\u0131 telefon, tablet ve TV kutular\u0131yla uyumludur. \u00c7ok y\u00f6nl\u00fc ba\u011flant\u0131 se\u00e7enekleri, g\u00fc\u00e7l\u00fc pil \u00f6mr\u00fc, ergonomik tasar\u0131m ve hassas kontrol mekanizmalar\u0131 sayesinde her oyuncunun ihtiya\u00e7lar\u0131n\u0131 kar\u015f\u0131lar.<\/p>\n","protected":false},"excerpt":{"rendered":"<p>Bluetooth oyun kumandas\u0131, e\u011flenceyi ve profesyonelli\u011fi bir araya getirir. 15 x 11 x 4,5 cm \u00f6l\u00e7\u00fcleriyle kompakt yap\u0131ya sahiptir. PC, ak\u0131ll\u0131 telefon, tablet ve TV kutular\u0131yla uyumludur. \u00c7ok y\u00f6nl\u00fc ba\u011flant\u0131 se\u00e7enekleri, g\u00fc\u00e7l\u00fc pil \u00f6mr\u00fc, ergonomik tasar\u0131m ve hassas kontrol mekanizmalar\u0131 sayesinde her oyuncunun ihtiya\u00e7lar\u0131n\u0131 kar\u015f\u0131lar.<\/p>\n","protected":false},"featured_media":115195,"comment_status":"open","ping_status":"closed","template":"","meta":{"_kad_post_transparent":"","_kad_post_title":"","_kad_post_layout":"","_kad_post_sidebar_id":"","_kad_post_content_style":"","_kad_post_vertical_padding":"","_kad_post_feature":"","_kad_post_feature_position":"","_kad_post_header":false,"_kad_post_footer":false,"_kad_post_classname":""},"product_brand":[],"product_cat":[14961],"product_tag":[],"class_list":{"0":"post-115196","1":"product","2":"type-product","3":"status-publish","4":"has-post-thumbnail","6":"product_cat-oyun-konsolu-oyun-konsolu","8":"first","9":"instock","10":"purchasable","11":"product-type-simple","12":"entry","13":"content-bg","14":"loop-entry"},"_links":{"self":[{"href":"https:\/\/www.hediyepazar.com\/index.php?rest_route=\/wp\/v2\/product\/115196","targetHints":{"allow":["GET"]}}],"collection":[{"href":"https:\/\/www.hediyepazar.com\/index.php?rest_route=\/wp\/v2\/product"}],"about":[{"href":"https:\/\/www.hediyepazar.com\/index.php?rest_route=\/wp\/v2\/types\/product"}],"replies":[{"embeddable":true,"href":"https:\/\/www.hediyepazar.com\/index.php?rest_route=%2Fwp%2Fv2%2Fcomments&post=115196"}],"wp:featuredmedia":[{"embeddable":true,"href":"https:\/\/www.hediyepazar.com\/index.php?rest_route=\/wp\/v2\/media\/115195"}],"wp:attachment":[{"href":"https:\/\/www.hediyepazar.com\/index.php?rest_route=%2Fwp%2Fv2%2Fmedia&parent=115196"}],"wp:term":[{"taxonomy":"product_brand","embeddable":true,"href":"https:\/\/www.hediyepazar.com\/index.php?rest_route=%2Fwp%2Fv2%2Fproduct_brand&post=115196"},{"taxonomy":"product_cat","embeddable":true,"href":"https:\/\/www.hediyepazar.com\/index.php?rest_route=%2Fwp%2Fv2%2Fproduct_cat&post=115196"},{"taxonomy":"product_tag","embeddable":true,"href":"https:\/\/www.hediyepazar.com\/index.php?rest_route=%2Fwp%2Fv2%2Fproduct_tag&post=115196"}],"curies":[{"name":"wp","href":"https:\/\/api.w.org\/{rel}","templated":true}]}}