{"id":115202,"date":"2026-05-05T14:26:06","date_gmt":"2026-05-05T17:26:06","guid":{"rendered":"https:\/\/www.hediyepazar.com\/?product=cift-analog-joystick-ve-14-tuslu-bluetooth-oyun-kumandasi"},"modified":"2026-05-05T14:26:06","modified_gmt":"2026-05-05T17:26:06","slug":"cift-analog-joystick-ve-14-tuslu-bluetooth-oyun-kumandasi","status":"publish","type":"product","link":"https:\/\/www.hediyepazar.com\/?product=cift-analog-joystick-ve-14-tuslu-bluetooth-oyun-kumandasi","title":{"rendered":"\u00c7ift Analog Joystick ve 14 Tu\u015flu Bluetooth Oyun Kumandas\u0131"},"content":{"rendered":"<p>Bu oyun kumandas\u0131, hem modern hem de retro oyun deneyimini destekler. Android platform oyunlar\u0131n\u0131n yan\u0131 s\u0131ra klasik arcade em\u00fclat\u00f6rlerini de (PSP, GBA gibi) destekler. \u00c7ift analog joystick hassas hareket kontrol\u00fc sunarken, tu\u015flar\u0131n rahat basma hissi oyuncular i\u00e7in maksimum konfor sa\u011flar. \u00c7ok oyunculu mod deste\u011fi ile arkada\u015flar\u0131n\u0131zla e\u011flenceli oyun deneyimleri ya\u015fayabilirsiniz.<\/p>\n","protected":false},"excerpt":{"rendered":"<p>Bu oyun kumandas\u0131, hem modern hem de retro oyun deneyimini destekler. Android platform oyunlar\u0131n\u0131n yan\u0131 s\u0131ra klasik arcade em\u00fclat\u00f6rlerini de (PSP, GBA gibi) destekler. \u00c7ift analog joystick hassas hareket kontrol\u00fc sunarken, tu\u015flar\u0131n rahat basma hissi oyuncular i\u00e7in maksimum konfor sa\u011flar. \u00c7ok oyunculu mod deste\u011fi ile arkada\u015flar\u0131n\u0131zla e\u011flenceli oyun deneyimleri ya\u015fayabilirsiniz.<\/p>\n","protected":false},"featured_media":115201,"comment_status":"open","ping_status":"closed","template":"","meta":{"_kad_post_transparent":"","_kad_post_title":"","_kad_post_layout":"","_kad_post_sidebar_id":"","_kad_post_content_style":"","_kad_post_vertical_padding":"","_kad_post_feature":"","_kad_post_feature_position":"","_kad_post_header":false,"_kad_post_footer":false,"_kad_post_classname":""},"product_brand":[],"product_cat":[14961],"product_tag":[],"class_list":{"0":"post-115202","1":"product","2":"type-product","3":"status-publish","4":"has-post-thumbnail","6":"product_cat-oyun-konsolu-oyun-konsolu","8":"first","9":"instock","10":"purchasable","11":"product-type-simple","12":"entry","13":"content-bg","14":"loop-entry"},"_links":{"self":[{"href":"https:\/\/www.hediyepazar.com\/index.php?rest_route=\/wp\/v2\/product\/115202","targetHints":{"allow":["GET"]}}],"collection":[{"href":"https:\/\/www.hediyepazar.com\/index.php?rest_route=\/wp\/v2\/product"}],"about":[{"href":"https:\/\/www.hediyepazar.com\/index.php?rest_route=\/wp\/v2\/types\/product"}],"replies":[{"embeddable":true,"href":"https:\/\/www.hediyepazar.com\/index.php?rest_route=%2Fwp%2Fv2%2Fcomments&post=115202"}],"wp:featuredmedia":[{"embeddable":true,"href":"https:\/\/www.hediyepazar.com\/index.php?rest_route=\/wp\/v2\/media\/115201"}],"wp:attachment":[{"href":"https:\/\/www.hediyepazar.com\/index.php?rest_route=%2Fwp%2Fv2%2Fmedia&parent=115202"}],"wp:term":[{"taxonomy":"product_brand","embeddable":true,"href":"https:\/\/www.hediyepazar.com\/index.php?rest_route=%2Fwp%2Fv2%2Fproduct_brand&post=115202"},{"taxonomy":"product_cat","embeddable":true,"href":"https:\/\/www.hediyepazar.com\/index.php?rest_route=%2Fwp%2Fv2%2Fproduct_cat&post=115202"},{"taxonomy":"product_tag","embeddable":true,"href":"https:\/\/www.hediyepazar.com\/index.php?rest_route=%2Fwp%2Fv2%2Fproduct_tag&post=115202"}],"curies":[{"name":"wp","href":"https:\/\/api.w.org\/{rel}","templated":true}]}}