{"id":115204,"date":"2026-05-05T14:26:12","date_gmt":"2026-05-05T17:26:12","guid":{"rendered":"https:\/\/www.hediyepazar.com\/?product=ergonomik-tasarimli-sarjli-kablosuz-gamepad"},"modified":"2026-05-05T14:26:12","modified_gmt":"2026-05-05T17:26:12","slug":"ergonomik-tasarimli-sarjli-kablosuz-gamepad","status":"publish","type":"product","link":"https:\/\/www.hediyepazar.com\/?product=ergonomik-tasarimli-sarjli-kablosuz-gamepad","title":{"rendered":"Ergonomik Tasar\u0131ml\u0131 \u015earjl\u0131 Kablosuz Gamepad"},"content":{"rendered":"<p>Bluetooth oyun kumandas\u0131, Android, iOS, Windows PC, TV ve TV kutular\u0131 ile uyumludur. Bluetooth 3.0 teknolojisi sayesinde 8-10 metreye kadar kesintisiz ba\u011flant\u0131 sunar. Root veya ek s\u00fcr\u00fcc\u00fc gerektirmez, desteklenen oyunlar\u0131 indirip do\u011frudan oynayabilirsiniz. Dahili 400 mAh lityum pil ile 8 saate kadar kesintisiz oyun keyfi sa\u011flar. 2-3 saatte tam \u015farj olur. \u00c7ift analog joystick, hassas D-pad ve 14 eylem tu\u015fu ile ger\u00e7ek bir oyun deneyimi sunar.<\/p>\n","protected":false},"excerpt":{"rendered":"<p>Bluetooth oyun kumandas\u0131, Android, iOS, Windows PC, TV ve TV kutular\u0131 ile uyumludur. Bluetooth 3.0 teknolojisi sayesinde 8-10 metreye kadar kesintisiz ba\u011flant\u0131 sunar. Root veya ek s\u00fcr\u00fcc\u00fc gerektirmez, desteklenen oyunlar\u0131 indirip do\u011frudan oynayabilirsiniz. Dahili 400 mAh lityum pil ile 8 saate kadar kesintisiz oyun keyfi sa\u011flar. 2-3 saatte tam \u015farj olur. \u00c7ift analog joystick, hassas&#8230;<\/p>\n","protected":false},"featured_media":115203,"comment_status":"open","ping_status":"closed","template":"","meta":{"_kad_post_transparent":"","_kad_post_title":"","_kad_post_layout":"","_kad_post_sidebar_id":"","_kad_post_content_style":"","_kad_post_vertical_padding":"","_kad_post_feature":"","_kad_post_feature_position":"","_kad_post_header":false,"_kad_post_footer":false,"_kad_post_classname":""},"product_brand":[],"product_cat":[14961],"product_tag":[],"class_list":{"0":"post-115204","1":"product","2":"type-product","3":"status-publish","4":"has-post-thumbnail","6":"product_cat-oyun-konsolu-oyun-konsolu","8":"first","9":"instock","10":"purchasable","11":"product-type-simple","12":"entry","13":"content-bg","14":"loop-entry"},"_links":{"self":[{"href":"https:\/\/www.hediyepazar.com\/index.php?rest_route=\/wp\/v2\/product\/115204","targetHints":{"allow":["GET"]}}],"collection":[{"href":"https:\/\/www.hediyepazar.com\/index.php?rest_route=\/wp\/v2\/product"}],"about":[{"href":"https:\/\/www.hediyepazar.com\/index.php?rest_route=\/wp\/v2\/types\/product"}],"replies":[{"embeddable":true,"href":"https:\/\/www.hediyepazar.com\/index.php?rest_route=%2Fwp%2Fv2%2Fcomments&post=115204"}],"wp:featuredmedia":[{"embeddable":true,"href":"https:\/\/www.hediyepazar.com\/index.php?rest_route=\/wp\/v2\/media\/115203"}],"wp:attachment":[{"href":"https:\/\/www.hediyepazar.com\/index.php?rest_route=%2Fwp%2Fv2%2Fmedia&parent=115204"}],"wp:term":[{"taxonomy":"product_brand","embeddable":true,"href":"https:\/\/www.hediyepazar.com\/index.php?rest_route=%2Fwp%2Fv2%2Fproduct_brand&post=115204"},{"taxonomy":"product_cat","embeddable":true,"href":"https:\/\/www.hediyepazar.com\/index.php?rest_route=%2Fwp%2Fv2%2Fproduct_cat&post=115204"},{"taxonomy":"product_tag","embeddable":true,"href":"https:\/\/www.hediyepazar.com\/index.php?rest_route=%2Fwp%2Fv2%2Fproduct_tag&post=115204"}],"curies":[{"name":"wp","href":"https:\/\/api.w.org\/{rel}","templated":true}]}}