{"id":115206,"date":"2026-05-05T14:26:18","date_gmt":"2026-05-05T17:26:18","guid":{"rendered":"https:\/\/www.hediyepazar.com\/?product=bluetooth-kablosuz-oyun-kumandasi-android-ios-pc-uyumlu"},"modified":"2026-05-05T14:26:18","modified_gmt":"2026-05-05T17:26:18","slug":"bluetooth-kablosuz-oyun-kumandasi-android-ios-pc-uyumlu","status":"publish","type":"product","link":"https:\/\/www.hediyepazar.com\/?product=bluetooth-kablosuz-oyun-kumandasi-android-ios-pc-uyumlu","title":{"rendered":"Bluetooth Kablosuz Oyun Kumandas\u0131 \u2013 Android iOS PC Uyumlu"},"content":{"rendered":"<p>Ergonomik e\u011fimli tasar\u0131m\u0131 sayesinde uzun s\u00fcre oyun oynarken ellerinizi yormaz. ABS plastik malzemeden \u00fcretilmi\u015ftir ve 135 g hafifli\u011fi ile rahat ta\u015f\u0131nabilir. \u00dczerindeki geri \u00e7ekilebilir braket, cep telefonunu g\u00fcvenle sabitler. B\u00f6ylece mobil oyunlarda ekstra rahatl\u0131k sa\u011flar. Android kullan\u0131c\u0131lar\u0131 i\u00e7in Octopus, iOS kullan\u0131c\u0131lar\u0131 i\u00e7in Shootingplus V3 uygulamalar\u0131 ile uyumludur. Mobil, tablet, PC ve ak\u0131ll\u0131 televizyonlarda geni\u015f oyun deste\u011fi sunar.<\/p>\n","protected":false},"excerpt":{"rendered":"<p>Ergonomik e\u011fimli tasar\u0131m\u0131 sayesinde uzun s\u00fcre oyun oynarken ellerinizi yormaz. ABS plastik malzemeden \u00fcretilmi\u015ftir ve 135 g hafifli\u011fi ile rahat ta\u015f\u0131nabilir. \u00dczerindeki geri \u00e7ekilebilir braket, cep telefonunu g\u00fcvenle sabitler. B\u00f6ylece mobil oyunlarda ekstra rahatl\u0131k sa\u011flar. Android kullan\u0131c\u0131lar\u0131 i\u00e7in Octopus, iOS kullan\u0131c\u0131lar\u0131 i\u00e7in Shootingplus V3 uygulamalar\u0131 ile uyumludur. Mobil, tablet, PC ve ak\u0131ll\u0131 televizyonlarda geni\u015f oyun&#8230;<\/p>\n","protected":false},"featured_media":115205,"comment_status":"open","ping_status":"closed","template":"","meta":{"_kad_post_transparent":"","_kad_post_title":"","_kad_post_layout":"","_kad_post_sidebar_id":"","_kad_post_content_style":"","_kad_post_vertical_padding":"","_kad_post_feature":"","_kad_post_feature_position":"","_kad_post_header":false,"_kad_post_footer":false,"_kad_post_classname":""},"product_brand":[],"product_cat":[14961],"product_tag":[],"class_list":{"0":"post-115206","1":"product","2":"type-product","3":"status-publish","4":"has-post-thumbnail","6":"product_cat-oyun-konsolu-oyun-konsolu","8":"first","9":"instock","10":"purchasable","11":"product-type-simple","12":"entry","13":"content-bg","14":"loop-entry"},"_links":{"self":[{"href":"https:\/\/www.hediyepazar.com\/index.php?rest_route=\/wp\/v2\/product\/115206","targetHints":{"allow":["GET"]}}],"collection":[{"href":"https:\/\/www.hediyepazar.com\/index.php?rest_route=\/wp\/v2\/product"}],"about":[{"href":"https:\/\/www.hediyepazar.com\/index.php?rest_route=\/wp\/v2\/types\/product"}],"replies":[{"embeddable":true,"href":"https:\/\/www.hediyepazar.com\/index.php?rest_route=%2Fwp%2Fv2%2Fcomments&post=115206"}],"wp:featuredmedia":[{"embeddable":true,"href":"https:\/\/www.hediyepazar.com\/index.php?rest_route=\/wp\/v2\/media\/115205"}],"wp:attachment":[{"href":"https:\/\/www.hediyepazar.com\/index.php?rest_route=%2Fwp%2Fv2%2Fmedia&parent=115206"}],"wp:term":[{"taxonomy":"product_brand","embeddable":true,"href":"https:\/\/www.hediyepazar.com\/index.php?rest_route=%2Fwp%2Fv2%2Fproduct_brand&post=115206"},{"taxonomy":"product_cat","embeddable":true,"href":"https:\/\/www.hediyepazar.com\/index.php?rest_route=%2Fwp%2Fv2%2Fproduct_cat&post=115206"},{"taxonomy":"product_tag","embeddable":true,"href":"https:\/\/www.hediyepazar.com\/index.php?rest_route=%2Fwp%2Fv2%2Fproduct_tag&post=115206"}],"curies":[{"name":"wp","href":"https:\/\/api.w.org\/{rel}","templated":true}]}}