{"id":115212,"date":"2026-05-05T14:27:08","date_gmt":"2026-05-05T17:27:08","guid":{"rendered":"https:\/\/www.hediyepazar.com\/?product=guclu-bass-ve-net-tiz-ozellikli-kablosuz-hoparlor"},"modified":"2026-05-05T14:27:08","modified_gmt":"2026-05-05T17:27:08","slug":"guclu-bass-ve-net-tiz-ozellikli-kablosuz-hoparlor","status":"publish","type":"product","link":"https:\/\/www.hediyepazar.com\/?product=guclu-bass-ve-net-tiz-ozellikli-kablosuz-hoparlor","title":{"rendered":"G\u00fc\u00e7l\u00fc Bass ve Net Tiz \u00d6zellikli Kablosuz Hoparl\u00f6r"},"content":{"rendered":"<p>\u00c7ift s\u00fcr\u00fcc\u00fcl\u00fc g\u00fc\u00e7l\u00fc ses teknolojisine sahip bu ta\u015f\u0131nabilir hoparl\u00f6r, kompakt boyutuna ra\u011fmen ola\u011fan\u00fcst\u00fc ses kalitesi sunar. Kristal netli\u011finde tizler ve g\u00fc\u00e7l\u00fc bass ile t\u00fcm m\u00fczik t\u00fcrlerinde tatmin edici performans sergiler. Bluetooth 5.0 teknolojisi, kesintisiz kablosuz ba\u011flant\u0131 sa\u011flar. Ayr\u0131ca USB, SD kart ve AUX giri\u015fleri ile esnek kullan\u0131m sunar. Dayan\u0131kl\u0131 d\u0131\u015f y\u00fczeyi, her ortamda \u015f\u0131k bir g\u00f6r\u00fcn\u00fcm olu\u015fturur.<\/p>\n","protected":false},"excerpt":{"rendered":"<p>\u00c7ift s\u00fcr\u00fcc\u00fcl\u00fc g\u00fc\u00e7l\u00fc ses teknolojisine sahip bu ta\u015f\u0131nabilir hoparl\u00f6r, kompakt boyutuna ra\u011fmen ola\u011fan\u00fcst\u00fc ses kalitesi sunar. Kristal netli\u011finde tizler ve g\u00fc\u00e7l\u00fc bass ile t\u00fcm m\u00fczik t\u00fcrlerinde tatmin edici performans sergiler. Bluetooth 5.0 teknolojisi, kesintisiz kablosuz ba\u011flant\u0131 sa\u011flar. Ayr\u0131ca USB, SD kart ve AUX giri\u015fleri ile esnek kullan\u0131m sunar. Dayan\u0131kl\u0131 d\u0131\u015f y\u00fczeyi, her ortamda \u015f\u0131k bir&#8230;<\/p>\n","protected":false},"featured_media":115211,"comment_status":"open","ping_status":"closed","template":"","meta":{"_kad_post_transparent":"","_kad_post_title":"","_kad_post_layout":"","_kad_post_sidebar_id":"","_kad_post_content_style":"","_kad_post_vertical_padding":"","_kad_post_feature":"","_kad_post_feature_position":"","_kad_post_header":false,"_kad_post_footer":false,"_kad_post_classname":""},"product_brand":[],"product_cat":[14911],"product_tag":[],"class_list":{"0":"post-115212","1":"product","2":"type-product","3":"status-publish","4":"has-post-thumbnail","6":"product_cat-kablosuz-hoparlor-kablosuz-hoparlor","8":"first","9":"instock","10":"purchasable","11":"product-type-simple","12":"entry","13":"content-bg","14":"loop-entry"},"_links":{"self":[{"href":"https:\/\/www.hediyepazar.com\/index.php?rest_route=\/wp\/v2\/product\/115212","targetHints":{"allow":["GET"]}}],"collection":[{"href":"https:\/\/www.hediyepazar.com\/index.php?rest_route=\/wp\/v2\/product"}],"about":[{"href":"https:\/\/www.hediyepazar.com\/index.php?rest_route=\/wp\/v2\/types\/product"}],"replies":[{"embeddable":true,"href":"https:\/\/www.hediyepazar.com\/index.php?rest_route=%2Fwp%2Fv2%2Fcomments&post=115212"}],"wp:featuredmedia":[{"embeddable":true,"href":"https:\/\/www.hediyepazar.com\/index.php?rest_route=\/wp\/v2\/media\/115211"}],"wp:attachment":[{"href":"https:\/\/www.hediyepazar.com\/index.php?rest_route=%2Fwp%2Fv2%2Fmedia&parent=115212"}],"wp:term":[{"taxonomy":"product_brand","embeddable":true,"href":"https:\/\/www.hediyepazar.com\/index.php?rest_route=%2Fwp%2Fv2%2Fproduct_brand&post=115212"},{"taxonomy":"product_cat","embeddable":true,"href":"https:\/\/www.hediyepazar.com\/index.php?rest_route=%2Fwp%2Fv2%2Fproduct_cat&post=115212"},{"taxonomy":"product_tag","embeddable":true,"href":"https:\/\/www.hediyepazar.com\/index.php?rest_route=%2Fwp%2Fv2%2Fproduct_tag&post=115212"}],"curies":[{"name":"wp","href":"https:\/\/api.w.org\/{rel}","templated":true}]}}