{"id":115220,"date":"2026-05-05T14:29:08","date_gmt":"2026-05-05T17:29:08","guid":{"rendered":"https:\/\/www.hediyepazar.com\/?product=cift-mikrofonlu-kompakt-karaoke-hoparlor-uzun-pil-omru"},"modified":"2026-05-05T14:29:08","modified_gmt":"2026-05-05T17:29:08","slug":"cift-mikrofonlu-kompakt-karaoke-hoparlor-uzun-pil-omru","status":"publish","type":"product","link":"https:\/\/www.hediyepazar.com\/?product=cift-mikrofonlu-kompakt-karaoke-hoparlor-uzun-pil-omru","title":{"rendered":"\u00c7ift Mikrofonlu Kompakt Karaoke Hoparl\u00f6r \u2013 Uzun Pil \u00d6mr\u00fc"},"content":{"rendered":"<p>Ta\u015f\u0131nabilir karaoke hoparl\u00f6r, \u00e7ok y\u00f6nl\u00fc \u00f6zellikleri ile \u00f6ne \u00e7\u0131kar. 2400 mAh batarya kapasitesi ile uzun s\u00fcre kesintisiz kullan\u0131m sa\u011flar. Bluetooth 5.0 teknolojisi sayesinde cihazlar aras\u0131nda h\u0131zl\u0131 ve stabil ba\u011flant\u0131 sunar. AUX ve USB giri\u015fleri, farkl\u0131 medya kaynaklar\u0131n\u0131 destekler. \u00c7ift mikrofon deste\u011fi, profesyonel ses \u00e7\u0131k\u0131\u015f\u0131 ve efekt se\u00e7enekleri ile karaoke deneyimini daha e\u011flenceli hale getirir. Ergonomik tasar\u0131m\u0131 ve ta\u015f\u0131ma sap\u0131 sayesinde her etkinlikte yan\u0131n\u0131zda kolayca g\u00f6t\u00fcrebilirsiniz.<\/p>\n","protected":false},"excerpt":{"rendered":"<p>Ta\u015f\u0131nabilir karaoke hoparl\u00f6r, \u00e7ok y\u00f6nl\u00fc \u00f6zellikleri ile \u00f6ne \u00e7\u0131kar. 2400 mAh batarya kapasitesi ile uzun s\u00fcre kesintisiz kullan\u0131m sa\u011flar. Bluetooth 5.0 teknolojisi sayesinde cihazlar aras\u0131nda h\u0131zl\u0131 ve stabil ba\u011flant\u0131 sunar. AUX ve USB giri\u015fleri, farkl\u0131 medya kaynaklar\u0131n\u0131 destekler. \u00c7ift mikrofon deste\u011fi, profesyonel ses \u00e7\u0131k\u0131\u015f\u0131 ve efekt se\u00e7enekleri ile karaoke deneyimini daha e\u011flenceli hale getirir. Ergonomik&#8230;<\/p>\n","protected":false},"featured_media":115219,"comment_status":"open","ping_status":"closed","template":"","meta":{"_kad_post_transparent":"","_kad_post_title":"","_kad_post_layout":"","_kad_post_sidebar_id":"","_kad_post_content_style":"","_kad_post_vertical_padding":"","_kad_post_feature":"","_kad_post_feature_position":"","_kad_post_header":false,"_kad_post_footer":false,"_kad_post_classname":""},"product_brand":[],"product_cat":[14911],"product_tag":[],"class_list":{"0":"post-115220","1":"product","2":"type-product","3":"status-publish","4":"has-post-thumbnail","6":"product_cat-kablosuz-hoparlor-kablosuz-hoparlor","8":"first","9":"instock","10":"purchasable","11":"product-type-simple","12":"entry","13":"content-bg","14":"loop-entry"},"_links":{"self":[{"href":"https:\/\/www.hediyepazar.com\/index.php?rest_route=\/wp\/v2\/product\/115220","targetHints":{"allow":["GET"]}}],"collection":[{"href":"https:\/\/www.hediyepazar.com\/index.php?rest_route=\/wp\/v2\/product"}],"about":[{"href":"https:\/\/www.hediyepazar.com\/index.php?rest_route=\/wp\/v2\/types\/product"}],"replies":[{"embeddable":true,"href":"https:\/\/www.hediyepazar.com\/index.php?rest_route=%2Fwp%2Fv2%2Fcomments&post=115220"}],"wp:featuredmedia":[{"embeddable":true,"href":"https:\/\/www.hediyepazar.com\/index.php?rest_route=\/wp\/v2\/media\/115219"}],"wp:attachment":[{"href":"https:\/\/www.hediyepazar.com\/index.php?rest_route=%2Fwp%2Fv2%2Fmedia&parent=115220"}],"wp:term":[{"taxonomy":"product_brand","embeddable":true,"href":"https:\/\/www.hediyepazar.com\/index.php?rest_route=%2Fwp%2Fv2%2Fproduct_brand&post=115220"},{"taxonomy":"product_cat","embeddable":true,"href":"https:\/\/www.hediyepazar.com\/index.php?rest_route=%2Fwp%2Fv2%2Fproduct_cat&post=115220"},{"taxonomy":"product_tag","embeddable":true,"href":"https:\/\/www.hediyepazar.com\/index.php?rest_route=%2Fwp%2Fv2%2Fproduct_tag&post=115220"}],"curies":[{"name":"wp","href":"https:\/\/api.w.org\/{rel}","templated":true}]}}