{"id":115222,"date":"2026-05-05T14:29:14","date_gmt":"2026-05-05T17:29:14","guid":{"rendered":"https:\/\/www.hediyepazar.com\/?product=bluetooth-5-0-destekli-kablosuz-karaoke-hoparlor"},"modified":"2026-05-05T14:29:14","modified_gmt":"2026-05-05T17:29:14","slug":"bluetooth-5-0-destekli-kablosuz-karaoke-hoparlor","status":"publish","type":"product","link":"https:\/\/www.hediyepazar.com\/?product=bluetooth-5-0-destekli-kablosuz-karaoke-hoparlor","title":{"rendered":"Bluetooth 5.0 Destekli Kablosuz Karaoke Hoparl\u00f6r"},"content":{"rendered":"<p>Bu hoparl\u00f6r, g\u00fc\u00e7l\u00fc ses performans\u0131n\u0131n yan\u0131 s\u0131ra g\u00f6rsel olarak da fark yarat\u0131r. \u00dczerinde bulunan LED \u0131\u015f\u0131klar, m\u00fczi\u011fin ritmi ile senkronize \u00e7al\u0131\u015f\u0131r ve parti atmosferi olu\u015fturur. Renkli \u0131\u015f\u0131klar sayesinde kutlamalar daha keyifli hale gelir. \u0130stenildi\u011finde \u0131\u015f\u0131klar kapat\u0131larak sade bir kullan\u0131m sa\u011flanabilir. Profesyonel ses \u00e7\u0131k\u0131\u015f\u0131, bas-tiz dengesi ve g\u00fcr\u00fclt\u00fcs\u00fcz mikrofon deste\u011fi ile hem e\u011flence hem de i\u015f ama\u00e7l\u0131 kullan\u0131labilir.<\/p>\n","protected":false},"excerpt":{"rendered":"<p>Bu hoparl\u00f6r, g\u00fc\u00e7l\u00fc ses performans\u0131n\u0131n yan\u0131 s\u0131ra g\u00f6rsel olarak da fark yarat\u0131r. \u00dczerinde bulunan LED \u0131\u015f\u0131klar, m\u00fczi\u011fin ritmi ile senkronize \u00e7al\u0131\u015f\u0131r ve parti atmosferi olu\u015fturur. Renkli \u0131\u015f\u0131klar sayesinde kutlamalar daha keyifli hale gelir. \u0130stenildi\u011finde \u0131\u015f\u0131klar kapat\u0131larak sade bir kullan\u0131m sa\u011flanabilir. Profesyonel ses \u00e7\u0131k\u0131\u015f\u0131, bas-tiz dengesi ve g\u00fcr\u00fclt\u00fcs\u00fcz mikrofon deste\u011fi ile hem e\u011flence hem de i\u015f&#8230;<\/p>\n","protected":false},"featured_media":115221,"comment_status":"open","ping_status":"closed","template":"","meta":{"_kad_post_transparent":"","_kad_post_title":"","_kad_post_layout":"","_kad_post_sidebar_id":"","_kad_post_content_style":"","_kad_post_vertical_padding":"","_kad_post_feature":"","_kad_post_feature_position":"","_kad_post_header":false,"_kad_post_footer":false,"_kad_post_classname":""},"product_brand":[],"product_cat":[14911],"product_tag":[],"class_list":{"0":"post-115222","1":"product","2":"type-product","3":"status-publish","4":"has-post-thumbnail","6":"product_cat-kablosuz-hoparlor-kablosuz-hoparlor","8":"first","9":"instock","10":"purchasable","11":"product-type-simple","12":"entry","13":"content-bg","14":"loop-entry"},"_links":{"self":[{"href":"https:\/\/www.hediyepazar.com\/index.php?rest_route=\/wp\/v2\/product\/115222","targetHints":{"allow":["GET"]}}],"collection":[{"href":"https:\/\/www.hediyepazar.com\/index.php?rest_route=\/wp\/v2\/product"}],"about":[{"href":"https:\/\/www.hediyepazar.com\/index.php?rest_route=\/wp\/v2\/types\/product"}],"replies":[{"embeddable":true,"href":"https:\/\/www.hediyepazar.com\/index.php?rest_route=%2Fwp%2Fv2%2Fcomments&post=115222"}],"wp:featuredmedia":[{"embeddable":true,"href":"https:\/\/www.hediyepazar.com\/index.php?rest_route=\/wp\/v2\/media\/115221"}],"wp:attachment":[{"href":"https:\/\/www.hediyepazar.com\/index.php?rest_route=%2Fwp%2Fv2%2Fmedia&parent=115222"}],"wp:term":[{"taxonomy":"product_brand","embeddable":true,"href":"https:\/\/www.hediyepazar.com\/index.php?rest_route=%2Fwp%2Fv2%2Fproduct_brand&post=115222"},{"taxonomy":"product_cat","embeddable":true,"href":"https:\/\/www.hediyepazar.com\/index.php?rest_route=%2Fwp%2Fv2%2Fproduct_cat&post=115222"},{"taxonomy":"product_tag","embeddable":true,"href":"https:\/\/www.hediyepazar.com\/index.php?rest_route=%2Fwp%2Fv2%2Fproduct_tag&post=115222"}],"curies":[{"name":"wp","href":"https:\/\/api.w.org\/{rel}","templated":true}]}}