{"id":115226,"date":"2026-05-05T14:30:59","date_gmt":"2026-05-05T17:30:59","guid":{"rendered":"https:\/\/www.hediyepazar.com\/?product=ses-efektli-mikrofonlu-kablosuz-karaoke-sistemi"},"modified":"2026-05-05T14:30:59","modified_gmt":"2026-05-05T17:30:59","slug":"ses-efektli-mikrofonlu-kablosuz-karaoke-sistemi","status":"publish","type":"product","link":"https:\/\/www.hediyepazar.com\/?product=ses-efektli-mikrofonlu-kablosuz-karaoke-sistemi","title":{"rendered":"Ses Efektli Mikrofonlu Kablosuz Karaoke Sistemi"},"content":{"rendered":"<p>Karaoke hoparl\u00f6r, 2400 mAh bataryas\u0131 ile uzun s\u00fcreli kullan\u0131m sa\u011flar. Type-C h\u0131zl\u0131 \u015farj deste\u011fi sayesinde k\u0131sa s\u00fcrede \u015farj olur ve \u015farj s\u0131ras\u0131nda da kullan\u0131labilir. Bu sayede kesintisiz e\u011flence sunar. Bluetooth 5.0 ba\u011flant\u0131s\u0131 ile telefon, tablet, bilgisayar ve televizyon gibi cihazlarla kolayca e\u015fle\u015fir. \u00c7oklu ba\u011flant\u0131 se\u00e7enekleri ile AUX ve USB giri\u015flerini de destekler. LED \u0131\u015f\u0131klar\u0131 kapat\u0131larak daha sade bir kullan\u0131m da m\u00fcmk\u00fcnd\u00fcr.<\/p>\n","protected":false},"excerpt":{"rendered":"<p>Karaoke hoparl\u00f6r, 2400 mAh bataryas\u0131 ile uzun s\u00fcreli kullan\u0131m sa\u011flar. Type-C h\u0131zl\u0131 \u015farj deste\u011fi sayesinde k\u0131sa s\u00fcrede \u015farj olur ve \u015farj s\u0131ras\u0131nda da kullan\u0131labilir. Bu sayede kesintisiz e\u011flence sunar. Bluetooth 5.0 ba\u011flant\u0131s\u0131 ile telefon, tablet, bilgisayar ve televizyon gibi cihazlarla kolayca e\u015fle\u015fir. \u00c7oklu ba\u011flant\u0131 se\u00e7enekleri ile AUX ve USB giri\u015flerini de destekler. LED \u0131\u015f\u0131klar\u0131 kapat\u0131larak&#8230;<\/p>\n","protected":false},"featured_media":115225,"comment_status":"open","ping_status":"closed","template":"","meta":{"_kad_post_transparent":"","_kad_post_title":"","_kad_post_layout":"","_kad_post_sidebar_id":"","_kad_post_content_style":"","_kad_post_vertical_padding":"","_kad_post_feature":"","_kad_post_feature_position":"","_kad_post_header":false,"_kad_post_footer":false,"_kad_post_classname":""},"product_brand":[],"product_cat":[14911],"product_tag":[],"class_list":{"0":"post-115226","1":"product","2":"type-product","3":"status-publish","4":"has-post-thumbnail","6":"product_cat-kablosuz-hoparlor-kablosuz-hoparlor","8":"first","9":"instock","10":"purchasable","11":"product-type-simple","12":"entry","13":"content-bg","14":"loop-entry"},"_links":{"self":[{"href":"https:\/\/www.hediyepazar.com\/index.php?rest_route=\/wp\/v2\/product\/115226","targetHints":{"allow":["GET"]}}],"collection":[{"href":"https:\/\/www.hediyepazar.com\/index.php?rest_route=\/wp\/v2\/product"}],"about":[{"href":"https:\/\/www.hediyepazar.com\/index.php?rest_route=\/wp\/v2\/types\/product"}],"replies":[{"embeddable":true,"href":"https:\/\/www.hediyepazar.com\/index.php?rest_route=%2Fwp%2Fv2%2Fcomments&post=115226"}],"wp:featuredmedia":[{"embeddable":true,"href":"https:\/\/www.hediyepazar.com\/index.php?rest_route=\/wp\/v2\/media\/115225"}],"wp:attachment":[{"href":"https:\/\/www.hediyepazar.com\/index.php?rest_route=%2Fwp%2Fv2%2Fmedia&parent=115226"}],"wp:term":[{"taxonomy":"product_brand","embeddable":true,"href":"https:\/\/www.hediyepazar.com\/index.php?rest_route=%2Fwp%2Fv2%2Fproduct_brand&post=115226"},{"taxonomy":"product_cat","embeddable":true,"href":"https:\/\/www.hediyepazar.com\/index.php?rest_route=%2Fwp%2Fv2%2Fproduct_cat&post=115226"},{"taxonomy":"product_tag","embeddable":true,"href":"https:\/\/www.hediyepazar.com\/index.php?rest_route=%2Fwp%2Fv2%2Fproduct_tag&post=115226"}],"curies":[{"name":"wp","href":"https:\/\/api.w.org\/{rel}","templated":true}]}}