{"id":115228,"date":"2026-05-05T14:31:07","date_gmt":"2026-05-05T17:31:07","guid":{"rendered":"https:\/\/www.hediyepazar.com\/?product=tasinabilir-bluetooth-karaoke-hoparlor-2400-mah-batarya"},"modified":"2026-05-05T14:31:07","modified_gmt":"2026-05-05T17:31:07","slug":"tasinabilir-bluetooth-karaoke-hoparlor-2400-mah-batarya","status":"publish","type":"product","link":"https:\/\/www.hediyepazar.com\/?product=tasinabilir-bluetooth-karaoke-hoparlor-2400-mah-batarya","title":{"rendered":"Ta\u015f\u0131nabilir Bluetooth Karaoke Hoparl\u00f6r \u2013 2400 mAh Batarya"},"content":{"rendered":"<p>Bu ta\u015f\u0131nabilir hoparl\u00f6r, hem e\u011flence hem de profesyonel kullan\u0131m i\u00e7in tasarlanm\u0131\u015ft\u0131r. Y\u00fcksek hassasiyetli hoparl\u00f6rleri sayesinde sesler bozulmadan net bir \u015fekilde iletilir. \u0130ki adet kablosuz mikrofonla gelen cihaz, aile e\u011flenceleri, \u00e7ocuk aktiviteleri ve kutlamalar i\u00e7in idealdir. Mikrofonlardan biri ses efektleri ile \u015fark\u0131 performans\u0131na e\u011flence katar. LED \u0131\u015f\u0131klar m\u00fczik temposuna g\u00f6re yan\u0131p s\u00f6nerek dinamik bir atmosfer olu\u015fturur. Hafif ve ergonomik yap\u0131s\u0131 ile her yere kolayca ta\u015f\u0131nabilir.<\/p>\n","protected":false},"excerpt":{"rendered":"<p>Bu ta\u015f\u0131nabilir hoparl\u00f6r, hem e\u011flence hem de profesyonel kullan\u0131m i\u00e7in tasarlanm\u0131\u015ft\u0131r. Y\u00fcksek hassasiyetli hoparl\u00f6rleri sayesinde sesler bozulmadan net bir \u015fekilde iletilir. \u0130ki adet kablosuz mikrofonla gelen cihaz, aile e\u011flenceleri, \u00e7ocuk aktiviteleri ve kutlamalar i\u00e7in idealdir. Mikrofonlardan biri ses efektleri ile \u015fark\u0131 performans\u0131na e\u011flence katar. LED \u0131\u015f\u0131klar m\u00fczik temposuna g\u00f6re yan\u0131p s\u00f6nerek dinamik bir atmosfer olu\u015fturur&#8230;.<\/p>\n","protected":false},"featured_media":115227,"comment_status":"open","ping_status":"closed","template":"","meta":{"_kad_post_transparent":"","_kad_post_title":"","_kad_post_layout":"","_kad_post_sidebar_id":"","_kad_post_content_style":"","_kad_post_vertical_padding":"","_kad_post_feature":"","_kad_post_feature_position":"","_kad_post_header":false,"_kad_post_footer":false,"_kad_post_classname":""},"product_brand":[],"product_cat":[14911],"product_tag":[],"class_list":{"0":"post-115228","1":"product","2":"type-product","3":"status-publish","4":"has-post-thumbnail","6":"product_cat-kablosuz-hoparlor-kablosuz-hoparlor","8":"first","9":"instock","10":"purchasable","11":"product-type-simple","12":"entry","13":"content-bg","14":"loop-entry"},"_links":{"self":[{"href":"https:\/\/www.hediyepazar.com\/index.php?rest_route=\/wp\/v2\/product\/115228","targetHints":{"allow":["GET"]}}],"collection":[{"href":"https:\/\/www.hediyepazar.com\/index.php?rest_route=\/wp\/v2\/product"}],"about":[{"href":"https:\/\/www.hediyepazar.com\/index.php?rest_route=\/wp\/v2\/types\/product"}],"replies":[{"embeddable":true,"href":"https:\/\/www.hediyepazar.com\/index.php?rest_route=%2Fwp%2Fv2%2Fcomments&post=115228"}],"wp:featuredmedia":[{"embeddable":true,"href":"https:\/\/www.hediyepazar.com\/index.php?rest_route=\/wp\/v2\/media\/115227"}],"wp:attachment":[{"href":"https:\/\/www.hediyepazar.com\/index.php?rest_route=%2Fwp%2Fv2%2Fmedia&parent=115228"}],"wp:term":[{"taxonomy":"product_brand","embeddable":true,"href":"https:\/\/www.hediyepazar.com\/index.php?rest_route=%2Fwp%2Fv2%2Fproduct_brand&post=115228"},{"taxonomy":"product_cat","embeddable":true,"href":"https:\/\/www.hediyepazar.com\/index.php?rest_route=%2Fwp%2Fv2%2Fproduct_cat&post=115228"},{"taxonomy":"product_tag","embeddable":true,"href":"https:\/\/www.hediyepazar.com\/index.php?rest_route=%2Fwp%2Fv2%2Fproduct_tag&post=115228"}],"curies":[{"name":"wp","href":"https:\/\/api.w.org\/{rel}","templated":true}]}}