{"id":115230,"date":"2026-05-05T14:31:14","date_gmt":"2026-05-05T17:31:14","guid":{"rendered":"https:\/\/www.hediyepazar.com\/?product=kablosuz-karaoke-hoparlor-cift-mikrofon-ve-led-isikli"},"modified":"2026-05-05T14:31:14","modified_gmt":"2026-05-05T17:31:14","slug":"kablosuz-karaoke-hoparlor-cift-mikrofon-ve-led-isikli","status":"publish","type":"product","link":"https:\/\/www.hediyepazar.com\/?product=kablosuz-karaoke-hoparlor-cift-mikrofon-ve-led-isikli","title":{"rendered":"Kablosuz Karaoke Hoparl\u00f6r \u2013 \u00c7ift Mikrofon ve LED I\u015f\u0131kl\u0131"},"content":{"rendered":"<p>Kablosuz karaoke hoparl\u00f6r, g\u00fc\u00e7l\u00fc ses s\u00fcr\u00fcc\u00fcleri ve geli\u015fmi\u015f tuning \u00e7ipi ile her ortamda \u00fcst\u00fcn ses deneyimi ya\u015fat\u0131r. Bas ve tiz frekanslarda dengeli ses \u00e7\u0131k\u0131\u015f\u0131 sunarak m\u00fczik dinlemeyi keyifli hale getirir. Bluetooth 5.0 teknolojisi ile 10-12 metreye kadar kesintisiz ba\u011flant\u0131 sa\u011flar. USB ve AUX giri\u015fleri ile farkl\u0131 medya kaynaklar\u0131n\u0131 da destekler. \u00c7ift mikrofon deste\u011fi, karaoke keyfini art\u0131r\u0131r. 2400 mAh bataryas\u0131 ile 6-10 saat kesintisiz kullan\u0131m imkan\u0131 sunar. LED \u0131\u015f\u0131klar\u0131 sayesinde parti atmosferini evinize ta\u015f\u0131rs\u0131n\u0131z.<\/p>\n","protected":false},"excerpt":{"rendered":"<p>Kablosuz karaoke hoparl\u00f6r, g\u00fc\u00e7l\u00fc ses s\u00fcr\u00fcc\u00fcleri ve geli\u015fmi\u015f tuning \u00e7ipi ile her ortamda \u00fcst\u00fcn ses deneyimi ya\u015fat\u0131r. Bas ve tiz frekanslarda dengeli ses \u00e7\u0131k\u0131\u015f\u0131 sunarak m\u00fczik dinlemeyi keyifli hale getirir. Bluetooth 5.0 teknolojisi ile 10-12 metreye kadar kesintisiz ba\u011flant\u0131 sa\u011flar. USB ve AUX giri\u015fleri ile farkl\u0131 medya kaynaklar\u0131n\u0131 da destekler. \u00c7ift mikrofon deste\u011fi, karaoke keyfini&#8230;<\/p>\n","protected":false},"featured_media":115229,"comment_status":"open","ping_status":"closed","template":"","meta":{"_kad_post_transparent":"","_kad_post_title":"","_kad_post_layout":"","_kad_post_sidebar_id":"","_kad_post_content_style":"","_kad_post_vertical_padding":"","_kad_post_feature":"","_kad_post_feature_position":"","_kad_post_header":false,"_kad_post_footer":false,"_kad_post_classname":""},"product_brand":[],"product_cat":[14911],"product_tag":[],"class_list":{"0":"post-115230","1":"product","2":"type-product","3":"status-publish","4":"has-post-thumbnail","6":"product_cat-kablosuz-hoparlor-kablosuz-hoparlor","8":"first","9":"instock","10":"purchasable","11":"product-type-simple","12":"entry","13":"content-bg","14":"loop-entry"},"_links":{"self":[{"href":"https:\/\/www.hediyepazar.com\/index.php?rest_route=\/wp\/v2\/product\/115230","targetHints":{"allow":["GET"]}}],"collection":[{"href":"https:\/\/www.hediyepazar.com\/index.php?rest_route=\/wp\/v2\/product"}],"about":[{"href":"https:\/\/www.hediyepazar.com\/index.php?rest_route=\/wp\/v2\/types\/product"}],"replies":[{"embeddable":true,"href":"https:\/\/www.hediyepazar.com\/index.php?rest_route=%2Fwp%2Fv2%2Fcomments&post=115230"}],"wp:featuredmedia":[{"embeddable":true,"href":"https:\/\/www.hediyepazar.com\/index.php?rest_route=\/wp\/v2\/media\/115229"}],"wp:attachment":[{"href":"https:\/\/www.hediyepazar.com\/index.php?rest_route=%2Fwp%2Fv2%2Fmedia&parent=115230"}],"wp:term":[{"taxonomy":"product_brand","embeddable":true,"href":"https:\/\/www.hediyepazar.com\/index.php?rest_route=%2Fwp%2Fv2%2Fproduct_brand&post=115230"},{"taxonomy":"product_cat","embeddable":true,"href":"https:\/\/www.hediyepazar.com\/index.php?rest_route=%2Fwp%2Fv2%2Fproduct_cat&post=115230"},{"taxonomy":"product_tag","embeddable":true,"href":"https:\/\/www.hediyepazar.com\/index.php?rest_route=%2Fwp%2Fv2%2Fproduct_tag&post=115230"}],"curies":[{"name":"wp","href":"https:\/\/api.w.org\/{rel}","templated":true}]}}