{"id":115236,"date":"2026-05-05T14:32:15","date_gmt":"2026-05-05T17:32:15","guid":{"rendered":"https:\/\/www.hediyepazar.com\/?product=uzun-pil-omru-ve-hizli-sarj-ozellikli-bluetooth-kulaklik"},"modified":"2026-05-05T14:32:15","modified_gmt":"2026-05-05T17:32:15","slug":"uzun-pil-omru-ve-hizli-sarj-ozellikli-bluetooth-kulaklik","status":"publish","type":"product","link":"https:\/\/www.hediyepazar.com\/?product=uzun-pil-omru-ve-hizli-sarj-ozellikli-bluetooth-kulaklik","title":{"rendered":"Uzun Pil \u00d6mr\u00fc ve H\u0131zl\u0131 \u015earj \u00d6zellikli Bluetooth Kulakl\u0131k"},"content":{"rendered":"<p>Kablosuz kulakl\u0131k, ses kalitesi ve dayan\u0131kl\u0131l\u0131\u011f\u0131yla dikkat \u00e7eker. Bas ve tiz dengesi sayesinde m\u00fczik dinlerken berrak bir deneyim sunar. Film ve video izlerken gecikme olmadan senkronize ses verir. Oyunlarda d\u00fc\u015f\u00fck gecikmeli mod ile rakiplerinize kar\u015f\u0131 avantaj sa\u011flar. IPX4 sertifikas\u0131, kulakl\u0131\u011f\u0131 ya\u011fmur ve ter kar\u015f\u0131s\u0131nda dayan\u0131kl\u0131 hale getirir. Spor yaparken veya y\u00fcr\u00fcy\u00fc\u015f s\u0131ras\u0131nda g\u00fcvenle kullan\u0131labilir. Manyetik tasar\u0131m, kulakl\u0131klar\u0131n kaybolmas\u0131n\u0131 \u00f6nler. Ergonomik kulak i\u00e7i yap\u0131s\u0131, kula\u011fa tam oturur ve uzun s\u00fcre kullan\u0131mda konfor sa\u011flar.<\/p>\n","protected":false},"excerpt":{"rendered":"<p>Kablosuz kulakl\u0131k, ses kalitesi ve dayan\u0131kl\u0131l\u0131\u011f\u0131yla dikkat \u00e7eker. Bas ve tiz dengesi sayesinde m\u00fczik dinlerken berrak bir deneyim sunar. Film ve video izlerken gecikme olmadan senkronize ses verir. Oyunlarda d\u00fc\u015f\u00fck gecikmeli mod ile rakiplerinize kar\u015f\u0131 avantaj sa\u011flar. IPX4 sertifikas\u0131, kulakl\u0131\u011f\u0131 ya\u011fmur ve ter kar\u015f\u0131s\u0131nda dayan\u0131kl\u0131 hale getirir. Spor yaparken veya y\u00fcr\u00fcy\u00fc\u015f s\u0131ras\u0131nda g\u00fcvenle kullan\u0131labilir. Manyetik&#8230;<\/p>\n","protected":false},"featured_media":115235,"comment_status":"open","ping_status":"closed","template":"","meta":{"_kad_post_transparent":"","_kad_post_title":"","_kad_post_layout":"","_kad_post_sidebar_id":"","_kad_post_content_style":"","_kad_post_vertical_padding":"","_kad_post_feature":"","_kad_post_feature_position":"","_kad_post_header":false,"_kad_post_footer":false,"_kad_post_classname":""},"product_brand":[],"product_cat":[14957],"product_tag":[],"class_list":{"0":"post-115236","1":"product","2":"type-product","3":"status-publish","4":"has-post-thumbnail","6":"product_cat-kablosuz-kulaklik-kablosuz-kulaklik","8":"first","9":"instock","10":"purchasable","11":"product-type-simple","12":"entry","13":"content-bg","14":"loop-entry"},"_links":{"self":[{"href":"https:\/\/www.hediyepazar.com\/index.php?rest_route=\/wp\/v2\/product\/115236","targetHints":{"allow":["GET"]}}],"collection":[{"href":"https:\/\/www.hediyepazar.com\/index.php?rest_route=\/wp\/v2\/product"}],"about":[{"href":"https:\/\/www.hediyepazar.com\/index.php?rest_route=\/wp\/v2\/types\/product"}],"replies":[{"embeddable":true,"href":"https:\/\/www.hediyepazar.com\/index.php?rest_route=%2Fwp%2Fv2%2Fcomments&post=115236"}],"wp:featuredmedia":[{"embeddable":true,"href":"https:\/\/www.hediyepazar.com\/index.php?rest_route=\/wp\/v2\/media\/115235"}],"wp:attachment":[{"href":"https:\/\/www.hediyepazar.com\/index.php?rest_route=%2Fwp%2Fv2%2Fmedia&parent=115236"}],"wp:term":[{"taxonomy":"product_brand","embeddable":true,"href":"https:\/\/www.hediyepazar.com\/index.php?rest_route=%2Fwp%2Fv2%2Fproduct_brand&post=115236"},{"taxonomy":"product_cat","embeddable":true,"href":"https:\/\/www.hediyepazar.com\/index.php?rest_route=%2Fwp%2Fv2%2Fproduct_cat&post=115236"},{"taxonomy":"product_tag","embeddable":true,"href":"https:\/\/www.hediyepazar.com\/index.php?rest_route=%2Fwp%2Fv2%2Fproduct_tag&post=115236"}],"curies":[{"name":"wp","href":"https:\/\/api.w.org\/{rel}","templated":true}]}}