{"id":115238,"date":"2026-05-05T14:32:24","date_gmt":"2026-05-05T17:32:24","guid":{"rendered":"https:\/\/www.hediyepazar.com\/?product=gurultu-azaltmali-mikrofonlu-kablosuz-bluetooth-kulaklik"},"modified":"2026-05-05T14:32:24","modified_gmt":"2026-05-05T17:32:24","slug":"gurultu-azaltmali-mikrofonlu-kablosuz-bluetooth-kulaklik","status":"publish","type":"product","link":"https:\/\/www.hediyepazar.com\/?product=gurultu-azaltmali-mikrofonlu-kablosuz-bluetooth-kulaklik","title":{"rendered":"G\u00fcr\u00fclt\u00fc Azaltmal\u0131 Mikrofonlu Kablosuz Bluetooth Kulakl\u0131k"},"content":{"rendered":"<p>Bluetooth 5.1 kulakl\u0131k, modern kullan\u0131c\u0131lar\u0131n beklentilerini kar\u015f\u0131lamak \u00fczere geli\u015ftirilmi\u015ftir. H\u0131zl\u0131 ba\u011flant\u0131, d\u00fc\u015f\u00fck enerji t\u00fcketimi ve g\u00fc\u00e7l\u00fc sinyal kalitesi sunar. G\u00fcr\u00fclt\u00fc azaltma teknolojili mikrofon, g\u00f6r\u00fc\u015fmelerde sesinizi net bir \u015fekilde iletir. 100 saatlik bekleme s\u00fcresi, g\u00fcnl\u00fck kullan\u0131mda \u015farj endi\u015fesini ortadan kald\u0131r\u0131r. Kulakl\u0131klar\u0131n 30 mAh bataryas\u0131 ve kutunun 250 mAh kapasitesi, uzun s\u00fcreli kullan\u0131m i\u00e7in idealdir. Dokunmatik kontrol \u00f6zelli\u011fi ile m\u00fczik, arama ve mod ge\u00e7i\u015flerini kolayca yapabilirsiniz. LED g\u00f6stergeli \u015farj kutusu, \u015farj durumunu takip etmenizi sa\u011flar. Hem i\u015f hem e\u011flence i\u00e7in fonksiyonel bir se\u00e7imdir.<\/p>\n","protected":false},"excerpt":{"rendered":"<p>Bluetooth 5.1 kulakl\u0131k, modern kullan\u0131c\u0131lar\u0131n beklentilerini kar\u015f\u0131lamak \u00fczere geli\u015ftirilmi\u015ftir. H\u0131zl\u0131 ba\u011flant\u0131, d\u00fc\u015f\u00fck enerji t\u00fcketimi ve g\u00fc\u00e7l\u00fc sinyal kalitesi sunar. G\u00fcr\u00fclt\u00fc azaltma teknolojili mikrofon, g\u00f6r\u00fc\u015fmelerde sesinizi net bir \u015fekilde iletir. 100 saatlik bekleme s\u00fcresi, g\u00fcnl\u00fck kullan\u0131mda \u015farj endi\u015fesini ortadan kald\u0131r\u0131r. Kulakl\u0131klar\u0131n 30 mAh bataryas\u0131 ve kutunun 250 mAh kapasitesi, uzun s\u00fcreli kullan\u0131m i\u00e7in idealdir. Dokunmatik kontrol&#8230;<\/p>\n","protected":false},"featured_media":115237,"comment_status":"open","ping_status":"closed","template":"","meta":{"_kad_post_transparent":"","_kad_post_title":"","_kad_post_layout":"","_kad_post_sidebar_id":"","_kad_post_content_style":"","_kad_post_vertical_padding":"","_kad_post_feature":"","_kad_post_feature_position":"","_kad_post_header":false,"_kad_post_footer":false,"_kad_post_classname":""},"product_brand":[],"product_cat":[14957],"product_tag":[],"class_list":{"0":"post-115238","1":"product","2":"type-product","3":"status-publish","4":"has-post-thumbnail","6":"product_cat-kablosuz-kulaklik-kablosuz-kulaklik","8":"first","9":"instock","10":"purchasable","11":"product-type-simple","12":"entry","13":"content-bg","14":"loop-entry"},"_links":{"self":[{"href":"https:\/\/www.hediyepazar.com\/index.php?rest_route=\/wp\/v2\/product\/115238","targetHints":{"allow":["GET"]}}],"collection":[{"href":"https:\/\/www.hediyepazar.com\/index.php?rest_route=\/wp\/v2\/product"}],"about":[{"href":"https:\/\/www.hediyepazar.com\/index.php?rest_route=\/wp\/v2\/types\/product"}],"replies":[{"embeddable":true,"href":"https:\/\/www.hediyepazar.com\/index.php?rest_route=%2Fwp%2Fv2%2Fcomments&post=115238"}],"wp:featuredmedia":[{"embeddable":true,"href":"https:\/\/www.hediyepazar.com\/index.php?rest_route=\/wp\/v2\/media\/115237"}],"wp:attachment":[{"href":"https:\/\/www.hediyepazar.com\/index.php?rest_route=%2Fwp%2Fv2%2Fmedia&parent=115238"}],"wp:term":[{"taxonomy":"product_brand","embeddable":true,"href":"https:\/\/www.hediyepazar.com\/index.php?rest_route=%2Fwp%2Fv2%2Fproduct_brand&post=115238"},{"taxonomy":"product_cat","embeddable":true,"href":"https:\/\/www.hediyepazar.com\/index.php?rest_route=%2Fwp%2Fv2%2Fproduct_cat&post=115238"},{"taxonomy":"product_tag","embeddable":true,"href":"https:\/\/www.hediyepazar.com\/index.php?rest_route=%2Fwp%2Fv2%2Fproduct_tag&post=115238"}],"curies":[{"name":"wp","href":"https:\/\/api.w.org\/{rel}","templated":true}]}}