{"id":115240,"date":"2026-05-05T14:33:00","date_gmt":"2026-05-05T17:33:00","guid":{"rendered":"https:\/\/www.hediyepazar.com\/?product=suya-dayanikli-manyetik-spor-ve-gunluk-kullanim-kulakligi"},"modified":"2026-05-05T14:33:00","modified_gmt":"2026-05-05T17:33:00","slug":"suya-dayanikli-manyetik-spor-ve-gunluk-kullanim-kulakligi","status":"publish","type":"product","link":"https:\/\/www.hediyepazar.com\/?product=suya-dayanikli-manyetik-spor-ve-gunluk-kullanim-kulakligi","title":{"rendered":"Suya Dayan\u0131kl\u0131 Manyetik Spor ve G\u00fcnl\u00fck Kullan\u0131m Kulakl\u0131\u011f\u0131"},"content":{"rendered":"<p>Bu kablosuz kulakl\u0131k, \u00fcst\u00fcn ses performans\u0131 ve pratik kullan\u0131m \u00f6zellikleriyle \u00f6ne \u00e7\u0131kar. Hareketli bobin kompozit film ve mikro hoparl\u00f6r yap\u0131s\u0131 sayesinde m\u00fczik dinlerken her detay\u0131 net bir \u015fekilde duyabilirsiniz. Oyun moduna ge\u00e7i\u015f yapt\u0131\u011f\u0131n\u0131zda d\u00fc\u015f\u00fck gecikme \u00f6zelli\u011fiyle y\u00f6nleri ve ses detaylar\u0131n\u0131 kolayca ay\u0131rt edebilirsiniz. \u015earj kutusu, kulakl\u0131klar\u0131 birden fazla kez \u015farj ederek kesintisiz m\u00fczik keyfi ya\u015fat\u0131r. Ayr\u0131ca sadece 1 saatte tam \u015farj olur. Manyetik kulakl\u0131k tasar\u0131m\u0131, kullan\u0131lmad\u0131\u011f\u0131nda boyunda ta\u015f\u0131nabilmesini sa\u011flar. Ergonomik kulak i\u00e7i yap\u0131s\u0131, uzun s\u00fcreli kullan\u0131mlarda bile rahats\u0131z etmez. IPX4 korumas\u0131 sayesinde ya\u011fmurda veya spor s\u0131ras\u0131nda g\u00fcvenle kullanabilirsiniz.<\/p>\n","protected":false},"excerpt":{"rendered":"<p>Bu kablosuz kulakl\u0131k, \u00fcst\u00fcn ses performans\u0131 ve pratik kullan\u0131m \u00f6zellikleriyle \u00f6ne \u00e7\u0131kar. Hareketli bobin kompozit film ve mikro hoparl\u00f6r yap\u0131s\u0131 sayesinde m\u00fczik dinlerken her detay\u0131 net bir \u015fekilde duyabilirsiniz. Oyun moduna ge\u00e7i\u015f yapt\u0131\u011f\u0131n\u0131zda d\u00fc\u015f\u00fck gecikme \u00f6zelli\u011fiyle y\u00f6nleri ve ses detaylar\u0131n\u0131 kolayca ay\u0131rt edebilirsiniz. \u015earj kutusu, kulakl\u0131klar\u0131 birden fazla kez \u015farj ederek kesintisiz m\u00fczik keyfi ya\u015fat\u0131r&#8230;.<\/p>\n","protected":false},"featured_media":115239,"comment_status":"open","ping_status":"closed","template":"","meta":{"_kad_post_transparent":"","_kad_post_title":"","_kad_post_layout":"","_kad_post_sidebar_id":"","_kad_post_content_style":"","_kad_post_vertical_padding":"","_kad_post_feature":"","_kad_post_feature_position":"","_kad_post_header":false,"_kad_post_footer":false,"_kad_post_classname":""},"product_brand":[],"product_cat":[14957],"product_tag":[],"class_list":{"0":"post-115240","1":"product","2":"type-product","3":"status-publish","4":"has-post-thumbnail","6":"product_cat-kablosuz-kulaklik-kablosuz-kulaklik","8":"first","9":"instock","10":"purchasable","11":"product-type-simple","12":"entry","13":"content-bg","14":"loop-entry"},"_links":{"self":[{"href":"https:\/\/www.hediyepazar.com\/index.php?rest_route=\/wp\/v2\/product\/115240","targetHints":{"allow":["GET"]}}],"collection":[{"href":"https:\/\/www.hediyepazar.com\/index.php?rest_route=\/wp\/v2\/product"}],"about":[{"href":"https:\/\/www.hediyepazar.com\/index.php?rest_route=\/wp\/v2\/types\/product"}],"replies":[{"embeddable":true,"href":"https:\/\/www.hediyepazar.com\/index.php?rest_route=%2Fwp%2Fv2%2Fcomments&post=115240"}],"wp:featuredmedia":[{"embeddable":true,"href":"https:\/\/www.hediyepazar.com\/index.php?rest_route=\/wp\/v2\/media\/115239"}],"wp:attachment":[{"href":"https:\/\/www.hediyepazar.com\/index.php?rest_route=%2Fwp%2Fv2%2Fmedia&parent=115240"}],"wp:term":[{"taxonomy":"product_brand","embeddable":true,"href":"https:\/\/www.hediyepazar.com\/index.php?rest_route=%2Fwp%2Fv2%2Fproduct_brand&post=115240"},{"taxonomy":"product_cat","embeddable":true,"href":"https:\/\/www.hediyepazar.com\/index.php?rest_route=%2Fwp%2Fv2%2Fproduct_cat&post=115240"},{"taxonomy":"product_tag","embeddable":true,"href":"https:\/\/www.hediyepazar.com\/index.php?rest_route=%2Fwp%2Fv2%2Fproduct_tag&post=115240"}],"curies":[{"name":"wp","href":"https:\/\/api.w.org\/{rel}","templated":true}]}}