{"id":115246,"date":"2026-05-05T14:33:21","date_gmt":"2026-05-05T17:33:21","guid":{"rendered":"https:\/\/www.hediyepazar.com\/?product=otomatik-kapanma-ozellikli-ultrasonik-hava-nemlendirici"},"modified":"2026-05-05T14:33:21","modified_gmt":"2026-05-05T17:33:21","slug":"otomatik-kapanma-ozellikli-ultrasonik-hava-nemlendirici","status":"publish","type":"product","link":"https:\/\/www.hediyepazar.com\/?product=otomatik-kapanma-ozellikli-ultrasonik-hava-nemlendirici","title":{"rendered":"Otomatik Kapanma \u00d6zellikli Ultrasonik Hava Nemlendirici"},"content":{"rendered":"<p>Tek tu\u015fla 2 farkl\u0131 sprey modu (s\u00fcrekli ve aral\u0131kl\u0131) ile \u00e7al\u0131\u015f\u0131r. Su seviyesi azald\u0131\u011f\u0131nda otomatik kapanma \u00f6zelli\u011fi devreye girer ve g\u00fcvenli\u011fi sa\u011flar. USB ba\u011flant\u0131s\u0131 sayesinde bilgisayar, adapt\u00f6r ya da powerbank \u00fczerinden kolayca \u015farj edilebilir. Ta\u015f\u0131nabilir yap\u0131s\u0131 ile evde, ofiste veya seyahatte rahatl\u0131kla kullan\u0131labilir.<\/p>\n","protected":false},"excerpt":{"rendered":"<p>Tek tu\u015fla 2 farkl\u0131 sprey modu (s\u00fcrekli ve aral\u0131kl\u0131) ile \u00e7al\u0131\u015f\u0131r. Su seviyesi azald\u0131\u011f\u0131nda otomatik kapanma \u00f6zelli\u011fi devreye girer ve g\u00fcvenli\u011fi sa\u011flar. USB ba\u011flant\u0131s\u0131 sayesinde bilgisayar, adapt\u00f6r ya da powerbank \u00fczerinden kolayca \u015farj edilebilir. Ta\u015f\u0131nabilir yap\u0131s\u0131 ile evde, ofiste veya seyahatte rahatl\u0131kla kullan\u0131labilir.<\/p>\n","protected":false},"featured_media":115245,"comment_status":"open","ping_status":"closed","template":"","meta":{"_kad_post_transparent":"","_kad_post_title":"","_kad_post_layout":"","_kad_post_sidebar_id":"","_kad_post_content_style":"","_kad_post_vertical_padding":"","_kad_post_feature":"","_kad_post_feature_position":"","_kad_post_header":false,"_kad_post_footer":false,"_kad_post_classname":""},"product_brand":[],"product_cat":[14965],"product_tag":[],"class_list":{"0":"post-115246","1":"product","2":"type-product","3":"status-publish","4":"has-post-thumbnail","6":"product_cat-hava-nemlendirici-hava-nemlendirici","8":"first","9":"instock","10":"purchasable","11":"product-type-simple","12":"entry","13":"content-bg","14":"loop-entry"},"_links":{"self":[{"href":"https:\/\/www.hediyepazar.com\/index.php?rest_route=\/wp\/v2\/product\/115246","targetHints":{"allow":["GET"]}}],"collection":[{"href":"https:\/\/www.hediyepazar.com\/index.php?rest_route=\/wp\/v2\/product"}],"about":[{"href":"https:\/\/www.hediyepazar.com\/index.php?rest_route=\/wp\/v2\/types\/product"}],"replies":[{"embeddable":true,"href":"https:\/\/www.hediyepazar.com\/index.php?rest_route=%2Fwp%2Fv2%2Fcomments&post=115246"}],"wp:featuredmedia":[{"embeddable":true,"href":"https:\/\/www.hediyepazar.com\/index.php?rest_route=\/wp\/v2\/media\/115245"}],"wp:attachment":[{"href":"https:\/\/www.hediyepazar.com\/index.php?rest_route=%2Fwp%2Fv2%2Fmedia&parent=115246"}],"wp:term":[{"taxonomy":"product_brand","embeddable":true,"href":"https:\/\/www.hediyepazar.com\/index.php?rest_route=%2Fwp%2Fv2%2Fproduct_brand&post=115246"},{"taxonomy":"product_cat","embeddable":true,"href":"https:\/\/www.hediyepazar.com\/index.php?rest_route=%2Fwp%2Fv2%2Fproduct_cat&post=115246"},{"taxonomy":"product_tag","embeddable":true,"href":"https:\/\/www.hediyepazar.com\/index.php?rest_route=%2Fwp%2Fv2%2Fproduct_tag&post=115246"}],"curies":[{"name":"wp","href":"https:\/\/api.w.org\/{rel}","templated":true}]}}