{"id":115250,"date":"2026-05-05T14:34:12","date_gmt":"2026-05-05T17:34:12","guid":{"rendered":"https:\/\/www.hediyepazar.com\/?product=usb-sarjli-volkanik-tasarimli-buhar-makinesi"},"modified":"2026-05-05T14:34:12","modified_gmt":"2026-05-05T17:34:12","slug":"usb-sarjli-volkanik-tasarimli-buhar-makinesi","status":"publish","type":"product","link":"https:\/\/www.hediyepazar.com\/?product=usb-sarjli-volkanik-tasarimli-buhar-makinesi","title":{"rendered":"USB \u015earjl\u0131 Volkanik Tasar\u0131ml\u0131 Buhar Makinesi"},"content":{"rendered":"<p>Lavanta, \u00e7ay a\u011fac\u0131 veya limon gibi farkl\u0131 u\u00e7ucu ya\u011flar ekleyerek bulundu\u011funuz alan\u0131 ferahlat\u0131c\u0131 kokularla doldurabilirsiniz. \u0130nce nano buhar sayesinde aromalar ortama e\u015fit \u015fekilde yay\u0131l\u0131r, stres azalt\u0131c\u0131 ve rahatlat\u0131c\u0131 etkiler sa\u011flar. G\u00fcn\u00fcn yorgunlu\u011funu atmak ve zihninizi sakinle\u015ftirmek i\u00e7in m\u00fckemmel bir \u00e7\u00f6z\u00fcmd\u00fcr.<\/p>\n","protected":false},"excerpt":{"rendered":"<p>Lavanta, \u00e7ay a\u011fac\u0131 veya limon gibi farkl\u0131 u\u00e7ucu ya\u011flar ekleyerek bulundu\u011funuz alan\u0131 ferahlat\u0131c\u0131 kokularla doldurabilirsiniz. \u0130nce nano buhar sayesinde aromalar ortama e\u015fit \u015fekilde yay\u0131l\u0131r, stres azalt\u0131c\u0131 ve rahatlat\u0131c\u0131 etkiler sa\u011flar. G\u00fcn\u00fcn yorgunlu\u011funu atmak ve zihninizi sakinle\u015ftirmek i\u00e7in m\u00fckemmel bir \u00e7\u00f6z\u00fcmd\u00fcr.<\/p>\n","protected":false},"featured_media":115249,"comment_status":"open","ping_status":"closed","template":"","meta":{"_kad_post_transparent":"","_kad_post_title":"","_kad_post_layout":"","_kad_post_sidebar_id":"","_kad_post_content_style":"","_kad_post_vertical_padding":"","_kad_post_feature":"","_kad_post_feature_position":"","_kad_post_header":false,"_kad_post_footer":false,"_kad_post_classname":""},"product_brand":[],"product_cat":[14965],"product_tag":[],"class_list":{"0":"post-115250","1":"product","2":"type-product","3":"status-publish","4":"has-post-thumbnail","6":"product_cat-hava-nemlendirici-hava-nemlendirici","8":"first","9":"instock","10":"purchasable","11":"product-type-simple","12":"entry","13":"content-bg","14":"loop-entry"},"_links":{"self":[{"href":"https:\/\/www.hediyepazar.com\/index.php?rest_route=\/wp\/v2\/product\/115250","targetHints":{"allow":["GET"]}}],"collection":[{"href":"https:\/\/www.hediyepazar.com\/index.php?rest_route=\/wp\/v2\/product"}],"about":[{"href":"https:\/\/www.hediyepazar.com\/index.php?rest_route=\/wp\/v2\/types\/product"}],"replies":[{"embeddable":true,"href":"https:\/\/www.hediyepazar.com\/index.php?rest_route=%2Fwp%2Fv2%2Fcomments&post=115250"}],"wp:featuredmedia":[{"embeddable":true,"href":"https:\/\/www.hediyepazar.com\/index.php?rest_route=\/wp\/v2\/media\/115249"}],"wp:attachment":[{"href":"https:\/\/www.hediyepazar.com\/index.php?rest_route=%2Fwp%2Fv2%2Fmedia&parent=115250"}],"wp:term":[{"taxonomy":"product_brand","embeddable":true,"href":"https:\/\/www.hediyepazar.com\/index.php?rest_route=%2Fwp%2Fv2%2Fproduct_brand&post=115250"},{"taxonomy":"product_cat","embeddable":true,"href":"https:\/\/www.hediyepazar.com\/index.php?rest_route=%2Fwp%2Fv2%2Fproduct_cat&post=115250"},{"taxonomy":"product_tag","embeddable":true,"href":"https:\/\/www.hediyepazar.com\/index.php?rest_route=%2Fwp%2Fv2%2Fproduct_tag&post=115250"}],"curies":[{"name":"wp","href":"https:\/\/api.w.org\/{rel}","templated":true}]}}