{"id":115252,"date":"2026-05-05T14:34:21","date_gmt":"2026-05-05T17:34:21","guid":{"rendered":"https:\/\/www.hediyepazar.com\/?product=aromaterapi-difuzorlu-sessiz-calisan-hava-nemlendirici"},"modified":"2026-05-05T14:34:21","modified_gmt":"2026-05-05T17:34:21","slug":"aromaterapi-difuzorlu-sessiz-calisan-hava-nemlendirici","status":"publish","type":"product","link":"https:\/\/www.hediyepazar.com\/?product=aromaterapi-difuzorlu-sessiz-calisan-hava-nemlendirici","title":{"rendered":"Aromaterapi Dif\u00fcz\u00f6rl\u00fc Sessiz \u00c7al\u0131\u015fan Hava Nemlendirici"},"content":{"rendered":"<p>Ultrasonik atomizasyon teknolojisi sayesinde suyu ve u\u00e7ucu ya\u011flar\u0131 molek\u00fcler d\u00fczeyde par\u00e7alayan cihaz, 30 dB\u2019nin alt\u0131nda sessiz \u00e7al\u0131\u015f\u0131r. Kuru havay\u0131 nemlendirerek cilt kurulu\u011fu, bo\u011faz tahri\u015fi ve solunum sorunlar\u0131n\u0131 \u00f6nlemeye yard\u0131mc\u0131 olur. Uyurken, \u00e7al\u0131\u015f\u0131rken veya dinlenirken rahats\u0131z etmeden kullan\u0131labilir. Hem sa\u011fl\u0131kl\u0131 hem de konforlu bir ortam olu\u015fturur.<\/p>\n","protected":false},"excerpt":{"rendered":"<p>Ultrasonik atomizasyon teknolojisi sayesinde suyu ve u\u00e7ucu ya\u011flar\u0131 molek\u00fcler d\u00fczeyde par\u00e7alayan cihaz, 30 dB\u2019nin alt\u0131nda sessiz \u00e7al\u0131\u015f\u0131r. Kuru havay\u0131 nemlendirerek cilt kurulu\u011fu, bo\u011faz tahri\u015fi ve solunum sorunlar\u0131n\u0131 \u00f6nlemeye yard\u0131mc\u0131 olur. Uyurken, \u00e7al\u0131\u015f\u0131rken veya dinlenirken rahats\u0131z etmeden kullan\u0131labilir. Hem sa\u011fl\u0131kl\u0131 hem de konforlu bir ortam olu\u015fturur.<\/p>\n","protected":false},"featured_media":115251,"comment_status":"open","ping_status":"closed","template":"","meta":{"_kad_post_transparent":"","_kad_post_title":"","_kad_post_layout":"","_kad_post_sidebar_id":"","_kad_post_content_style":"","_kad_post_vertical_padding":"","_kad_post_feature":"","_kad_post_feature_position":"","_kad_post_header":false,"_kad_post_footer":false,"_kad_post_classname":""},"product_brand":[],"product_cat":[14965],"product_tag":[],"class_list":{"0":"post-115252","1":"product","2":"type-product","3":"status-publish","4":"has-post-thumbnail","6":"product_cat-hava-nemlendirici-hava-nemlendirici","8":"first","9":"instock","10":"purchasable","11":"product-type-simple","12":"entry","13":"content-bg","14":"loop-entry"},"_links":{"self":[{"href":"https:\/\/www.hediyepazar.com\/index.php?rest_route=\/wp\/v2\/product\/115252","targetHints":{"allow":["GET"]}}],"collection":[{"href":"https:\/\/www.hediyepazar.com\/index.php?rest_route=\/wp\/v2\/product"}],"about":[{"href":"https:\/\/www.hediyepazar.com\/index.php?rest_route=\/wp\/v2\/types\/product"}],"replies":[{"embeddable":true,"href":"https:\/\/www.hediyepazar.com\/index.php?rest_route=%2Fwp%2Fv2%2Fcomments&post=115252"}],"wp:featuredmedia":[{"embeddable":true,"href":"https:\/\/www.hediyepazar.com\/index.php?rest_route=\/wp\/v2\/media\/115251"}],"wp:attachment":[{"href":"https:\/\/www.hediyepazar.com\/index.php?rest_route=%2Fwp%2Fv2%2Fmedia&parent=115252"}],"wp:term":[{"taxonomy":"product_brand","embeddable":true,"href":"https:\/\/www.hediyepazar.com\/index.php?rest_route=%2Fwp%2Fv2%2Fproduct_brand&post=115252"},{"taxonomy":"product_cat","embeddable":true,"href":"https:\/\/www.hediyepazar.com\/index.php?rest_route=%2Fwp%2Fv2%2Fproduct_cat&post=115252"},{"taxonomy":"product_tag","embeddable":true,"href":"https:\/\/www.hediyepazar.com\/index.php?rest_route=%2Fwp%2Fv2%2Fproduct_tag&post=115252"}],"curies":[{"name":"wp","href":"https:\/\/api.w.org\/{rel}","templated":true}]}}