{"id":115254,"date":"2026-05-05T14:35:00","date_gmt":"2026-05-05T17:35:00","guid":{"rendered":"https:\/\/www.hediyepazar.com\/?product=volkanik-tasarimli-led-isikli-ultrasonik-nemlendirici"},"modified":"2026-05-05T14:35:00","modified_gmt":"2026-05-05T17:35:00","slug":"volkanik-tasarimli-led-isikli-ultrasonik-nemlendirici","status":"publish","type":"product","link":"https:\/\/www.hediyepazar.com\/?product=volkanik-tasarimli-led-isikli-ultrasonik-nemlendirici","title":{"rendered":"Volkanik Tasar\u0131ml\u0131 LED I\u015f\u0131kl\u0131 Ultrasonik Nemlendirici"},"content":{"rendered":"<p>Volkanik ayd\u0131nlatma efekti sayesinde bulundu\u011funuz ortama estetik bir dokunu\u015f katan bu nemlendirici, ayn\u0131 zamanda g\u00fc\u00e7l\u00fc bir aromaterapi dif\u00fcz\u00f6r\u00fcd\u00fcr. 280 ml su haznesi ile uzun s\u00fcreli kullan\u0131m sunar, s\u0131k s\u0131k doldurma ihtiyac\u0131n\u0131 ortadan kald\u0131r\u0131r. De\u011fi\u015fen LED \u0131\u015f\u0131klar\u0131, romantik ve huzurlu bir atmosfer yarat\u0131r. Hem dekoratif hem de i\u015flevsel olan bu cihaz, evinizin havas\u0131n\u0131 tamamen yeniler.<\/p>\n","protected":false},"excerpt":{"rendered":"<p>Volkanik ayd\u0131nlatma efekti sayesinde bulundu\u011funuz ortama estetik bir dokunu\u015f katan bu nemlendirici, ayn\u0131 zamanda g\u00fc\u00e7l\u00fc bir aromaterapi dif\u00fcz\u00f6r\u00fcd\u00fcr. 280 ml su haznesi ile uzun s\u00fcreli kullan\u0131m sunar, s\u0131k s\u0131k doldurma ihtiyac\u0131n\u0131 ortadan kald\u0131r\u0131r. De\u011fi\u015fen LED \u0131\u015f\u0131klar\u0131, romantik ve huzurlu bir atmosfer yarat\u0131r. Hem dekoratif hem de i\u015flevsel olan bu cihaz, evinizin havas\u0131n\u0131 tamamen yeniler.<\/p>\n","protected":false},"featured_media":115253,"comment_status":"open","ping_status":"closed","template":"","meta":{"_kad_post_transparent":"","_kad_post_title":"","_kad_post_layout":"","_kad_post_sidebar_id":"","_kad_post_content_style":"","_kad_post_vertical_padding":"","_kad_post_feature":"","_kad_post_feature_position":"","_kad_post_header":false,"_kad_post_footer":false,"_kad_post_classname":""},"product_brand":[],"product_cat":[14965],"product_tag":[],"class_list":{"0":"post-115254","1":"product","2":"type-product","3":"status-publish","4":"has-post-thumbnail","6":"product_cat-hava-nemlendirici-hava-nemlendirici","8":"first","9":"instock","10":"purchasable","11":"product-type-simple","12":"entry","13":"content-bg","14":"loop-entry"},"_links":{"self":[{"href":"https:\/\/www.hediyepazar.com\/index.php?rest_route=\/wp\/v2\/product\/115254","targetHints":{"allow":["GET"]}}],"collection":[{"href":"https:\/\/www.hediyepazar.com\/index.php?rest_route=\/wp\/v2\/product"}],"about":[{"href":"https:\/\/www.hediyepazar.com\/index.php?rest_route=\/wp\/v2\/types\/product"}],"replies":[{"embeddable":true,"href":"https:\/\/www.hediyepazar.com\/index.php?rest_route=%2Fwp%2Fv2%2Fcomments&post=115254"}],"wp:featuredmedia":[{"embeddable":true,"href":"https:\/\/www.hediyepazar.com\/index.php?rest_route=\/wp\/v2\/media\/115253"}],"wp:attachment":[{"href":"https:\/\/www.hediyepazar.com\/index.php?rest_route=%2Fwp%2Fv2%2Fmedia&parent=115254"}],"wp:term":[{"taxonomy":"product_brand","embeddable":true,"href":"https:\/\/www.hediyepazar.com\/index.php?rest_route=%2Fwp%2Fv2%2Fproduct_brand&post=115254"},{"taxonomy":"product_cat","embeddable":true,"href":"https:\/\/www.hediyepazar.com\/index.php?rest_route=%2Fwp%2Fv2%2Fproduct_cat&post=115254"},{"taxonomy":"product_tag","embeddable":true,"href":"https:\/\/www.hediyepazar.com\/index.php?rest_route=%2Fwp%2Fv2%2Fproduct_tag&post=115254"}],"curies":[{"name":"wp","href":"https:\/\/api.w.org\/{rel}","templated":true}]}}