{"id":115258,"date":"2026-05-05T14:35:15","date_gmt":"2026-05-05T17:35:15","guid":{"rendered":"https:\/\/www.hediyepazar.com\/?product=tasinabilir-bluetooth-4-1-ses-adaptoru-10-metre-cekim-mesafesi"},"modified":"2026-05-05T14:35:15","modified_gmt":"2026-05-05T17:35:15","slug":"tasinabilir-bluetooth-4-1-ses-adaptoru-10-metre-cekim-mesafesi","status":"publish","type":"product","link":"https:\/\/www.hediyepazar.com\/?product=tasinabilir-bluetooth-4-1-ses-adaptoru-10-metre-cekim-mesafesi","title":{"rendered":"Ta\u015f\u0131nabilir Bluetooth 4.1 Ses Adapt\u00f6r\u00fc \u2013 10 Metre \u00c7ekim Mesafesi"},"content":{"rendered":"<p>Kurulum ve kullan\u0131m a\u00e7\u0131s\u0131ndan son derece basittir. Bluetooth al\u0131c\u0131n\u0131z\u0131 \u015farj edin, 3.5mm jak ile cihaz\u0131n\u0131za tak\u0131n ve ak\u0131ll\u0131 telefonunuzla e\u015fle\u015ftirin. Art\u0131k m\u00fczi\u011finizi kablosuz olarak dinlemeye haz\u0131rs\u0131n\u0131z! Ekstra uygulama, karma\u015f\u0131k ayar veya teknik bilgiye ihtiya\u00e7 yoktur. Herkesin rahatl\u0131kla kullanabilece\u011fi \u015fekilde tasarlanm\u0131\u015ft\u0131r.Kompakt yap\u0131s\u0131 sayesinde kolayca ta\u015f\u0131nabilir. Kullan\u0131c\u0131 dostu aray\u00fcz\u00fc ve dayan\u0131kl\u0131 ABS plastik malzemesi, uzun s\u00fcreli kullan\u0131m sa\u011flar. K\u00fc\u00e7\u00fck boyutuna ra\u011fmen g\u00fc\u00e7l\u00fc performans\u0131 ile sizi \u015fa\u015f\u0131rtacak bir cihazd\u0131r.<\/p>\n","protected":false},"excerpt":{"rendered":"<p>Kurulum ve kullan\u0131m a\u00e7\u0131s\u0131ndan son derece basittir. Bluetooth al\u0131c\u0131n\u0131z\u0131 \u015farj edin, 3.5mm jak ile cihaz\u0131n\u0131za tak\u0131n ve ak\u0131ll\u0131 telefonunuzla e\u015fle\u015ftirin. Art\u0131k m\u00fczi\u011finizi kablosuz olarak dinlemeye haz\u0131rs\u0131n\u0131z! Ekstra uygulama, karma\u015f\u0131k ayar veya teknik bilgiye ihtiya\u00e7 yoktur. Herkesin rahatl\u0131kla kullanabilece\u011fi \u015fekilde tasarlanm\u0131\u015ft\u0131r.Kompakt yap\u0131s\u0131 sayesinde kolayca ta\u015f\u0131nabilir. Kullan\u0131c\u0131 dostu aray\u00fcz\u00fc ve dayan\u0131kl\u0131 ABS plastik malzemesi, uzun s\u00fcreli kullan\u0131m&#8230;<\/p>\n","protected":false},"featured_media":115257,"comment_status":"open","ping_status":"closed","template":"","meta":{"_kad_post_transparent":"","_kad_post_title":"","_kad_post_layout":"","_kad_post_sidebar_id":"","_kad_post_content_style":"","_kad_post_vertical_padding":"","_kad_post_feature":"","_kad_post_feature_position":"","_kad_post_header":false,"_kad_post_footer":false,"_kad_post_classname":""},"product_brand":[],"product_cat":[15020],"product_tag":[],"class_list":{"0":"post-115258","1":"product","2":"type-product","3":"status-publish","4":"has-post-thumbnail","6":"product_cat-bluetooth-arac-kiti-bluetooth-arac-kiti","8":"first","9":"instock","10":"purchasable","11":"product-type-simple","12":"entry","13":"content-bg","14":"loop-entry"},"_links":{"self":[{"href":"https:\/\/www.hediyepazar.com\/index.php?rest_route=\/wp\/v2\/product\/115258","targetHints":{"allow":["GET"]}}],"collection":[{"href":"https:\/\/www.hediyepazar.com\/index.php?rest_route=\/wp\/v2\/product"}],"about":[{"href":"https:\/\/www.hediyepazar.com\/index.php?rest_route=\/wp\/v2\/types\/product"}],"replies":[{"embeddable":true,"href":"https:\/\/www.hediyepazar.com\/index.php?rest_route=%2Fwp%2Fv2%2Fcomments&post=115258"}],"wp:featuredmedia":[{"embeddable":true,"href":"https:\/\/www.hediyepazar.com\/index.php?rest_route=\/wp\/v2\/media\/115257"}],"wp:attachment":[{"href":"https:\/\/www.hediyepazar.com\/index.php?rest_route=%2Fwp%2Fv2%2Fmedia&parent=115258"}],"wp:term":[{"taxonomy":"product_brand","embeddable":true,"href":"https:\/\/www.hediyepazar.com\/index.php?rest_route=%2Fwp%2Fv2%2Fproduct_brand&post=115258"},{"taxonomy":"product_cat","embeddable":true,"href":"https:\/\/www.hediyepazar.com\/index.php?rest_route=%2Fwp%2Fv2%2Fproduct_cat&post=115258"},{"taxonomy":"product_tag","embeddable":true,"href":"https:\/\/www.hediyepazar.com\/index.php?rest_route=%2Fwp%2Fv2%2Fproduct_tag&post=115258"}],"curies":[{"name":"wp","href":"https:\/\/api.w.org\/{rel}","templated":true}]}}