{"id":115260,"date":"2026-05-05T14:35:21","date_gmt":"2026-05-05T17:35:21","guid":{"rendered":"https:\/\/www.hediyepazar.com\/?product=bluetooth-destekli-ses-alicisi-eski-cihazlariniza-yenilik-katin"},"modified":"2026-05-05T14:35:21","modified_gmt":"2026-05-05T17:35:21","slug":"bluetooth-destekli-ses-alicisi-eski-cihazlariniza-yenilik-katin","status":"publish","type":"product","link":"https:\/\/www.hediyepazar.com\/?product=bluetooth-destekli-ses-alicisi-eski-cihazlariniza-yenilik-katin","title":{"rendered":"Bluetooth Destekli Ses Al\u0131c\u0131s\u0131 \u2013 Eski Cihazlar\u0131n\u0131za Yenilik Kat\u0131n"},"content":{"rendered":"<p>G\u00fcnl\u00fck kullan\u0131m i\u00e7in ideal olan bu ses al\u0131c\u0131s\u0131, yaln\u0131zca 30 dakikada \u015farj olur ve 4 saate kadar kesintisiz m\u00fczik keyfi sunar. H\u0131zl\u0131 \u015farj \u00f6zelli\u011fi sayesinde uzun toplant\u0131larda, k\u0131sa yolculuklarda ya da g\u00fcnl\u00fck aktivitelerde sizi yar\u0131 yolda b\u0131rakmaz. USB \u00fczerinden kolayca \u015farj edilebilir.Enerji tasarruflu yap\u0131s\u0131 sayesinde pil \u00f6mr\u00fc maksimum seviyede tutulur. Kompakt boyutu ve klipsli tasar\u0131m\u0131, ta\u015f\u0131rken kaybolma riskini azalt\u0131r. B\u00f6ylece her an yan\u0131n\u0131zda ta\u015f\u0131yabilir, diledi\u011finiz yerde \u00f6zg\u00fcrce m\u00fczi\u011fin tad\u0131n\u0131 \u00e7\u0131karabilirsiniz.<\/p>\n","protected":false},"excerpt":{"rendered":"<p>G\u00fcnl\u00fck kullan\u0131m i\u00e7in ideal olan bu ses al\u0131c\u0131s\u0131, yaln\u0131zca 30 dakikada \u015farj olur ve 4 saate kadar kesintisiz m\u00fczik keyfi sunar. H\u0131zl\u0131 \u015farj \u00f6zelli\u011fi sayesinde uzun toplant\u0131larda, k\u0131sa yolculuklarda ya da g\u00fcnl\u00fck aktivitelerde sizi yar\u0131 yolda b\u0131rakmaz. USB \u00fczerinden kolayca \u015farj edilebilir.Enerji tasarruflu yap\u0131s\u0131 sayesinde pil \u00f6mr\u00fc maksimum seviyede tutulur. Kompakt boyutu ve klipsli tasar\u0131m\u0131,&#8230;<\/p>\n","protected":false},"featured_media":115259,"comment_status":"open","ping_status":"closed","template":"","meta":{"_kad_post_transparent":"","_kad_post_title":"","_kad_post_layout":"","_kad_post_sidebar_id":"","_kad_post_content_style":"","_kad_post_vertical_padding":"","_kad_post_feature":"","_kad_post_feature_position":"","_kad_post_header":false,"_kad_post_footer":false,"_kad_post_classname":""},"product_brand":[],"product_cat":[15020],"product_tag":[],"class_list":{"0":"post-115260","1":"product","2":"type-product","3":"status-publish","4":"has-post-thumbnail","6":"product_cat-bluetooth-arac-kiti-bluetooth-arac-kiti","8":"first","9":"instock","10":"purchasable","11":"product-type-simple","12":"entry","13":"content-bg","14":"loop-entry"},"_links":{"self":[{"href":"https:\/\/www.hediyepazar.com\/index.php?rest_route=\/wp\/v2\/product\/115260","targetHints":{"allow":["GET"]}}],"collection":[{"href":"https:\/\/www.hediyepazar.com\/index.php?rest_route=\/wp\/v2\/product"}],"about":[{"href":"https:\/\/www.hediyepazar.com\/index.php?rest_route=\/wp\/v2\/types\/product"}],"replies":[{"embeddable":true,"href":"https:\/\/www.hediyepazar.com\/index.php?rest_route=%2Fwp%2Fv2%2Fcomments&post=115260"}],"wp:featuredmedia":[{"embeddable":true,"href":"https:\/\/www.hediyepazar.com\/index.php?rest_route=\/wp\/v2\/media\/115259"}],"wp:attachment":[{"href":"https:\/\/www.hediyepazar.com\/index.php?rest_route=%2Fwp%2Fv2%2Fmedia&parent=115260"}],"wp:term":[{"taxonomy":"product_brand","embeddable":true,"href":"https:\/\/www.hediyepazar.com\/index.php?rest_route=%2Fwp%2Fv2%2Fproduct_brand&post=115260"},{"taxonomy":"product_cat","embeddable":true,"href":"https:\/\/www.hediyepazar.com\/index.php?rest_route=%2Fwp%2Fv2%2Fproduct_cat&post=115260"},{"taxonomy":"product_tag","embeddable":true,"href":"https:\/\/www.hediyepazar.com\/index.php?rest_route=%2Fwp%2Fv2%2Fproduct_tag&post=115260"}],"curies":[{"name":"wp","href":"https:\/\/api.w.org\/{rel}","templated":true}]}}