{"id":115264,"date":"2026-05-05T14:36:07","date_gmt":"2026-05-05T17:36:07","guid":{"rendered":"https:\/\/www.hediyepazar.com\/?product=mini-bluetooth-ses-adaptoru-hoparlor-arac-radyosu-ve-kulaklik-icin"},"modified":"2026-05-05T14:36:07","modified_gmt":"2026-05-05T17:36:07","slug":"mini-bluetooth-ses-adaptoru-hoparlor-arac-radyosu-ve-kulaklik-icin","status":"publish","type":"product","link":"https:\/\/www.hediyepazar.com\/?product=mini-bluetooth-ses-adaptoru-hoparlor-arac-radyosu-ve-kulaklik-icin","title":{"rendered":"Mini Bluetooth Ses Adapt\u00f6r\u00fc \u2013 Hoparl\u00f6r Ara\u00e7 Radyosu ve Kulakl\u0131k \u0130\u00e7in"},"content":{"rendered":"<p>Bluetooth 4.1 teknolojisi ile donat\u0131lm\u0131\u015f olan bu ses al\u0131c\u0131s\u0131, kablolu cihazlar\u0131n\u0131za yepyeni bir \u00f6zellik kazand\u0131r\u0131r. Eski tip hoparl\u00f6rlerinizi, kulakl\u0131klar\u0131n\u0131z\u0131 veya ara\u00e7 radyonuzu saniyeler i\u00e7inde Bluetooth destekli hale getirir. 10 metreye kadar kesintisiz ba\u011flant\u0131 mesafesi ile hareket \u00f6zg\u00fcrl\u00fc\u011f\u00fc sa\u011flar.\u00d6rne\u011fin, evinizde kablolu hoparl\u00f6r\u00fcn\u00fcz var ama telefonunuzdan kablosuz m\u00fczik dinlemek istiyorsunuz. Tek yapman\u0131z gereken al\u0131c\u0131y\u0131 hoparl\u00f6re takmak ve telefonunuzu e\u015fle\u015ftirmek. Art\u0131k hi\u00e7bir kabloya ihtiya\u00e7 duymadan istedi\u011finiz m\u00fczi\u011fi dinleyebilirsiniz. Ta\u015f\u0131nabilirli\u011fi, kolay kurulumu ve y\u00fcksek uyumlulu\u011fu ile her kullan\u0131c\u0131ya hitap eder. Bu k\u00fc\u00e7\u00fck cihaz, b\u00fcy\u00fck bir konfor sa\u011flar.<\/p>\n","protected":false},"excerpt":{"rendered":"<p>Bluetooth 4.1 teknolojisi ile donat\u0131lm\u0131\u015f olan bu ses al\u0131c\u0131s\u0131, kablolu cihazlar\u0131n\u0131za yepyeni bir \u00f6zellik kazand\u0131r\u0131r. Eski tip hoparl\u00f6rlerinizi, kulakl\u0131klar\u0131n\u0131z\u0131 veya ara\u00e7 radyonuzu saniyeler i\u00e7inde Bluetooth destekli hale getirir. 10 metreye kadar kesintisiz ba\u011flant\u0131 mesafesi ile hareket \u00f6zg\u00fcrl\u00fc\u011f\u00fc sa\u011flar.\u00d6rne\u011fin, evinizde kablolu hoparl\u00f6r\u00fcn\u00fcz var ama telefonunuzdan kablosuz m\u00fczik dinlemek istiyorsunuz. Tek yapman\u0131z gereken al\u0131c\u0131y\u0131 hoparl\u00f6re takmak ve&#8230;<\/p>\n","protected":false},"featured_media":115263,"comment_status":"open","ping_status":"closed","template":"","meta":{"_kad_post_transparent":"","_kad_post_title":"","_kad_post_layout":"","_kad_post_sidebar_id":"","_kad_post_content_style":"","_kad_post_vertical_padding":"","_kad_post_feature":"","_kad_post_feature_position":"","_kad_post_header":false,"_kad_post_footer":false,"_kad_post_classname":""},"product_brand":[],"product_cat":[15020],"product_tag":[],"class_list":{"0":"post-115264","1":"product","2":"type-product","3":"status-publish","4":"has-post-thumbnail","6":"product_cat-bluetooth-arac-kiti-bluetooth-arac-kiti","8":"first","9":"instock","10":"purchasable","11":"product-type-simple","12":"entry","13":"content-bg","14":"loop-entry"},"_links":{"self":[{"href":"https:\/\/www.hediyepazar.com\/index.php?rest_route=\/wp\/v2\/product\/115264","targetHints":{"allow":["GET"]}}],"collection":[{"href":"https:\/\/www.hediyepazar.com\/index.php?rest_route=\/wp\/v2\/product"}],"about":[{"href":"https:\/\/www.hediyepazar.com\/index.php?rest_route=\/wp\/v2\/types\/product"}],"replies":[{"embeddable":true,"href":"https:\/\/www.hediyepazar.com\/index.php?rest_route=%2Fwp%2Fv2%2Fcomments&post=115264"}],"wp:featuredmedia":[{"embeddable":true,"href":"https:\/\/www.hediyepazar.com\/index.php?rest_route=\/wp\/v2\/media\/115263"}],"wp:attachment":[{"href":"https:\/\/www.hediyepazar.com\/index.php?rest_route=%2Fwp%2Fv2%2Fmedia&parent=115264"}],"wp:term":[{"taxonomy":"product_brand","embeddable":true,"href":"https:\/\/www.hediyepazar.com\/index.php?rest_route=%2Fwp%2Fv2%2Fproduct_brand&post=115264"},{"taxonomy":"product_cat","embeddable":true,"href":"https:\/\/www.hediyepazar.com\/index.php?rest_route=%2Fwp%2Fv2%2Fproduct_cat&post=115264"},{"taxonomy":"product_tag","embeddable":true,"href":"https:\/\/www.hediyepazar.com\/index.php?rest_route=%2Fwp%2Fv2%2Fproduct_tag&post=115264"}],"curies":[{"name":"wp","href":"https:\/\/api.w.org\/{rel}","templated":true}]}}