{"id":115266,"date":"2026-05-05T14:36:12","date_gmt":"2026-05-05T17:36:12","guid":{"rendered":"https:\/\/www.hediyepazar.com\/?product=bluetooth-4-1-ses-alicisi-kablolu-cihazlari-kablosuz-hale-getirin"},"modified":"2026-05-05T14:36:12","modified_gmt":"2026-05-05T17:36:12","slug":"bluetooth-4-1-ses-alicisi-kablolu-cihazlari-kablosuz-hale-getirin","status":"publish","type":"product","link":"https:\/\/www.hediyepazar.com\/?product=bluetooth-4-1-ses-alicisi-kablolu-cihazlari-kablosuz-hale-getirin","title":{"rendered":"Bluetooth 4.1 Ses Al\u0131c\u0131s\u0131 \u2013 Kablolu Cihazlar\u0131 Kablosuz Hale Getirin"},"content":{"rendered":"<p>Teknolojinin h\u0131zla geli\u015fti\u011fi bu d\u00f6nemde eski tip hoparl\u00f6rler, kulakl\u0131klar ya da ara\u00e7 radyolar\u0131 \u00e7o\u011fu zaman bir kenara at\u0131l\u0131yor. Ancak Bluetooth 4.1 Ses Al\u0131c\u0131s\u0131 sayesinde eski cihazlar\u0131n\u0131za yeniden hayat verebilirsiniz. 3.5mm jak giri\u015fine sahip t\u00fcm ses cihazlar\u0131n\u0131 bu al\u0131c\u0131ya ba\u011flayarak, saniyeler i\u00e7inde kablosuz hale getirebilirsiniz. Geli\u015fmi\u015f A2DP profili, y\u00fcksek kaliteli ses iletimi sa\u011flar. Bu sayede kablolar\u0131n kar\u0131\u015f\u0131kl\u0131\u011f\u0131ndan kurtulur, m\u00fczi\u011fi \u00f6zg\u00fcrce dinlemenin keyfini \u00e7\u0131kar\u0131rs\u0131n\u0131z.\u00dcstelik cihaz yaln\u0131zca 30 dakikada \u015farj olur ve tek \u015farjla 4 saate kadar kesintisiz kullan\u0131m sunar. Kompakt boyutu (1.4 x 1.5 x 5.8 cm) sayesinde cebinizde ya da \u00e7antan\u0131zda kolayca ta\u015f\u0131yabilirsiniz. Arac\u0131n\u0131zda, evinizde ya da ofisinizde m\u00fczik keyfini en konforlu \u015fekilde ya\u015famak i\u00e7in m\u00fckemmel bir \u00e7\u00f6z\u00fcmd\u00fcr.<\/p>\n","protected":false},"excerpt":{"rendered":"<p>Teknolojinin h\u0131zla geli\u015fti\u011fi bu d\u00f6nemde eski tip hoparl\u00f6rler, kulakl\u0131klar ya da ara\u00e7 radyolar\u0131 \u00e7o\u011fu zaman bir kenara at\u0131l\u0131yor. Ancak Bluetooth 4.1 Ses Al\u0131c\u0131s\u0131 sayesinde eski cihazlar\u0131n\u0131za yeniden hayat verebilirsiniz. 3.5mm jak giri\u015fine sahip t\u00fcm ses cihazlar\u0131n\u0131 bu al\u0131c\u0131ya ba\u011flayarak, saniyeler i\u00e7inde kablosuz hale getirebilirsiniz. Geli\u015fmi\u015f A2DP profili, y\u00fcksek kaliteli ses iletimi sa\u011flar. Bu sayede kablolar\u0131n&#8230;<\/p>\n","protected":false},"featured_media":115265,"comment_status":"open","ping_status":"closed","template":"","meta":{"_kad_post_transparent":"","_kad_post_title":"","_kad_post_layout":"","_kad_post_sidebar_id":"","_kad_post_content_style":"","_kad_post_vertical_padding":"","_kad_post_feature":"","_kad_post_feature_position":"","_kad_post_header":false,"_kad_post_footer":false,"_kad_post_classname":""},"product_brand":[],"product_cat":[15020],"product_tag":[],"class_list":{"0":"post-115266","1":"product","2":"type-product","3":"status-publish","4":"has-post-thumbnail","6":"product_cat-bluetooth-arac-kiti-bluetooth-arac-kiti","8":"first","9":"instock","10":"purchasable","11":"product-type-simple","12":"entry","13":"content-bg","14":"loop-entry"},"_links":{"self":[{"href":"https:\/\/www.hediyepazar.com\/index.php?rest_route=\/wp\/v2\/product\/115266","targetHints":{"allow":["GET"]}}],"collection":[{"href":"https:\/\/www.hediyepazar.com\/index.php?rest_route=\/wp\/v2\/product"}],"about":[{"href":"https:\/\/www.hediyepazar.com\/index.php?rest_route=\/wp\/v2\/types\/product"}],"replies":[{"embeddable":true,"href":"https:\/\/www.hediyepazar.com\/index.php?rest_route=%2Fwp%2Fv2%2Fcomments&post=115266"}],"wp:featuredmedia":[{"embeddable":true,"href":"https:\/\/www.hediyepazar.com\/index.php?rest_route=\/wp\/v2\/media\/115265"}],"wp:attachment":[{"href":"https:\/\/www.hediyepazar.com\/index.php?rest_route=%2Fwp%2Fv2%2Fmedia&parent=115266"}],"wp:term":[{"taxonomy":"product_brand","embeddable":true,"href":"https:\/\/www.hediyepazar.com\/index.php?rest_route=%2Fwp%2Fv2%2Fproduct_brand&post=115266"},{"taxonomy":"product_cat","embeddable":true,"href":"https:\/\/www.hediyepazar.com\/index.php?rest_route=%2Fwp%2Fv2%2Fproduct_cat&post=115266"},{"taxonomy":"product_tag","embeddable":true,"href":"https:\/\/www.hediyepazar.com\/index.php?rest_route=%2Fwp%2Fv2%2Fproduct_tag&post=115266"}],"curies":[{"name":"wp","href":"https:\/\/api.w.org\/{rel}","templated":true}]}}