{"id":115268,"date":"2026-05-05T14:36:17","date_gmt":"2026-05-05T17:36:17","guid":{"rendered":"https:\/\/www.hediyepazar.com\/?product=ev-ve-ofis-icin-sessiz-ultrasonik-hava-nemlendirici"},"modified":"2026-05-05T14:36:17","modified_gmt":"2026-05-05T17:36:17","slug":"ev-ve-ofis-icin-sessiz-ultrasonik-hava-nemlendirici","status":"publish","type":"product","link":"https:\/\/www.hediyepazar.com\/?product=ev-ve-ofis-icin-sessiz-ultrasonik-hava-nemlendirici","title":{"rendered":"Ev ve Ofis \u0130\u00e7in Sessiz Ultrasonik Hava Nemlendirici"},"content":{"rendered":"<p>550ML Ultrasonik Hava Nemlendirici, g\u00fcnl\u00fck ya\u015fam\u0131n\u0131z\u0131 kolayla\u015ft\u0131rmak i\u00e7in geli\u015ftirilmi\u015f \u00e7ok y\u00f6nl\u00fc bir cihazd\u0131r. Geni\u015f haznesi sayesinde uzun s\u00fcre kesintisiz \u00e7al\u0131\u015f\u0131r ve ortamdaki nem seviyesini dengeler. 7 renkli LED \u0131\u015f\u0131k \u00f6zelli\u011fi, odan\u0131za estetik bir g\u00f6r\u00fcn\u00fcm katarken lo\u015f ve parlak se\u00e7enekleriyle farkl\u0131 atmosferler yarat\u0131r.Zamanlay\u0131c\u0131 fonksiyonu sayesinde cihaz\u0131n \u00e7al\u0131\u015fma s\u00fcresini kontrol edebilir, otomatik kapanma \u00f6zelli\u011fi ile g\u00fcvenli kullan\u0131ma sahip olabilirsiniz. Sessiz \u00e7al\u0131\u015fmas\u0131, uyurken ya da \u00e7al\u0131\u015f\u0131rken rahats\u0131z etmez. Aromaterapi deste\u011fi ile ortama ho\u015f kokular yayarak ruh halinizi iyile\u015ftirir. Ev, ofis ve \u00e7ocuk odalar\u0131 i\u00e7in m\u00fckemmel bir tercihtir.<\/p>\n","protected":false},"excerpt":{"rendered":"<p>550ML Ultrasonik Hava Nemlendirici, g\u00fcnl\u00fck ya\u015fam\u0131n\u0131z\u0131 kolayla\u015ft\u0131rmak i\u00e7in geli\u015ftirilmi\u015f \u00e7ok y\u00f6nl\u00fc bir cihazd\u0131r. Geni\u015f haznesi sayesinde uzun s\u00fcre kesintisiz \u00e7al\u0131\u015f\u0131r ve ortamdaki nem seviyesini dengeler. 7 renkli LED \u0131\u015f\u0131k \u00f6zelli\u011fi, odan\u0131za estetik bir g\u00f6r\u00fcn\u00fcm katarken lo\u015f ve parlak se\u00e7enekleriyle farkl\u0131 atmosferler yarat\u0131r.Zamanlay\u0131c\u0131 fonksiyonu sayesinde cihaz\u0131n \u00e7al\u0131\u015fma s\u00fcresini kontrol edebilir, otomatik kapanma \u00f6zelli\u011fi ile g\u00fcvenli kullan\u0131ma&#8230;<\/p>\n","protected":false},"featured_media":115267,"comment_status":"open","ping_status":"closed","template":"","meta":{"_kad_post_transparent":"","_kad_post_title":"","_kad_post_layout":"","_kad_post_sidebar_id":"","_kad_post_content_style":"","_kad_post_vertical_padding":"","_kad_post_feature":"","_kad_post_feature_position":"","_kad_post_header":false,"_kad_post_footer":false,"_kad_post_classname":""},"product_brand":[],"product_cat":[14965],"product_tag":[],"class_list":{"0":"post-115268","1":"product","2":"type-product","3":"status-publish","4":"has-post-thumbnail","6":"product_cat-hava-nemlendirici-hava-nemlendirici","8":"first","9":"instock","10":"purchasable","11":"product-type-simple","12":"entry","13":"content-bg","14":"loop-entry"},"_links":{"self":[{"href":"https:\/\/www.hediyepazar.com\/index.php?rest_route=\/wp\/v2\/product\/115268","targetHints":{"allow":["GET"]}}],"collection":[{"href":"https:\/\/www.hediyepazar.com\/index.php?rest_route=\/wp\/v2\/product"}],"about":[{"href":"https:\/\/www.hediyepazar.com\/index.php?rest_route=\/wp\/v2\/types\/product"}],"replies":[{"embeddable":true,"href":"https:\/\/www.hediyepazar.com\/index.php?rest_route=%2Fwp%2Fv2%2Fcomments&post=115268"}],"wp:featuredmedia":[{"embeddable":true,"href":"https:\/\/www.hediyepazar.com\/index.php?rest_route=\/wp\/v2\/media\/115267"}],"wp:attachment":[{"href":"https:\/\/www.hediyepazar.com\/index.php?rest_route=%2Fwp%2Fv2%2Fmedia&parent=115268"}],"wp:term":[{"taxonomy":"product_brand","embeddable":true,"href":"https:\/\/www.hediyepazar.com\/index.php?rest_route=%2Fwp%2Fv2%2Fproduct_brand&post=115268"},{"taxonomy":"product_cat","embeddable":true,"href":"https:\/\/www.hediyepazar.com\/index.php?rest_route=%2Fwp%2Fv2%2Fproduct_cat&post=115268"},{"taxonomy":"product_tag","embeddable":true,"href":"https:\/\/www.hediyepazar.com\/index.php?rest_route=%2Fwp%2Fv2%2Fproduct_tag&post=115268"}],"curies":[{"name":"wp","href":"https:\/\/api.w.org\/{rel}","templated":true}]}}