{"id":115272,"date":"2026-05-05T14:37:57","date_gmt":"2026-05-05T17:37:57","guid":{"rendered":"https:\/\/www.hediyepazar.com\/?product=zaman-ayarli-ve-otomatik-kapanma-ozellikli-buhar-makinesi"},"modified":"2026-05-05T14:37:57","modified_gmt":"2026-05-05T17:37:57","slug":"zaman-ayarli-ve-otomatik-kapanma-ozellikli-buhar-makinesi","status":"publish","type":"product","link":"https:\/\/www.hediyepazar.com\/?product=zaman-ayarli-ve-otomatik-kapanma-ozellikli-buhar-makinesi","title":{"rendered":"Zaman Ayarl\u0131 ve Otomatik Kapanma \u00d6zellikli Buhar Makinesi"},"content":{"rendered":"<p>550ML Ultrasonik Hava Nemlendirici, evinizin havas\u0131n\u0131 nemlendirerek daha sa\u011fl\u0131kl\u0131 ve ferah bir ortam yarat\u0131r. Kuru havan\u0131n sebep oldu\u011fu cilt kurulu\u011fu, bo\u011faz tahri\u015fi ve burun t\u0131kan\u0131kl\u0131\u011f\u0131n\u0131 \u00f6nlemeye yard\u0131mc\u0131 olur. Ultrasonik so\u011fuk buhar teknolojisi, suyu ince partik\u00fcller halinde da\u011f\u0131tarak havaya zarar vermeden nem kazand\u0131r\u0131r.Dif\u00fcz\u00f6r \u00f6zelli\u011fi sayesinde u\u00e7ucu ya\u011flar ile kullan\u0131ld\u0131\u011f\u0131nda stres giderici, rahatlat\u0131c\u0131 ve enerji verici etkiler olu\u015fturabilir. 7 renkli LED \u0131\u015f\u0131klar\u0131 ile hem g\u00f6rsel bir ambiyans yarat\u0131r hem de gece lambas\u0131 olarak kullan\u0131labilir. Sessiz \u00e7al\u0131\u015fmas\u0131 ve zaman ayarl\u0131 fonksiyonlar\u0131 ile g\u00fcn boyu veya gece boyunca g\u00f6n\u00fcl rahatl\u0131\u011f\u0131yla \u00e7al\u0131\u015ft\u0131rabilirsiniz.<\/p>\n","protected":false},"excerpt":{"rendered":"<p>550ML Ultrasonik Hava Nemlendirici, evinizin havas\u0131n\u0131 nemlendirerek daha sa\u011fl\u0131kl\u0131 ve ferah bir ortam yarat\u0131r. Kuru havan\u0131n sebep oldu\u011fu cilt kurulu\u011fu, bo\u011faz tahri\u015fi ve burun t\u0131kan\u0131kl\u0131\u011f\u0131n\u0131 \u00f6nlemeye yard\u0131mc\u0131 olur. Ultrasonik so\u011fuk buhar teknolojisi, suyu ince partik\u00fcller halinde da\u011f\u0131tarak havaya zarar vermeden nem kazand\u0131r\u0131r.Dif\u00fcz\u00f6r \u00f6zelli\u011fi sayesinde u\u00e7ucu ya\u011flar ile kullan\u0131ld\u0131\u011f\u0131nda stres giderici, rahatlat\u0131c\u0131 ve enerji verici etkiler&#8230;<\/p>\n","protected":false},"featured_media":115271,"comment_status":"open","ping_status":"closed","template":"","meta":{"_kad_post_transparent":"","_kad_post_title":"","_kad_post_layout":"","_kad_post_sidebar_id":"","_kad_post_content_style":"","_kad_post_vertical_padding":"","_kad_post_feature":"","_kad_post_feature_position":"","_kad_post_header":false,"_kad_post_footer":false,"_kad_post_classname":""},"product_brand":[],"product_cat":[14965],"product_tag":[],"class_list":{"0":"post-115272","1":"product","2":"type-product","3":"status-publish","4":"has-post-thumbnail","6":"product_cat-hava-nemlendirici-hava-nemlendirici","8":"first","9":"instock","10":"purchasable","11":"product-type-simple","12":"entry","13":"content-bg","14":"loop-entry"},"_links":{"self":[{"href":"https:\/\/www.hediyepazar.com\/index.php?rest_route=\/wp\/v2\/product\/115272","targetHints":{"allow":["GET"]}}],"collection":[{"href":"https:\/\/www.hediyepazar.com\/index.php?rest_route=\/wp\/v2\/product"}],"about":[{"href":"https:\/\/www.hediyepazar.com\/index.php?rest_route=\/wp\/v2\/types\/product"}],"replies":[{"embeddable":true,"href":"https:\/\/www.hediyepazar.com\/index.php?rest_route=%2Fwp%2Fv2%2Fcomments&post=115272"}],"wp:featuredmedia":[{"embeddable":true,"href":"https:\/\/www.hediyepazar.com\/index.php?rest_route=\/wp\/v2\/media\/115271"}],"wp:attachment":[{"href":"https:\/\/www.hediyepazar.com\/index.php?rest_route=%2Fwp%2Fv2%2Fmedia&parent=115272"}],"wp:term":[{"taxonomy":"product_brand","embeddable":true,"href":"https:\/\/www.hediyepazar.com\/index.php?rest_route=%2Fwp%2Fv2%2Fproduct_brand&post=115272"},{"taxonomy":"product_cat","embeddable":true,"href":"https:\/\/www.hediyepazar.com\/index.php?rest_route=%2Fwp%2Fv2%2Fproduct_cat&post=115272"},{"taxonomy":"product_tag","embeddable":true,"href":"https:\/\/www.hediyepazar.com\/index.php?rest_route=%2Fwp%2Fv2%2Fproduct_tag&post=115272"}],"curies":[{"name":"wp","href":"https:\/\/api.w.org\/{rel}","templated":true}]}}